{"id":3512,"date":"2024-06-18T14:49:02","date_gmt":"2024-06-18T12:49:02","guid":{"rendered":"https:\/\/petraenergia.pl\/offre\/"},"modified":"2024-06-18T14:49:05","modified_gmt":"2024-06-18T12:49:05","slug":"offre","status":"publish","type":"page","link":"https:\/\/petraenergia.pl\/fr\/offre\/","title":{"rendered":"Offre"},"content":{"rendered":"\n<h3 class=\"wp-block-heading\">Les installations utilisant des sources d&rsquo;\u00e9nergie renouvelables constituent la base de notre activit\u00e9.  <\/h3>\n\n<p>Il s&rsquo;agit principalement de<\/p>\n\n<ul class=\"wp-block-list\">\n<li>lampes solaires  <\/li>\n\n\n\n<li>lanternes hybrides<\/li>\n\n\n\n<li>surveillance solaire CCTV<\/li>\n\n\n\n<li>installations photovolta\u00efques hors r\u00e9seau  <\/li>\n\n\n\n<li>installations de stockage d&rsquo;\u00e9nergie  <\/li>\n<\/ul>\n\n<h2 class=\"wp-block-heading\">Nos solutions conviennent \u00e0 tous les endroits o\u00f9 la fourniture d&rsquo;\u00e9lectricit\u00e9 n&rsquo;est pas rentable.<\/h2>\n\n<p>En tirant parti de ces solutions, vous pouvez r\u00e9aliser d&rsquo;importantes \u00e9conomies d&rsquo;\u00e9nergie et \u00e9clairer de mani\u00e8re impressionnante divers endroits, notamment :<\/p>\n\n<ul class=\"wp-block-list\">\n<li>les trottoirs et les promenades,<\/li>\n\n\n\n<li>les intersections et les passages pour pi\u00e9tons,<\/li>\n\n\n\n<li>des parcs, des places, des terrains de jeux,<\/li>\n\n\n\n<li>s&rsquo;arr\u00eate,<\/li>\n\n\n\n<li>les installations commerciales et industrielles,<\/li>\n\n\n\n<li>de nombreux autres lieux.<\/li>\n<\/ul>\n\n<h2 class=\"wp-block-heading\">Toutes les lanternes solaires et hybrides disponibles dans notre offre sont autonomes et adapt\u00e9es aux conditions de notre pays.<\/h2>\n\n<p>Toutes les <a href=\"https:\/\/petraenergia.pl\/lampy-solarne-parametry-techniczne\/\" title=\"\">lanternes solaires<\/a> et hybrides de notre gamme sont autonomes et adapt\u00e9es aux conditions de notre pays, et peuvent fonctionner pendant plusieurs jours en cas de conditions m\u00e9t\u00e9orologiques d\u00e9favorables et jusqu&rsquo;\u00e0 16 heures par jour. Ils ne n\u00e9cessitent pas de raccordement au r\u00e9seau \u00e9lectrique, car ils fonctionnent sur la base de sources d&rsquo;\u00e9nergie renouvelables et ne g\u00e9n\u00e8rent donc pas de co\u00fbts de consommation d&rsquo;\u00e9nergie. En outre, ils sont tr\u00e8s simples et rapides \u00e0 installer car ils ne n\u00e9cessitent pas de travaux de terrassement ou de raccordement de c\u00e2bles, et ils fournissent un \u00e9clairage de haute qualit\u00e9 gr\u00e2ce \u00e0 l&rsquo;utilisation de la <a href=\"https:\/\/ep.com.pl\/led\" title=\"\">technologie LED<\/a> dans leur construction.<\/p>\n","protected":false},"excerpt":{"rendered":"<p>Les installations utilisant des sources d&rsquo;\u00e9nergie renouvelables constituent la base de notre activit\u00e9&#8230;.<\/p>\n","protected":false},"author":1,"featured_media":0,"parent":0,"menu_order":0,"comment_status":"closed","ping_status":"closed","template":"","meta":{"_acf_changed":false,"footnotes":""},"class_list":["post-3512","page","type-page","status-publish","hentry"],"acf":[],"aioseo_notices":[],"_links":{"self":[{"href":"https:\/\/petraenergia.pl\/fr\/wp-json\/wp\/v2\/pages\/3512","targetHints":{"allow":["GET"]}}],"collection":[{"href":"https:\/\/petraenergia.pl\/fr\/wp-json\/wp\/v2\/pages"}],"about":[{"href":"https:\/\/petraenergia.pl\/fr\/wp-json\/wp\/v2\/types\/page"}],"author":[{"embeddable":true,"href":"https:\/\/petraenergia.pl\/fr\/wp-json\/wp\/v2\/users\/1"}],"replies":[{"embeddable":true,"href":"https:\/\/petraenergia.pl\/fr\/wp-json\/wp\/v2\/comments?post=3512"}],"version-history":[{"count":1,"href":"https:\/\/petraenergia.pl\/fr\/wp-json\/wp\/v2\/pages\/3512\/revisions"}],"predecessor-version":[{"id":3513,"href":"https:\/\/petraenergia.pl\/fr\/wp-json\/wp\/v2\/pages\/3512\/revisions\/3513"}],"wp:attachment":[{"href":"https:\/\/petraenergia.pl\/fr\/wp-json\/wp\/v2\/media?parent=3512"}],"curies":[{"name":"wp","href":"https:\/\/api.w.org\/{rel}","templated":true}]}}