{"id":3567,"date":"2024-06-28T00:29:43","date_gmt":"2024-06-27T22:29:43","guid":{"rendered":"https:\/\/petraenergia.pl\/offre\/lanternes-solaires\/"},"modified":"2024-08-10T20:09:21","modified_gmt":"2024-08-10T18:09:21","slug":"lanternes-solaires","status":"publish","type":"page","link":"https:\/\/petraenergia.pl\/fr\/offre\/lanternes-solaires\/","title":{"rendered":"Lanternes solaires"},"content":{"rendered":"\n<div class=\"wp-block-media-text alignwide is-stacked-on-mobile is-image-fill\"><figure class=\"wp-block-media-text__media\" style=\"background-image:url(https:\/\/petraenergia.pl\/wp-content\/uploads\/2021\/05\/petraenergia-lampy-zintegrowane-vs-tradycyjne-img-20160610-170452293-900x1600.jpg);background-position:50% 50%\"><img decoding=\"async\" width=\"900\" height=\"1600\" src=\"https:\/\/petraenergia.pl\/wp-content\/uploads\/2021\/05\/petraenergia-lampy-zintegrowane-vs-tradycyjne-img-20160610-170452293-900x1600.jpg\" alt=\"\" class=\"wp-image-1081 size-full\" srcset=\"https:\/\/petraenergia.pl\/wp-content\/uploads\/2021\/05\/petraenergia-lampy-zintegrowane-vs-tradycyjne-img-20160610-170452293-900x1600.jpg 900w, https:\/\/petraenergia.pl\/wp-content\/uploads\/2021\/05\/petraenergia-lampy-zintegrowane-vs-tradycyjne-img-20160610-170452293-576x1024.jpg 576w, https:\/\/petraenergia.pl\/wp-content\/uploads\/2021\/05\/petraenergia-lampy-zintegrowane-vs-tradycyjne-img-20160610-170452293-768x1365.jpg 768w, https:\/\/petraenergia.pl\/wp-content\/uploads\/2021\/05\/petraenergia-lampy-zintegrowane-vs-tradycyjne-img-20160610-170452293-864x1536.jpg 864w, https:\/\/petraenergia.pl\/wp-content\/uploads\/2021\/05\/petraenergia-lampy-zintegrowane-vs-tradycyjne-img-20160610-170452293-1152x2048.jpg 1152w, https:\/\/petraenergia.pl\/wp-content\/uploads\/2021\/05\/petraenergia-lampy-zintegrowane-vs-tradycyjne-img-20160610-170452293-scaled.jpg 1440w\" sizes=\"(max-width: 900px) 100vw, 900px\" \/><\/figure><div class=\"wp-block-media-text__content\">\n<p>Les lanternes solaires (lampadaires solaires) constituent le c\u0153ur de notre activit\u00e9. C&rsquo;est une bonne solution pour :<\/p>\n\n\n\n<ul class=\"wp-block-list\">\n<li>l&rsquo;\u00e9clairage public<\/li>\n\n\n\n<li>parkings<\/li>\n\n\n\n<li>terrains de jeux<\/li>\n\n\n\n<li>sentiers  <\/li>\n\n\n\n<li>pistes cyclables  <\/li>\n<\/ul>\n\n\n\n<p>Les lampes que nous proposons sont autonomes, aliment\u00e9es par leur propre stockage d&rsquo;\u00e9nergie et des modules photovolta\u00efques \u00e0 haut rendement int\u00e9gr\u00e9s dans le m\u00e2t de la lanterne. Ils peuvent \u00e9galement s&rsquo;interfacer avec le r\u00e9seau \u00e9lectrique. Dans cette option, elle peut fonctionner comme lanterne super-\u00e9conomique et comme \u00e9clairage de secours en cas de coupure de courant.<\/p>\n<\/div><\/div>\n\n<h2 class=\"wp-block-heading\">Comment fonctionne la lampe solaire ?<\/h2>\n\n<div class=\"wp-block-media-text alignwide has-media-on-the-right is-stacked-on-mobile\"><div class=\"wp-block-media-text__content\">\n<p>La lampe solaire utilise le processus de capture de l&rsquo;\u00e9nergie solaire et la convertit en \u00e9lectricit\u00e9, qu&rsquo;elle stocke ensuite dans des batteries. La nuit, ce processus est invers\u00e9 et l&rsquo;\u00e9lectricit\u00e9 stock\u00e9e dans les batteries alimente le luminaire \u00e0 LED.  <\/p>\n\n\n\n<p>La lanterne solaire se compose d&rsquo;un module photovolta\u00efque (PV) orient\u00e9 vers le sud, d&rsquo;un luminaire \u00e0 LED sur une perche et de batteries au gel plac\u00e9es dans des bo\u00eetiers herm\u00e9tiques dans le sol. Dans certains endroits, des solutions de batteries lithium-ion sont \u00e9galement utilis\u00e9es, mont\u00e9es dans le lampadaire.<\/p>\n<\/div><figure class=\"wp-block-media-text__media\"><img decoding=\"async\" width=\"601\" height=\"807\" src=\"https:\/\/petraenergia.pl\/wp-content\/uploads\/2021\/05\/petraenergia-latarnie-solarne-zasada-ladowania-latarni-solarnej.jpg\" alt=\"\" class=\"wp-image-1107 size-full\"\/><\/figure><\/div>\n\n<div class=\"wp-block-buttons is-layout-flex wp-block-buttons-is-layout-flex\">\n<div class=\"wp-block-button\"><a class=\"wp-block-button__link wp-element-button\" href=\"https:\/\/mojaenergia24.pl\/petraenergia.sklep.latarnie.solarne\" target=\"_blank\" rel=\"noreferrer noopener\">Voir nos produits<\/a><\/div>\n<\/div>\n\n<div class=\"wp-block-columns is-layout-flex wp-container-core-columns-is-layout-9d6595d7 wp-block-columns-is-layout-flex\">\n<div class=\"wp-block-column is-layout-flow wp-block-column-is-layout-flow\">\n<p>Ces derni\u00e8res ann\u00e9es, les syst\u00e8mes solaires thermiques sont devenus de plus en plus courants, ce qui n&rsquo;est pas \u00e9tonnant. Gr\u00e2ce aux progr\u00e8s technologiques, \u00e0 des composants plus durables, \u00e0 de meilleures garanties, \u00e0 une plus grande efficacit\u00e9 et \u00e0 des prix plus bas, la solution de la lampe solaire devient de plus en plus populaire.<\/p>\n<\/div>\n\n\n\n<div class=\"wp-block-column is-layout-flow wp-block-column-is-layout-flow\">\n<figure class=\"wp-block-image size-large\"><img decoding=\"async\" width=\"1600\" height=\"900\" src=\"https:\/\/petraenergia.pl\/wp-content\/uploads\/2021\/07\/petraenergia-leczyca-l-024-1600x900.jpg\" alt=\"\" class=\"wp-image-1528\" srcset=\"https:\/\/petraenergia.pl\/wp-content\/uploads\/2021\/07\/petraenergia-leczyca-l-024-1600x900.jpg 1600w, https:\/\/petraenergia.pl\/wp-content\/uploads\/2021\/07\/petraenergia-leczyca-l-024-1024x576.jpg 1024w, https:\/\/petraenergia.pl\/wp-content\/uploads\/2021\/07\/petraenergia-leczyca-l-024-768x432.jpg 768w, https:\/\/petraenergia.pl\/wp-content\/uploads\/2021\/07\/petraenergia-leczyca-l-024-1536x864.jpg 1536w, https:\/\/petraenergia.pl\/wp-content\/uploads\/2021\/07\/petraenergia-leczyca-l-024-2048x1152.jpg 2048w\" sizes=\"(max-width: 1600px) 100vw, 1600px\" \/><\/figure>\n<\/div>\n<\/div>\n\n<p>Il convient de noter que cette tendance croissante ne s&rsquo;applique pas seulement \u00e0 des produits tels que les lampes solaires de jardin, qui sont sur le march\u00e9 depuis de nombreuses ann\u00e9es, mais aussi \u00e0 des installations plus professionnelles telles que les lanternes solaires utilis\u00e9es pour \u00e9clairer les trottoirs ou les parcs urbains. Une lampe solaire pour \u00e9clairer, par exemple, les passages pour pi\u00e9tons sur les routes n&rsquo;est pas non plus une nouveaut\u00e9. En bref, le monde entier s&rsquo;oriente de plus en plus vers les technologies vertes, et tous les syst\u00e8mes qui peuvent utiliser de l&rsquo;\u00e9nergie propre deviendront de plus en plus populaires chaque ann\u00e9e.<\/p>\n\n<h2 class=\"wp-block-heading\">Qu&rsquo;est-ce qu&rsquo;une lampe solaire et comment fonctionne-t-elle ?<\/h2>\n\n<p>La lampe solaire est avant tout un moyen d&rsquo;\u00e9clairer pratiquement tout ce que l&rsquo;on veut, sans co\u00fbt d&rsquo;\u00e9lectricit\u00e9 et, surtout, sans installation \u00e9lectrique et tout le travail qui en d\u00e9coule. C&rsquo;est ce deuxi\u00e8me point qui constitue la raison la plus courante de l&rsquo;utilisation des lanternes solaires dans le monde. Si vous ajoutez l&rsquo;\u00e9cologie au m\u00e9lange, la solution de la lampe solaire est presque imbattable.<\/p>\n\n<p>Qu&rsquo;est-ce qu&rsquo;une lampe solaire et comment fonctionne-t-elle ? Il s&rsquo;agit en fait d&rsquo;une lampe ou d&rsquo;une lanterne traditionnelle \u00e9quip\u00e9e d&rsquo;un syst\u00e8me de panneaux solaires qui lui fournit de l&rsquo;\u00e9nergie de mani\u00e8re totalement \u00e9cologique. Un panneau solaire accumule l&rsquo;\u00e9nergie solaire, fournie \u00e0 notre plan\u00e8te sous forme de photons par le biais d&rsquo;un faisceau lumineux provenant du soleil.<\/p>\n\n<p>L&rsquo;utilisation de l&rsquo;\u00e9nergie solaire pr\u00e9sente des avantages consid\u00e9rables. Tout d&rsquo;abord, il n&rsquo;y a aucune crainte que cette source d&rsquo;\u00e9nergie s&rsquo;\u00e9puise au cours des prochains mill\u00e9naires, et nous prenons soin de l&rsquo;environnement, ce qui n&rsquo;a plus de prix \u00e0 notre \u00e9poque.<\/p>\n\n<h2 class=\"wp-block-heading\">Lampes solaires polonaises contre produits chinois &#8211; que choisir ?<\/h2>\n\n<p>La premi\u00e8re question fr\u00e9quemment pos\u00e9e par nos clients est de savoir quels produits choisir. Les lampes polonaises pr\u00e9sentent-elles une am\u00e9lioration sensible de la qualit\u00e9, les produits chinois se vendront-ils bien et quelle est la qualit\u00e9 de ces produits ? \u00c0 l&rsquo;heure actuelle, il est difficile de parler de lampes solaires polonaises ou d&rsquo;autres syst\u00e8mes photovolta\u00efques, car il n&rsquo;y a pas de lampes ou de lanternes solaires produites en Pologne dans leur int\u00e9gralit\u00e9. Dans notre pays, il est possible de trouver des fabricants qui se contentent d&rsquo;assembler des lampes et des panneaux solaires \u00e0 partir de produits semi-finis achet\u00e9s \u00e0 l&rsquo;Est. Pourquoi cela se produit-il ?<\/p>\n\n<div class=\"wp-block-media-text alignwide is-stacked-on-mobile is-image-fill\"><figure class=\"wp-block-media-text__media\" style=\"background-image:url(https:\/\/petraenergia.pl\/wp-content\/uploads\/2021\/07\/petraenergia-daszyna-pict01-616x1600.jpg);background-position:53% 0%\"><img decoding=\"async\" width=\"616\" height=\"1600\" src=\"https:\/\/petraenergia.pl\/wp-content\/uploads\/2021\/07\/petraenergia-daszyna-pict01-616x1600.jpg\" alt=\"\" class=\"wp-image-1553 size-full\" srcset=\"https:\/\/petraenergia.pl\/wp-content\/uploads\/2021\/07\/petraenergia-daszyna-pict01-616x1600.jpg 616w, https:\/\/petraenergia.pl\/wp-content\/uploads\/2021\/07\/petraenergia-daszyna-pict01-394x1024.jpg 394w, https:\/\/petraenergia.pl\/wp-content\/uploads\/2021\/07\/petraenergia-daszyna-pict01.jpg 699w\" sizes=\"(max-width: 616px) 100vw, 616px\" \/><\/figure><div class=\"wp-block-media-text__content\">\n<p>La raison la plus importante est que les co\u00fbts de production en Pologne seraient tout simplement trop \u00e9lev\u00e9s et que l&rsquo;ensemble de l&rsquo;installation bas\u00e9e sur des produits co\u00fbteux ne serait absolument pas rentable. Nous rencontrons souvent l&rsquo;opinion selon laquelle les produits polonais seraient peut-\u00eatre plus chers, mais qu&rsquo;ils fourniraient une autre brique de soin pour l&rsquo;\u00e9cologie mondiale. En r\u00e9alit\u00e9, ce n&rsquo;est pas le cas. Il est important de rappeler que ce prix \u00e9lev\u00e9 ne vient pas de nulle part. Les co\u00fbts de production \u00e9lev\u00e9s, ainsi que le transport des produits interm\u00e9diaires, impliquent l&rsquo;utilisation d&rsquo;autres sources d&rsquo;\u00e9nergie, ce qui rendrait la solution elle-m\u00eame peu respectueuse de l&rsquo;environnement. La consommation de carburant, de charbon ou d&rsquo;autres sources d&rsquo;\u00e9nergie non organiques serait la m\u00eame, elle serait simplement utilis\u00e9e par l&rsquo;usine, et nous devrions payer les r\u00e9sultats avec notre argent durement gagn\u00e9, que nous utiliserions \u00e9galement certaines ressources pour acqu\u00e9rir, comme le carburant pour les trajets domicile-travail.<\/p>\n\n\n\n<p>Par cons\u00e9quent, le d\u00e9veloppement et la baisse des prix sont essentiels \u00e0 l&rsquo;augmentation de l&rsquo;utilisation de l&rsquo;\u00e9nergie solaire.<\/p>\n<\/div><\/div>\n\n<h2 class=\"wp-block-heading\">Lampes solaires de jardin &#8211; lampes solaires pour \u00e9clairer les arbres<\/h2>\n\n<div class=\"wp-block-media-text alignwide has-media-on-the-right is-stacked-on-mobile\"><div class=\"wp-block-media-text__content\">\n<p>Jusqu&rsquo;\u00e0 il y a quelques ann\u00e9es, le produit le plus connu bas\u00e9 sur une source d&rsquo;\u00e9nergie solaire \u00e9tait sans aucun doute les petites lampes de jardin solaires, disponibles dans presque tous les magasins de jardinage. Autrefois, les produits m\u00e9diocres co\u00fbtaient des dizaines de zlotys ; aujourd&rsquo;hui, les lampes solaires de jardin les moins ch\u00e8res peuvent \u00eatre achet\u00e9es pour quelques zlotys seulement. Cela nous montre comment se d\u00e9veloppe une industrie bas\u00e9e sur la production de syst\u00e8mes photovolta\u00efques. Cependant, si nous interrogeons quelqu&rsquo;un aujourd&rsquo;hui sur les produits photovolta\u00efques, la premi\u00e8re chose qu&rsquo;il nous indiquera sera les panneaux photovolta\u00efques, qui se trouvent d\u00e9j\u00e0 sur pr\u00e8s d&rsquo;un toit sur cinq dans les maisons polonaises.<\/p>\n<\/div><figure class=\"wp-block-media-text__media\"><img decoding=\"async\" width=\"2560\" height=\"1440\" src=\"https:\/\/petraenergia.pl\/wp-content\/uploads\/2021\/07\/petraenergia-sztandarowe-realizacje-leczyca-l-016-scaled.jpg\" alt=\"\" class=\"wp-image-1507 size-full\"\/><\/figure><\/div>\n\n<div class=\"wp-block-media-text alignwide is-stacked-on-mobile\"><figure class=\"wp-block-media-text__media\"><img decoding=\"async\" width=\"1600\" height=\"1200\" src=\"https:\/\/petraenergia.pl\/wp-content\/uploads\/2021\/07\/petraenergia-wagrowiec-img-4053-1600x1200.jpeg\" alt=\"\" class=\"wp-image-1474 size-full\" srcset=\"https:\/\/petraenergia.pl\/wp-content\/uploads\/2021\/07\/petraenergia-wagrowiec-img-4053-1600x1200.jpeg 1600w, https:\/\/petraenergia.pl\/wp-content\/uploads\/2021\/07\/petraenergia-wagrowiec-img-4053-1024x768.jpeg 1024w, https:\/\/petraenergia.pl\/wp-content\/uploads\/2021\/07\/petraenergia-wagrowiec-img-4053-768x576.jpeg 768w, https:\/\/petraenergia.pl\/wp-content\/uploads\/2021\/07\/petraenergia-wagrowiec-img-4053-1536x1152.jpeg 1536w, https:\/\/petraenergia.pl\/wp-content\/uploads\/2021\/07\/petraenergia-wagrowiec-img-4053.jpeg 2048w\" sizes=\"(max-width: 1600px) 100vw, 1600px\" \/><\/figure><div class=\"wp-block-media-text__content\">\n<p>Malgr\u00e9 le d\u00e9veloppement continu de l&rsquo;\u00e9nergie photovolta\u00efque, l&rsquo;utilisation des lampes de jardin solaires n&rsquo;a pas cess\u00e9. Ces produits continuent d&rsquo;\u00e9voluer et aujourd&rsquo;hui, vous pouvez d\u00e9j\u00e0 acheter des lampes solaires sensationnelles pour le jardin. Non seulement pour \u00e9clairer nos parterres de fleurs, mais aussi pour \u00e9clairer les chemins et les all\u00e9es autour de notre maison.<\/p>\n<\/div><\/div>\n\n<p>Le plus grand probl\u00e8me lors de l&rsquo;installation d&rsquo;un \u00e9clairage de jardin est l&rsquo;installation. Si vous \u00eates en train de construire une maison, vous avez la possibilit\u00e9 de mettre en place un tel \u00e9clairage sans intrusion, mais si vous envisagez d&rsquo;ajouter de l&rsquo;\u00e9clairage \u00e0 une maison occup\u00e9e depuis longtemps, un probl\u00e8me se pose. L&rsquo;id\u00e9al est d&rsquo;utiliser des lampes solaires.<\/p>\n\n<p>Un \u00e9clairage solaire de bonne qualit\u00e9 fonctionnera exactement comme nous le souhaitons. En outre, nous pouvons utiliser des lampes solaires \u00e9quip\u00e9es de d\u00e9tecteurs de mouvement. Gr\u00e2ce \u00e0 eux, nous cr\u00e9erons non seulement un \u00e9clairage de jardin peu co\u00fbteux, sans n\u00e9cessiter d&rsquo;installation, d&rsquo;endommagement du jardin, de gainage et de travaux lourds, mais aussi un \u00e9clairage \u00e9cologique parfaitement int\u00e9gr\u00e9, sans personnalisation co\u00fbteuse.<\/p>\n\n<h2 class=\"wp-block-heading\">Lampadaires solaires &#8211; la meilleure option pour remplacer les lampadaires traditionnels<\/h2>\n<div class=\"wp-block-image\">\n<figure class=\"aligncenter size-large\"><img decoding=\"async\" width=\"1600\" height=\"900\" src=\"https:\/\/petraenergia.pl\/wp-content\/uploads\/2021\/07\/petraenergia-sztandarowe-realizacje-leczyca-l-028-1600x900.jpg\" alt=\"\" class=\"wp-image-1515\" srcset=\"https:\/\/petraenergia.pl\/wp-content\/uploads\/2021\/07\/petraenergia-sztandarowe-realizacje-leczyca-l-028-1600x900.jpg 1600w, https:\/\/petraenergia.pl\/wp-content\/uploads\/2021\/07\/petraenergia-sztandarowe-realizacje-leczyca-l-028-1024x576.jpg 1024w, https:\/\/petraenergia.pl\/wp-content\/uploads\/2021\/07\/petraenergia-sztandarowe-realizacje-leczyca-l-028-768x432.jpg 768w, https:\/\/petraenergia.pl\/wp-content\/uploads\/2021\/07\/petraenergia-sztandarowe-realizacje-leczyca-l-028-1536x864.jpg 1536w, https:\/\/petraenergia.pl\/wp-content\/uploads\/2021\/07\/petraenergia-sztandarowe-realizacje-leczyca-l-028-2048x1152.jpg 2048w\" sizes=\"(max-width: 1600px) 100vw, 1600px\" \/><\/figure>\n<\/div>\n<div class=\"wp-block-media-text alignwide has-media-on-the-right is-stacked-on-mobile\"><div class=\"wp-block-media-text__content\">\n<p>L&rsquo;\u00e9clairage du jardin \u00e0 l&rsquo;aide de lampes solaires semble \u00eatre une excellente solution, mais qu&rsquo;en est-il de l&rsquo;\u00e9clairage urbain, des trottoirs et des parcs, plus \u00e9tendu et beaucoup plus exigeant ? Il peut sembler que c&rsquo;est l\u00e0 que les lampes solaires ne peuvent pas fonctionner. Il y a quelques ann\u00e9es, l&rsquo;\u00e9clairage solaire n&rsquo;\u00e9tait peut-\u00eatre pas assez efficace, mais qu&rsquo;en est-il aujourd&rsquo;hui ?<\/p>\n\n\n\n<p>Aujourd&rsquo;hui, nous disposons d&rsquo;un \u00e9clairage solaire de tr\u00e8s grande qualit\u00e9. Il fournit un faisceau lumineux suffisamment puissant pour \u00e9clairer non seulement les trottoirs, mais aussi les zones sensibles telles que les passages pour pi\u00e9tons.<\/p>\n<\/div><figure class=\"wp-block-media-text__media\"><img decoding=\"async\" width=\"1200\" height=\"1600\" src=\"https:\/\/petraenergia.pl\/wp-content\/uploads\/2021\/07\/petraenergia-chelmno-img-2815-1200x1600.jpeg\" alt=\"\" class=\"wp-image-1486 size-full\" srcset=\"https:\/\/petraenergia.pl\/wp-content\/uploads\/2021\/07\/petraenergia-chelmno-img-2815-1200x1600.jpeg 1200w, https:\/\/petraenergia.pl\/wp-content\/uploads\/2021\/07\/petraenergia-chelmno-img-2815-768x1024.jpeg 768w, https:\/\/petraenergia.pl\/wp-content\/uploads\/2021\/07\/petraenergia-chelmno-img-2815-1152x1536.jpeg 1152w, https:\/\/petraenergia.pl\/wp-content\/uploads\/2021\/07\/petraenergia-chelmno-img-2815.jpeg 1536w\" sizes=\"(max-width: 1200px) 100vw, 1200px\" \/><\/figure><\/div>\n\n<p>L&rsquo;utilisation de lanternes solaires n&rsquo;offre pratiquement que des avantages et il est tr\u00e8s difficile de trouver des inconv\u00e9nients. Le premier avantage est avant tout le rapport co\u00fbt-efficacit\u00e9. Aucun d&rsquo;entre nous ne s&rsquo;est probablement demand\u00e9 quelle \u00e9tait la demande en \u00e9lectricit\u00e9 d&rsquo;une seule lanterne traditionnelle. M\u00eame si l&rsquo;on tient compte de l&rsquo;utilisation d&rsquo;ampoules \u00e0 \u00e9conomie d&rsquo;\u00e9nergie. Les ampoules \u00e0 \u00e9conomie d&rsquo;\u00e9nergie de bonne qualit\u00e9 utilis\u00e9es dans les lanternes de trottoir ont une puissance comprise entre 100 et 250 watts. En ne retenant que les plus faibles et en les multipliant par le nombre de lampadaires d&rsquo;une petite ville, on constate que la consommation \u00e9lectrique des seuls lampadaires atteint plusieurs dizaines de kW chaque nuit ! Et si l&rsquo;on multiplie ce chiffre par tous les phares du pays ?<\/p>\n\n<p>Mais allons plus loin : quelqu&rsquo;un pourrait dire qu&rsquo;apr\u00e8s tout, l&rsquo;installation de syst\u00e8mes solaires sera beaucoup plus co\u00fbteuse et que les \u00e9conomies d&rsquo;\u00e9lectricit\u00e9 dispara\u00eetront rapidement dans le co\u00fbt total de l&rsquo;investissement. Cela aurait peut-\u00eatre \u00e9t\u00e9 le cas il y a quelques ann\u00e9es, mais pas aujourd&rsquo;hui.<\/p>\n\n<p>La lanterne traditionnelle elle-m\u00eame est l\u00e9g\u00e8rement moins ch\u00e8re qu&rsquo;une lanterne solaire, mais qu&rsquo;en est-il de l&rsquo;installation ? Peu de gens se rendent compte de l&rsquo;importance du co\u00fbt de l&rsquo;installation \u00e9lectrique de l&rsquo;\u00e9clairage urbain. Si l&rsquo;on compare les co\u00fbts d&rsquo;investissement des lanternes solaires \u00e0 ceux des lanternes traditionnelles \u00e0 installation obligatoire, les premi\u00e8res s&rsquo;av\u00e8rent bien moins ch\u00e8res !<\/p>\n\n<p>En outre, l&rsquo;\u00e9cologie ne doit pas \u00eatre oubli\u00e9e. Les lanternes solaires sont tout simplement la solution la plus \u00e9conomique de notre \u00e9poque. Ils nous donneront une forte lumi\u00e8re dans notre ville sans aucun co\u00fbt de fonctionnement. Il est important de noter que plus nous utiliserons les syst\u00e8mes solaires, moins il y aura de demande pour l&rsquo;\u00e9lectricit\u00e9 du r\u00e9seau, qui, dans notre pays, est principalement produite par des centrales au charbon, lesquelles ne sont pas tr\u00e8s respectueuses de l&rsquo;environnement.<\/p>\n\n<h2 class=\"wp-block-heading\">Lampes solaires professionnelles &#8211; lanterne solaire<\/h2>\n\n<div class=\"wp-block-media-text alignwide is-stacked-on-mobile\"><figure class=\"wp-block-media-text__media\"><img decoding=\"async\" width=\"1200\" height=\"1600\" src=\"https:\/\/petraenergia.pl\/wp-content\/uploads\/2021\/07\/petraenergia-chelmno-img-2810-1200x1600.jpeg\" alt=\"\" class=\"wp-image-1478 size-full\" srcset=\"https:\/\/petraenergia.pl\/wp-content\/uploads\/2021\/07\/petraenergia-chelmno-img-2810-1200x1600.jpeg 1200w, https:\/\/petraenergia.pl\/wp-content\/uploads\/2021\/07\/petraenergia-chelmno-img-2810-768x1024.jpeg 768w, https:\/\/petraenergia.pl\/wp-content\/uploads\/2021\/07\/petraenergia-chelmno-img-2810-1152x1536.jpeg 1152w, https:\/\/petraenergia.pl\/wp-content\/uploads\/2021\/07\/petraenergia-chelmno-img-2810.jpeg 1536w\" sizes=\"(max-width: 1200px) 100vw, 1200px\" \/><\/figure><div class=\"wp-block-media-text__content\">\n<p>Les lanternes solaires disponibles ces derni\u00e8res ann\u00e9es ne diff\u00e8rent gu\u00e8re des capacit\u00e9s des lampes \u00e0 syst\u00e8me. En utilisant des panneaux photovolta\u00efques adapt\u00e9s, combin\u00e9s \u00e0 des \u00e9clairages \u00e0 \u00e9conomie d&rsquo;\u00e9nergie de haute qualit\u00e9 et \u00e0 des batteries au gel, nous avons la possibilit\u00e9 de cr\u00e9er un \u00e9clairage urbain efficace, respectueux de l&rsquo;environnement et, surtout, peu co\u00fbteux.<\/p>\n\n\n\n<p>L&rsquo;\u00e9clairage solaire peut \u00eatre utilis\u00e9 sous forme de lampadaires, de lampes de trottoir, de lampes de parc et de lampes de jardin. Nos lampes solaires peuvent \u00eatre \u00e9quip\u00e9es de d\u00e9tecteurs de mouvement et de d\u00e9tecteurs cr\u00e9pusculaires. Toutes les ampoules sont fabriqu\u00e9es avec le syst\u00e8me LED et proviennent des meilleurs fabricants au monde.<\/p>\n<\/div><\/div>\n\n<h2 class=\"wp-block-heading\">Lampes solaires de Petra Energia<\/h2>\n\n<p>Si vous \u00eates confront\u00e9 \u00e0 l&rsquo;investissement de cr\u00e9ation d&rsquo;\u00e9clairage, nous vous invitons \u00e0 nous contacter. Nous effectuons un premier calcul gratuit, nous vous aidons \u00e0 chiffrer le projet dans son ensemble et nous vous conseillons sur la meilleure solution. Aujourd&rsquo;hui, il est difficile de trouver une entreprise qui prenne soin de son client \u00e0 tous \u00e9gards, lui fournisse toutes les informations importantes et le guide \u00e0 travers toutes les grandes \u00e9tapes de l&rsquo;investissement. Cela s&rsquo;applique en particulier aux investissements dans l&rsquo;\u00e9clairage solaire et d&rsquo;autres syst\u00e8mes photovolta\u00efques dans les municipalit\u00e9s. Le parcours du concepteur-investisseur est souvent sem\u00e9 d&#8217;emb\u00fbches lorsque les deux parties ne parviennent pas \u00e0 se mettre d&rsquo;accord. Il arrive aussi souvent que les concepteurs ne connaissent pas les r\u00e9alit\u00e9s de l&rsquo;industrie et ne soient pas en mesure de proposer la meilleure solution. Nous veillons \u00e0 ce que, lorsque vous travaillez avec nous, vous sachiez exactement ce que vous payez et comment cela fonctionne. Nous vous aiderons \u00e0 choisir la meilleure solution et nous nous chargerons de l&rsquo;installation et du montage de l&rsquo;ensemble du projet.<\/p>\n","protected":false},"excerpt":{"rendered":"<p>Comment fonctionne la lampe solaire ? La lampe solaire utilise le processus de&#8230;<\/p>\n","protected":false},"author":1,"featured_media":0,"parent":3512,"menu_order":0,"comment_status":"closed","ping_status":"closed","template":"","meta":{"_acf_changed":false,"footnotes":""},"class_list":["post-3567","page","type-page","status-publish","hentry"],"acf":[],"aioseo_notices":[],"_links":{"self":[{"href":"https:\/\/petraenergia.pl\/fr\/wp-json\/wp\/v2\/pages\/3567","targetHints":{"allow":["GET"]}}],"collection":[{"href":"https:\/\/petraenergia.pl\/fr\/wp-json\/wp\/v2\/pages"}],"about":[{"href":"https:\/\/petraenergia.pl\/fr\/wp-json\/wp\/v2\/types\/page"}],"author":[{"embeddable":true,"href":"https:\/\/petraenergia.pl\/fr\/wp-json\/wp\/v2\/users\/1"}],"replies":[{"embeddable":true,"href":"https:\/\/petraenergia.pl\/fr\/wp-json\/wp\/v2\/comments?post=3567"}],"version-history":[{"count":2,"href":"https:\/\/petraenergia.pl\/fr\/wp-json\/wp\/v2\/pages\/3567\/revisions"}],"predecessor-version":[{"id":3822,"href":"https:\/\/petraenergia.pl\/fr\/wp-json\/wp\/v2\/pages\/3567\/revisions\/3822"}],"up":[{"embeddable":true,"href":"https:\/\/petraenergia.pl\/fr\/wp-json\/wp\/v2\/pages\/3512"}],"wp:attachment":[{"href":"https:\/\/petraenergia.pl\/fr\/wp-json\/wp\/v2\/media?parent=3567"}],"curies":[{"name":"wp","href":"https:\/\/api.w.org\/{rel}","templated":true}]}}