{"id":3575,"date":"2024-06-28T00:30:19","date_gmt":"2024-06-27T22:30:19","guid":{"rendered":"https:\/\/petraenergia.pl\/offre\/lanternes-hybrides\/"},"modified":"2024-08-27T18:01:05","modified_gmt":"2024-08-27T16:01:05","slug":"lanternes-hybrides","status":"publish","type":"page","link":"https:\/\/petraenergia.pl\/fr\/offre\/lanternes-hybrides\/","title":{"rendered":"Lanternes hybrides"},"content":{"rendered":"\n<div class=\"wp-block-columns is-layout-flex wp-container-core-columns-is-layout-9d6595d7 wp-block-columns-is-layout-flex\">\n<div class=\"wp-block-column is-layout-flow wp-block-column-is-layout-flow\" style=\"flex-basis:66.66%\">\n<h2 class=\"wp-block-heading\">Lanternes et lampes hybrides<\/h2>\n\n\n\n<p>Les lampes solaires hybrides sont de plus en plus populaires en raison de leur facilit\u00e9 d&rsquo;installation, de leur grande fiabilit\u00e9 et de leurs faibles co\u00fbts de fonctionnement. Un phare hybride est g\u00e9n\u00e9ralement aliment\u00e9 par deux sources d&rsquo;\u00e9nergie : le soleil, via des modules photovolta\u00efques, et le vent, gr\u00e2ce \u00e0 une \u00e9olienne install\u00e9e. Les batteries au gel sont utilis\u00e9es pour le stockage de l&rsquo;\u00e9nergie. La lampe hybride ne n\u00e9cessite pas d&rsquo;acheminement de c\u00e2bles ni de connexion au r\u00e9seau \u00e9lectrique. Avec la bonne configuration dans les conditions climatiques polonaises, la lampe solaire peut briller pratiquement toute l&rsquo;ann\u00e9e. En outre, les lanternes hybrides ont la capacit\u00e9 de fonctionner sur un syst\u00e8me de r\u00e9seau &#8211; en cas de manque d&rsquo;\u00e9nergie dans les batteries, elles peuvent puiser l&rsquo;\u00e9nergie manquante dans le r\u00e9seau.<\/p>\n\n\n\n<p>Les poteaux hybrides que nous proposons sont une solution pour les lotissements, les entreprises et les propri\u00e9t\u00e9s priv\u00e9es. Leur fonctionnement n&rsquo;implique pas de frais d&rsquo;\u00e9lectricit\u00e9. En effet, l&rsquo;\u00e9clairage hybride n&rsquo;a pas besoin d&rsquo;\u00eatre connect\u00e9 au r\u00e9seau \u00e9lectrique. La lanterne solaire a une dur\u00e9e de vie de 20 ans.<\/p>\n<\/div>\n\n\n\n<div class=\"wp-block-column is-layout-flow wp-block-column-is-layout-flow\" style=\"flex-basis:33.33%\">\n<figure class=\"wp-block-image size-large\"><img decoding=\"async\" width=\"444\" height=\"1148\" src=\"http:\/\/petraenergia.pl\/wp-content\/uploads\/2021\/04\/petraenergia-plosnica-dzialdowo-spolki-wodne-06.jpg\" alt=\"\" class=\"wp-image-632\" srcset=\"https:\/\/petraenergia.pl\/wp-content\/uploads\/2021\/04\/petraenergia-plosnica-dzialdowo-spolki-wodne-06.jpg 444w, https:\/\/petraenergia.pl\/wp-content\/uploads\/2021\/04\/petraenergia-plosnica-dzialdowo-spolki-wodne-06-396x1024.jpg 396w\" sizes=\"(max-width: 444px) 100vw, 444px\" \/><\/figure>\n<\/div>\n<\/div>\n\n\n\n<p>Nous proposons un service complet pour les investissements dans l&rsquo;\u00e9clairage solaire. Nous pr\u00e9parons le concept et le design, fournissons les lanternes hybrides et proc\u00e9dons \u00e0 leur installation professionnelle.<\/p>\n\n\n\n<h2 class=\"wp-block-heading\">Principaux \u00e9l\u00e9ments &#8211; \u00c0 quoi faut-il faire attention ?  <\/h2>\n\n\n\n<ul class=\"wp-block-list\">\n<li>Luminaire &#8211; Nous n&rsquo;utilisons que des luminaires dot\u00e9s d&rsquo;une source lumineuse LED. Ils offrent une efficacit\u00e9 maximale et une distribution de la lumi\u00e8re adapt\u00e9e \u00e0 l&rsquo;application. Le bo\u00eetier en alliage d&rsquo;aluminium peint par poudrage garantit la durabilit\u00e9 du luminaire dans des conditions m\u00e9t\u00e9orologiques ext\u00e9rieures.<\/li>\n\n\n\n<li>Modules photovolta\u00efques &#8211; Ils doivent fonctionner correctement dans des conditions de faible luminosit\u00e9 (automne\/hiver en Pologne) et \u00eatre suffisamment puissants pour charger rapidement les batteries connect\u00e9es. Il est \u00e9galement important d&rsquo;avoir le bon angle d&rsquo;inclinaison, qui a un impact significatif sur la capacit\u00e9 de la lampe \u00e0 fonctionner tout au long de l&rsquo;ann\u00e9e.<\/li>\n\n\n\n<li>Eolienne &#8211; L&rsquo;\u00e9olienne est la deuxi\u00e8me source d&rsquo;\u00e9nergie du phare apr\u00e8s les modules. C&rsquo;est l&rsquo;un des \u00e9l\u00e9ments les plus co\u00fbteux d&rsquo;un phare, il vaut donc la peine de l&rsquo;utiliser lorsque les conditions de vent sont bonnes. Si les conditions de vent ne sont pas bonnes, il est pr\u00e9f\u00e9rable d&rsquo;augmenter la puissance des modules photovolta\u00efques plut\u00f4t que d&rsquo;installer une turbine.<\/li>\n\n\n\n<li>Piles &#8211; La capacit\u00e9 des piles doit \u00eatre choisie individuellement en fonction de la configuration des autres composants de la lampe. Une capacit\u00e9 trop faible se traduit par une faible autonomie de la lampe, tandis qu&rsquo;une capacit\u00e9 trop \u00e9lev\u00e9e peut poser le probl\u00e8me de la charge compl\u00e8te des batteries. En fonctionnement cyclique, les batteries \u00e0 gel sont les plus performantes.<\/li>\n\n\n\n<li>Contr\u00f4leur de charge &#8211; Le contr\u00f4leur de charge est le cerveau du syst\u00e8me. Le fonctionnement de l&rsquo;ensemble du phare d\u00e9pend de son efficacit\u00e9. Nous utilisons des r\u00e9gulateurs avec des syst\u00e8mes MPPT, qui sont plus performants dans les conditions climatiques polonaises. Ils sont capables d'\u00a0\u00bbextraire\u00a0\u00bb jusqu&rsquo;\u00e0 30 % d&rsquo;\u00e9nergie suppl\u00e9mentaire des modules. Les contr\u00f4leurs permettent de r\u00e9gler les param\u00e8tres de fonctionnement du luminaire et des batteries.<\/li>\n\n\n\n<li>Poteau &#8211; structure de support &#8211; Le poteau et la structure doivent \u00eatre choisis en fonction de l&rsquo;\u00e9quipement qui y est mont\u00e9 et de l&#8217;emplacement de la lampe. La r\u00e9sistance de la colonne, compte tenu des zones de vent locales, et la taille de la fondation, choisie en fonction du type de sol, sont toutes deux importantes. La structure du m\u00e2t ne doit pas faire d&rsquo;ombre aux modules photovolta\u00efques \u00e0 tout moment de la journ\u00e9e ou de la saison.<\/li>\n<\/ul>\n\n\n\n<h2 class=\"wp-block-heading\"> <strong>Mod\u00e8les de base<\/strong><\/h2>\n\n\n\n<figure class=\"wp-block-table\"><table><tbody><tr><td class=\"has-text-align-center\" data-align=\"center\"><img decoding=\"async\" alt=\"\" src=\"http:\/\/petraenergia.pl\/pictures\/Parkowa_S2-10.jpg\"><\/td><td class=\"has-text-align-center\" data-align=\"center\"><img decoding=\"async\" alt=\"\" src=\"http:\/\/petraenergia.pl\/pictures\/Uliczna_S2-20.jpg\"><\/td><td class=\"has-text-align-center\" data-align=\"center\"><img decoding=\"async\" src=\"http:\/\/petraenergia.pl\/pictures\/Uliczna_W3-S4-30.jpg\" alt=\"\"><\/td><td class=\"has-text-align-center\" data-align=\"center\"><img decoding=\"async\" src=\"http:\/\/petraenergia.pl\/pictures\/Uliczna_W3-S3-30.jpg\" alt=\"\"><\/td><td class=\"has-text-align-center\" data-align=\"center\"><img decoding=\"async\" src=\"http:\/\/petraenergia.pl\/pictures\/Uliczna_W4-S4-60.jpg\" alt=\"\"><\/td><\/tr><tr><td class=\"has-text-align-center\" data-align=\"center\"><strong>Lanterne de parc S3C1\/10<\/strong><\/td><td class=\"has-text-align-center\" data-align=\"center\"><strong>Lampadaire S3C2\/20<\/strong><\/td><td class=\"has-text-align-center\" data-align=\"center\"><strong>Lampadaire W3S6C2\/30<\/strong><\/td><td class=\"has-text-align-center\" data-align=\"center\"><strong>Lampadaire W3S3C2\/30<\/strong><\/td><td class=\"has-text-align-center\" data-align=\"center\"><strong>Lampadaire W4S6C4\/60<\/strong><\/td><\/tr><\/tbody><\/table><\/figure>\n","protected":false},"excerpt":{"rendered":"<p>Lanternes et lampes hybrides Les lampes solaires hybrides sont de plus en plus&#8230;<\/p>\n","protected":false},"author":1,"featured_media":0,"parent":3512,"menu_order":1,"comment_status":"closed","ping_status":"closed","template":"","meta":{"_acf_changed":false,"footnotes":""},"class_list":["post-3575","page","type-page","status-publish","hentry"],"acf":[],"aioseo_notices":[],"_links":{"self":[{"href":"https:\/\/petraenergia.pl\/fr\/wp-json\/wp\/v2\/pages\/3575","targetHints":{"allow":["GET"]}}],"collection":[{"href":"https:\/\/petraenergia.pl\/fr\/wp-json\/wp\/v2\/pages"}],"about":[{"href":"https:\/\/petraenergia.pl\/fr\/wp-json\/wp\/v2\/types\/page"}],"author":[{"embeddable":true,"href":"https:\/\/petraenergia.pl\/fr\/wp-json\/wp\/v2\/users\/1"}],"replies":[{"embeddable":true,"href":"https:\/\/petraenergia.pl\/fr\/wp-json\/wp\/v2\/comments?post=3575"}],"version-history":[{"count":4,"href":"https:\/\/petraenergia.pl\/fr\/wp-json\/wp\/v2\/pages\/3575\/revisions"}],"predecessor-version":[{"id":5261,"href":"https:\/\/petraenergia.pl\/fr\/wp-json\/wp\/v2\/pages\/3575\/revisions\/5261"}],"up":[{"embeddable":true,"href":"https:\/\/petraenergia.pl\/fr\/wp-json\/wp\/v2\/pages\/3512"}],"wp:attachment":[{"href":"https:\/\/petraenergia.pl\/fr\/wp-json\/wp\/v2\/media?parent=3575"}],"curies":[{"name":"wp","href":"https:\/\/api.w.org\/{rel}","templated":true}]}}