{"id":3590,"date":"2024-06-28T00:33:16","date_gmt":"2024-06-27T22:33:16","guid":{"rendered":"https:\/\/petraenergia.pl\/offre\/lampes-integrees\/"},"modified":"2024-06-28T00:33:22","modified_gmt":"2024-06-27T22:33:22","slug":"lampes-integrees","status":"publish","type":"page","link":"https:\/\/petraenergia.pl\/fr\/offre\/lampes-integrees\/","title":{"rendered":"Lampes int\u00e9gr\u00e9es"},"content":{"rendered":"\n<p>Il s&rsquo;agit d&rsquo;un produit dont la popularit\u00e9 n&rsquo;a cess\u00e9 de cro\u00eetre ces derniers temps. Ce terme est utilis\u00e9 pour d\u00e9crire les lampes qui int\u00e8grent les trois composants d&rsquo;une lanterne solaire dans leur bo\u00eetier, \u00e0 savoir  <\/p>\n\n<ul class=\"wp-block-list\">\n<li>Luminaire LED ;<\/li>\n\n\n\n<li>une batterie (dans le cas pr\u00e9sent, une batterie lithium-ion) qui stocke l&rsquo;\u00e9nergie produite ;<\/li>\n\n\n\n<li>un module photovolta\u00efque comme source d&rsquo;\u00e9nergie<\/li>\n<\/ul>\n\n<p><\/p>\n\n<div class=\"wp-block-columns is-layout-flex wp-container-core-columns-is-layout-9d6595d7 wp-block-columns-is-layout-flex\">\n<div class=\"wp-block-column is-layout-flow wp-block-column-is-layout-flow\" style=\"flex-basis:66.66%\">\n<p>Les avantages ind\u00e9niables de ce produit sont sa conception int\u00e9gr\u00e9e, sa facilit\u00e9 d&rsquo;installation et son prix g\u00e9n\u00e9ralement inf\u00e9rieur \u00e0 celui d&rsquo;une lanterne solaire traditionnelle. Les inconv\u00e9nients sont une r\u00e9serve d&rsquo;\u00e9nergie plus faible que les lanternes solaires traditionnelles, ce qui se traduit par une p\u00e9riode d&rsquo;\u00e9clairage plus courte, en particulier en hiver, ainsi que l&rsquo;impossibilit\u00e9 de positionner le module photovolta\u00efque de mani\u00e8re optimale. Ce dernier inconv\u00e9nient n&rsquo;existe pas dans les lampes semi-int\u00e9gr\u00e9es, dites \u00ab\u00a0lampes int\u00e9gr\u00e9es\u00a0\u00bb. Split (image de droite), dans lequel le module photovolta\u00efque est positionn\u00e9 s\u00e9par\u00e9ment, ind\u00e9pendamment de l&rsquo;orientation de la lampe. En outre, la lampe tout-en-un peut \u00eatre programm\u00e9e \u00e0 tout moment \u00e0 l&rsquo;aide d&rsquo;une application mobile.<\/p>\n<\/div>\n\n\n\n<div class=\"wp-block-column is-layout-flow wp-block-column-is-layout-flow\" style=\"flex-basis:33.33%\">\n<div class=\"wp-block-cover is-light\"><span aria-hidden=\"true\" class=\"wp-block-cover__background has-background-dim\"><\/span><img decoding=\"async\" class=\"wp-block-cover__image-background wp-image-1119\" alt=\"\" src=\"http:\/\/petraenergia.pl\/wp-content\/uploads\/2021\/05\/petraenergia-lampy-zintegrowane-inb-g02-30w-resized-1600x1349.jpg\" data-object-fit=\"cover\"\/><div class=\"wp-block-cover__inner-container is-layout-flow wp-block-cover-is-layout-flow\">\n<p>Lampe semi-int\u00e9gr\u00e9e divis\u00e9e<\/p>\n<\/div><\/div>\n<\/div>\n<\/div>\n\n<p>Nous avons d\u00e9velopp\u00e9 une comparaison d\u00e9taill\u00e9e des lampes solaires int\u00e9gr\u00e9es et traditionnelles dans un <a href=\"http:\/\/petraenergia.pl\/lampy-zintegrowane-vs-tradycyjne\/\" target=\"_blank\" rel=\"noreferrer noopener\" title=\"http:\/\/petraenergia.pl\/lampy-zintegrowane-vs-tradycyjne\/\">article<\/a> s\u00e9par\u00e9.<\/p>\n\n<p>  Les lanternes solaires int\u00e9gr\u00e9es conviennent parfaitement aux zones o\u00f9 un \u00e9clairage continu n&rsquo;est pas n\u00e9cessaire pendant toute la nuit et aux zones o\u00f9 l&rsquo;\u00e9clairage est n\u00e9cessaire de mani\u00e8re intermittente. Gr\u00e2ce au d\u00e9tecteur de mouvement int\u00e9gr\u00e9, vous pouvez \u00e9conomiser de l&rsquo;\u00e9nergie.  <\/p>\n\n<p>Nos lanternes sont enti\u00e8rement autonomes, aliment\u00e9es par une batterie Li-Ion int\u00e9gr\u00e9e et un module photovolta\u00efque \u00e0 haut rendement situ\u00e9 sur le dessus.<\/p>\n\n<h2 class=\"wp-block-heading\">PRINCIPALES CARACT\u00c9RISTIQUES ET AVANTAGES<\/h2>\n\n<h3 class=\"wp-block-heading\">CARACT\u00c9RISTIQUES<\/h3>\n\n<ul class=\"wp-block-list\">\n<li>Le panneau photovolta\u00efque, la batterie, le module LED et le contr\u00f4leur sont log\u00e9s dans un bo\u00eetier int\u00e9gr\u00e9.<\/li>\n\n\n\n<li>Capteur de mouvement.<\/li>\n\n\n\n<li>Modules LED haute performance.<\/li>\n\n\n\n<li>Modules photovolta\u00efques monocristallins.<\/li>\n\n\n\n<li>Possibilit\u00e9 de contr\u00f4ler la lampe via une application mobile.<\/li>\n<\/ul>\n<div class=\"wp-block-image\">\n<figure class=\"alignright size-large\"><img decoding=\"async\" src=\"\/wp-content\/uploads\/2021\/04\/petraenergia-lampy-zintegrowane-lampa-zintegrowana-1.jpg\" alt=\"\"\/><\/figure>\n<\/div>\n<h3 class=\"wp-block-heading\">CANDIDATURE<\/h3>\n\n<ul class=\"wp-block-list\">\n<li>\u00c9clairage des pistes cyclables et des aires de jeux.<\/li>\n\n\n\n<li>Eclairage des sites de loisirs d&rsquo;\u00e9t\u00e9.<\/li>\n\n\n\n<li>Eclairage des terrains et parcelles priv\u00e9s.<\/li>\n<\/ul>\n\n<h3 class=\"wp-block-heading\">B\u00c9N\u00c9FICES<\/h3>\n\n<ul class=\"wp-block-list\">\n<li>Installation rapide et facile<\/li>\n\n\n\n<li>facile \u00e0 transporter gr\u00e2ce \u00e0 une colonne et des fondations plus l\u00e9g\u00e8res<\/li>\n<\/ul>\n\n<h3 class=\"wp-block-heading\">\u00c9PARGNE<\/h3>\n\n<ul class=\"wp-block-list\">\n<li>La possibilit\u00e9 d&rsquo;une installation manuelle permet d&rsquo;\u00e9conomiser du mat\u00e9riel de construction (excavateur, grue).<\/li>\n\n\n\n<li>Les dimensions du lampadaire, du poteau et de la fondation int\u00e9gr\u00e9s permettent de r\u00e9aliser des \u00e9conomies de transport.<\/li>\n\n\n\n<li>Gain de temps gr\u00e2ce \u00e0 la facilit\u00e9 d&rsquo;installation. Le co\u00fbt unitaire de la lanterne est inf\u00e9rieur \u00e0 celui d&rsquo;une lanterne solaire traditionnelle.<\/li>\n<\/ul>\n\n<h3 class=\"wp-block-heading\">CONTR\u00d4LE<\/h3>\n\n<p>Gr\u00e2ce \u00e0 une application mobile d\u00e9di\u00e9e et \u00e0 la connectivit\u00e9 Bluetooth, les lanternes peuvent \u00eatre programm\u00e9es rapidement et facilement.<\/p>\n","protected":false},"excerpt":{"rendered":"<p>Il s&rsquo;agit d&rsquo;un produit dont la popularit\u00e9 n&rsquo;a cess\u00e9 de cro\u00eetre ces derniers&#8230;<\/p>\n","protected":false},"author":1,"featured_media":0,"parent":3512,"menu_order":3,"comment_status":"closed","ping_status":"closed","template":"","meta":{"_acf_changed":false,"footnotes":""},"class_list":["post-3590","page","type-page","status-publish","hentry"],"acf":[],"aioseo_notices":[],"_links":{"self":[{"href":"https:\/\/petraenergia.pl\/fr\/wp-json\/wp\/v2\/pages\/3590","targetHints":{"allow":["GET"]}}],"collection":[{"href":"https:\/\/petraenergia.pl\/fr\/wp-json\/wp\/v2\/pages"}],"about":[{"href":"https:\/\/petraenergia.pl\/fr\/wp-json\/wp\/v2\/types\/page"}],"author":[{"embeddable":true,"href":"https:\/\/petraenergia.pl\/fr\/wp-json\/wp\/v2\/users\/1"}],"replies":[{"embeddable":true,"href":"https:\/\/petraenergia.pl\/fr\/wp-json\/wp\/v2\/comments?post=3590"}],"version-history":[{"count":1,"href":"https:\/\/petraenergia.pl\/fr\/wp-json\/wp\/v2\/pages\/3590\/revisions"}],"predecessor-version":[{"id":3591,"href":"https:\/\/petraenergia.pl\/fr\/wp-json\/wp\/v2\/pages\/3590\/revisions\/3591"}],"up":[{"embeddable":true,"href":"https:\/\/petraenergia.pl\/fr\/wp-json\/wp\/v2\/pages\/3512"}],"wp:attachment":[{"href":"https:\/\/petraenergia.pl\/fr\/wp-json\/wp\/v2\/media?parent=3590"}],"curies":[{"name":"wp","href":"https:\/\/api.w.org\/{rel}","templated":true}]}}