{"id":3592,"date":"2024-06-28T00:35:37","date_gmt":"2024-06-27T22:35:37","guid":{"rendered":"https:\/\/petraenergia.pl\/lampes-de-parc-lampes-solaires-a-led-comme-source-de-lumiere-dans-les-parcs-urbains\/"},"modified":"2024-06-28T00:35:40","modified_gmt":"2024-06-27T22:35:40","slug":"lampes-de-parc-lampes-solaires-a-led-comme-source-de-lumiere-dans-les-parcs-urbains","status":"publish","type":"page","link":"https:\/\/petraenergia.pl\/fr\/lampes-de-parc-lampes-solaires-a-led-comme-source-de-lumiere-dans-les-parcs-urbains\/","title":{"rendered":"Lampes de parc &#8211; lampes solaires \u00e0 LED comme source de lumi\u00e8re dans les parcs urbains"},"content":{"rendered":"\n<div class=\"wp-block-columns is-layout-flex wp-container-core-columns-is-layout-9d6595d7 wp-block-columns-is-layout-flex\">\n<div class=\"wp-block-column is-layout-flow wp-block-column-is-layout-flow\">\n<p>Les parcs urbains sont un lieu fantastique pour se retrouver entre amis, un espace id\u00e9al pour les promenades, les randonn\u00e9es \u00e0 v\u00e9lo et les pique-niques au milieu de la verdure et des bruits de la nature. Il vaut la peine de prendre soin de ces parties vertes des villes o\u00f9 les gens ont l&rsquo;habitude de se d\u00e9tendre et de se relaxer. L&rsquo;un des principaux utilisateurs des parcs est, bien entendu, les enfants. Les aires de jeux, les pistes cyclables, les terrains de sport sont autant d&rsquo;\u00e9l\u00e9ments des parcs qui grouillent de vie. La s\u00e9curit\u00e9 dans ces zones est une priorit\u00e9, c&rsquo;est pourquoi nous vous encourageons \u00e0 utiliser nos lampes de parc \u00e0 LED \u00e0 \u00e9conomie d&rsquo;\u00e9nergie, totalement s\u00fbres et fonctionnelles.<\/p>\n<\/div>\n\n\n\n<div class=\"wp-block-column is-layout-flow wp-block-column-is-layout-flow\">\n<figure class=\"wp-block-image size-large\"><img decoding=\"async\" width=\"1600\" height=\"900\" src=\"https:\/\/petraenergia.pl\/wp-content\/uploads\/2021\/07\/petraenergia-leczyca-l-029-1600x900.jpg\" alt=\"\" class=\"wp-image-1534\" srcset=\"https:\/\/petraenergia.pl\/wp-content\/uploads\/2021\/07\/petraenergia-leczyca-l-029-1600x900.jpg 1600w, https:\/\/petraenergia.pl\/wp-content\/uploads\/2021\/07\/petraenergia-leczyca-l-029-1024x576.jpg 1024w, https:\/\/petraenergia.pl\/wp-content\/uploads\/2021\/07\/petraenergia-leczyca-l-029-768x432.jpg 768w, https:\/\/petraenergia.pl\/wp-content\/uploads\/2021\/07\/petraenergia-leczyca-l-029-1536x864.jpg 1536w, https:\/\/petraenergia.pl\/wp-content\/uploads\/2021\/07\/petraenergia-leczyca-l-029-2048x1152.jpg 2048w\" sizes=\"(max-width: 1600px) 100vw, 1600px\" \/><\/figure>\n<\/div>\n<\/div>\n\n<div class=\"wp-block-columns is-layout-flex wp-container-core-columns-is-layout-9d6595d7 wp-block-columns-is-layout-flex\">\n<div class=\"wp-block-column is-layout-flow wp-block-column-is-layout-flow\">\n<figure class=\"wp-block-image size-large\"><img decoding=\"async\" width=\"1065\" height=\"1600\" src=\"https:\/\/petraenergia.pl\/wp-content\/uploads\/2021\/07\/petraenergia-sztandarowe-realizacje-leczyca-l-003-1065x1600.jpg\" alt=\"\" class=\"wp-image-1493\" srcset=\"https:\/\/petraenergia.pl\/wp-content\/uploads\/2021\/07\/petraenergia-sztandarowe-realizacje-leczyca-l-003-1065x1600.jpg 1065w, https:\/\/petraenergia.pl\/wp-content\/uploads\/2021\/07\/petraenergia-sztandarowe-realizacje-leczyca-l-003-681x1024.jpg 681w, https:\/\/petraenergia.pl\/wp-content\/uploads\/2021\/07\/petraenergia-sztandarowe-realizacje-leczyca-l-003-768x1154.jpg 768w, https:\/\/petraenergia.pl\/wp-content\/uploads\/2021\/07\/petraenergia-sztandarowe-realizacje-leczyca-l-003-1022x1536.jpg 1022w, https:\/\/petraenergia.pl\/wp-content\/uploads\/2021\/07\/petraenergia-sztandarowe-realizacje-leczyca-l-003-1363x2048.jpg 1363w, https:\/\/petraenergia.pl\/wp-content\/uploads\/2021\/07\/petraenergia-sztandarowe-realizacje-leczyca-l-003-scaled.jpg 1704w\" sizes=\"(max-width: 1065px) 100vw, 1065px\" \/><\/figure>\n<\/div>\n\n\n\n<div class=\"wp-block-column is-layout-flow wp-block-column-is-layout-flow\">\n<h2 class=\"wp-block-heading\">Pourquoi choisir les lampes solaires pour l&rsquo;\u00e9clairage des parcs ?<\/h2>\n\n\n\n<p>Les <strong>lampes solaires \u00e0 LED<\/strong> comme source principale d&rsquo;\u00e9clairage dans un espace urbain, tel qu&rsquo;un parc, fonctionnent bien. En cas d&rsquo;urgence, une seule lanterne cesse de s&rsquo;allumer et les autres fonctionnent parfaitement, car elles ne sont pas reli\u00e9es entre elles, comme c&rsquo;est le cas des lanternes de parc traditionnelles aliment\u00e9es par le courant du r\u00e9seau. Cela donne un plus grand sentiment de s\u00e9curit\u00e9 dans le parc de la ville \u00e0 la tomb\u00e9e de la nuit. De plus, les \u00e9clairages de parcs utilisant la technologie LED et l&rsquo;\u00e9nergie photovolta\u00efque sont tr\u00e8s esth\u00e9tiques. Ils sont fabriqu\u00e9s \u00e0 partir de composants de haute qualit\u00e9, les poteaux sont en acier galvanis\u00e9 \u00e0 chaud, ce qui les rend r\u00e9sistants aux intemp\u00e9ries. Nos <strong>lampes de parc \u00e0 LED<\/strong> ont \u00e9t\u00e9 adapt\u00e9es \u00e0 l&rsquo;\u00e9clairage ext\u00e9rieur. Cela signifie qu&rsquo;ils peuvent facilement faire face aux conditions les plus difficiles. Nous utilisons des dispositifs de s\u00e9curit\u00e9 optimaux pour garantir que les lampes solaires ont un indice de protection \u00e9lev\u00e9 d&rsquo;au moins IP 65. C&rsquo;est une garantie que nos lanternes de parc peuvent r\u00e9sister \u00e0 la poussi\u00e8re, \u00e0 la salet\u00e9 ou \u00e0 la pluie. L&rsquo;aspect du luminaire LED se d\u00e9cline dans une version classique, c&rsquo;est-\u00e0-dire une sph\u00e8re, comme la <a href=\"https:\/\/mojaenergia24.pl\/petraenergia.sklep.latarnia.solarna.parkowa.S2C1\/12\">lanterne solaire de parc S2C1\/12<\/a>, ou dans une version plus moderne et minimaliste, comme la lanterne solaire POLA <a href=\"https:\/\/mojaenergia24.pl\/petraenergia.sklep.latarnia.solarna.POLA.DOUBLE\">DOUBLE<\/a> et la <a href=\"https:\/\/mojaenergia24.pl\/petraenergia.sklep.latarnia.solarna.POLA\">lanterne solaire POLA<\/a>. Les lampes de parc modernes ne sont pas seulement une source de lumi\u00e8re, mais aussi un \u00e9l\u00e9ment de d\u00e9coration remarquable.<\/p>\n<\/div>\n<\/div>\n\n<div class=\"wp-block-columns is-layout-flex wp-container-core-columns-is-layout-9d6595d7 wp-block-columns-is-layout-flex\">\n<div class=\"wp-block-column is-layout-flow wp-block-column-is-layout-flow\">\n<h2 class=\"wp-block-heading\">Lampes de parc solaires &#8211; avantages pour l&rsquo;environnement<\/h2>\n\n\n\n<p>Choisir des lampes de parc qui utilisent l&rsquo;\u00e9nergie des rayons du soleil est une bonne d\u00e9cision. Il n&rsquo;y a pratiquement que des avantages \u00e0 en tirer.<\/p>\n\n\n\n<p>Tout d&rsquo;abord, une lampe de parc est <strong>une solution respectueuse de l&rsquo;environnement<\/strong>. Les lampes solaires fonctionnent en exploitant l&rsquo;\u00e9nergie des rayons du soleil. Pendant la journ\u00e9e, un panneau photovolta\u00efque extrait l&rsquo;\u00e9nergie solaire et la stocke dans une batterie efficace pour maintenir la lampe allum\u00e9e pendant la nuit. Les sources d&rsquo;\u00e9nergie renouvelables constituent un profit en soi. Nous n&rsquo;avons pas \u00e0 payer la facture d&rsquo;\u00e9lectricit\u00e9 ! Nos lampes de parc sont une solution pr\u00eate \u00e0 l&#8217;emploi et ne doivent pas \u00eatre raccord\u00e9es au r\u00e9seau \u00e9lectrique. En utilisant l&rsquo;\u00e9clairage solaire dans des espaces aussi vastes que les parcs, nous contribuons de mani\u00e8re significative \u00e0 l&rsquo;am\u00e9lioration de l&#8217;empreinte \u00e9cologique. Comme chacun sait, nous obtenons la majeure partie de l&rsquo;\u00e9lectricit\u00e9 de notre syst\u00e8me gr\u00e2ce \u00e0 l&rsquo;exploitation de mines de charbon, qui ont un impact n\u00e9gatif sur l&rsquo;environnement. Heureusement, la technologie \u00e9volue et nous permet d&rsquo;utiliser des solutions de plus en plus int\u00e9ressantes et respectueuses de l&rsquo;environnement. Si nous voulons am\u00e9liorer le confort de vie sur une plan\u00e8te qui r\u00e9clame de l&rsquo;aide, nous devons faire le premier pas dans cette direction et choisir l&rsquo;<strong>\u00e9clairage solaire<\/strong>.<\/p>\n<\/div>\n\n\n\n<div class=\"wp-block-column is-layout-flow wp-block-column-is-layout-flow\">\n<figure class=\"wp-block-image size-large\"><img decoding=\"async\" width=\"1600\" height=\"1065\" src=\"https:\/\/petraenergia.pl\/wp-content\/uploads\/2021\/07\/petraenergia-leczyca-l-026-1600x1065.jpg\" alt=\"\" class=\"wp-image-1530\" srcset=\"https:\/\/petraenergia.pl\/wp-content\/uploads\/2021\/07\/petraenergia-leczyca-l-026-1600x1065.jpg 1600w, https:\/\/petraenergia.pl\/wp-content\/uploads\/2021\/07\/petraenergia-leczyca-l-026-1024x681.jpg 1024w, https:\/\/petraenergia.pl\/wp-content\/uploads\/2021\/07\/petraenergia-leczyca-l-026-768x511.jpg 768w, https:\/\/petraenergia.pl\/wp-content\/uploads\/2021\/07\/petraenergia-leczyca-l-026-1536x1022.jpg 1536w, https:\/\/petraenergia.pl\/wp-content\/uploads\/2021\/07\/petraenergia-leczyca-l-026-2048x1363.jpg 2048w\" sizes=\"(max-width: 1600px) 100vw, 1600px\" \/><\/figure>\n<\/div>\n<\/div>\n\n<div class=\"wp-block-columns is-layout-flex wp-container-core-columns-is-layout-9d6595d7 wp-block-columns-is-layout-flex\">\n<div class=\"wp-block-column is-layout-flow wp-block-column-is-layout-flow\">\n<figure class=\"wp-block-image size-large\"><img decoding=\"async\" width=\"616\" height=\"1600\" src=\"https:\/\/petraenergia.pl\/wp-content\/uploads\/2021\/07\/petraenergia-daszyna-pict01-616x1600.jpg\" alt=\"\" class=\"wp-image-1553\" srcset=\"https:\/\/petraenergia.pl\/wp-content\/uploads\/2021\/07\/petraenergia-daszyna-pict01-616x1600.jpg 616w, https:\/\/petraenergia.pl\/wp-content\/uploads\/2021\/07\/petraenergia-daszyna-pict01-394x1024.jpg 394w, https:\/\/petraenergia.pl\/wp-content\/uploads\/2021\/07\/petraenergia-daszyna-pict01.jpg 699w\" sizes=\"(max-width: 616px) 100vw, 616px\" \/><\/figure>\n<\/div>\n\n\n\n<div class=\"wp-block-column is-layout-flow wp-block-column-is-layout-flow\">\n<h2 class=\"wp-block-heading\">Lampes de parc \u00e0 LED &#8211; un investissement rentable \u00e0 long terme<\/h2>\n\n\n\n<p>Tout le monde se demande certainement <strong>combien co\u00fbte l&rsquo;\u00e9clairage solaire<\/strong>. \u00c0 premi\u00e8re vue, le <strong>prix des lampes de parc solaires<\/strong> peut sembler \u00e9lev\u00e9, mais vous devez tenir compte du fait que vous obtenez un produit complet qui est d\u00e9j\u00e0 une solution finie. Dans la pratique, cela se passe comme suit : le client commande un produit chez nous et re\u00e7oit une lanterne pr\u00eate \u00e0 \u00eatre install\u00e9e. Il n&rsquo;a pas \u00e0 se pr\u00e9occuper du raccordement au r\u00e9seau ou de la mise \u00e0 la terre, car nos <strong>feux de stationnement \u00e0 LED<\/strong> n&rsquo;en ont pas besoin. L&rsquo;installation des lanternes de parc solaires est incroyablement facile. Notre offre ne comprend que des produits de la meilleure qualit\u00e9. Leur qualit\u00e9 se manifeste, entre autres, par leur durabilit\u00e9 et leur performance. Les poteaux sur lesquels sont mont\u00e9s les panneaux photovolta\u00efques et les modules LED sont en acier galvanis\u00e9. Les modules LED que nous utilisons se caract\u00e9risent par une longue dur\u00e9e de vie, tout comme les modules photovolta\u00efques (op\u00e9rationnels pendant 25 ans !) et les batteries au gel (dur\u00e9e de vie de 12 ans).<\/p>\n\n\n\n<p>La rentabilit\u00e9 de l&rsquo;investissement dans les sources lumineuses solaires LED est indiscutable. Nous n&rsquo;avons pas \u00e0 payer la facture d&rsquo;\u00e9lectricit\u00e9, qui devient de plus en plus ch\u00e8re chaque ann\u00e9e. Nous utilisons l&rsquo;\u00e9nergie solaire, qui est totalement gratuite. La seule d\u00e9pense est le co\u00fbt direct du produit achet\u00e9 et le service d&rsquo;entretien des lampes solaires et \u00e9ventuellement le remplacement de certaines pi\u00e8ces. En cas de panne, la r\u00e9paration est tr\u00e8s simple, contrairement \u00e0 la d\u00e9faillance d&rsquo;un syst\u00e8me de lanterne traditionnel, o\u00f9 c&rsquo;est g\u00e9n\u00e9ralement l&rsquo;ensemble de la ligne qui doit \u00eatre inspect\u00e9e et r\u00e9par\u00e9e en d\u00e9tail. Chacune de nos lanternes est un syst\u00e8me autonome.<\/p>\n<\/div>\n<\/div>\n\n<div class=\"wp-block-columns is-layout-flex wp-container-core-columns-is-layout-9d6595d7 wp-block-columns-is-layout-flex\">\n<div class=\"wp-block-column is-layout-flow wp-block-column-is-layout-flow\">\n<h2 class=\"wp-block-heading\">Lampe de parc solaire &#8211; une mani\u00e8re innovante de s&rsquo;\u00e9clairer<\/h2>\n\n\n\n<p>Les <strong>lampes de parc modernes<\/strong> ne doivent pas g\u00e9n\u00e9rer d&rsquo;\u00e9normes d\u00e9penses d&rsquo;\u00e9lectricit\u00e9. Apr\u00e8s tout, nous pouvons utiliser ce que la nature nous donne : l&rsquo;\u00e9nergie solaire, qui est totalement gratuite. La puissance lumineuse des lampes solaires convient \u00e0 l&rsquo;\u00e9clairage de lieux tels que les parcs, les places, les terrains de jeu ou les cours de r\u00e9cr\u00e9ation. Elle peut \u00e9galement servir de lumi\u00e8re de secours, utilis\u00e9e pour fournir un \u00e9clairage lorsque les lanternes de parc traditionnelles ne fonctionnent pas. Nous proposons des options d&rsquo;\u00e9clairage solaire int\u00e9ressantes \u00e0 des prix abordables. Si vous avez des doutes, nous mettons nos connaissances \u00e0 votre service et serons heureux de vous fournir toutes les informations dont vous avez besoin. Nous vous aiderons \u00e9galement \u00e0 choisir le bon produit.<\/p>\n<\/div>\n\n\n\n<div class=\"wp-block-column is-layout-flow wp-block-column-is-layout-flow\">\n<figure class=\"wp-block-image size-full\"><img decoding=\"async\" width=\"2560\" height=\"1440\" src=\"https:\/\/petraenergia.pl\/wp-content\/uploads\/2021\/07\/petraenergia-leczyca-l-027-scaled.jpg\" alt=\"\" class=\"wp-image-1532\"\/><\/figure>\n<\/div>\n<\/div>\n","protected":false},"excerpt":{"rendered":"<p>Les parcs urbains sont un lieu fantastique pour se retrouver entre amis, un&#8230;<\/p>\n","protected":false},"author":1,"featured_media":0,"parent":0,"menu_order":0,"comment_status":"closed","ping_status":"closed","template":"","meta":{"_acf_changed":false,"footnotes":""},"class_list":["post-3592","page","type-page","status-publish","hentry"],"acf":[],"aioseo_notices":[],"_links":{"self":[{"href":"https:\/\/petraenergia.pl\/fr\/wp-json\/wp\/v2\/pages\/3592","targetHints":{"allow":["GET"]}}],"collection":[{"href":"https:\/\/petraenergia.pl\/fr\/wp-json\/wp\/v2\/pages"}],"about":[{"href":"https:\/\/petraenergia.pl\/fr\/wp-json\/wp\/v2\/types\/page"}],"author":[{"embeddable":true,"href":"https:\/\/petraenergia.pl\/fr\/wp-json\/wp\/v2\/users\/1"}],"replies":[{"embeddable":true,"href":"https:\/\/petraenergia.pl\/fr\/wp-json\/wp\/v2\/comments?post=3592"}],"version-history":[{"count":1,"href":"https:\/\/petraenergia.pl\/fr\/wp-json\/wp\/v2\/pages\/3592\/revisions"}],"predecessor-version":[{"id":3593,"href":"https:\/\/petraenergia.pl\/fr\/wp-json\/wp\/v2\/pages\/3592\/revisions\/3593"}],"wp:attachment":[{"href":"https:\/\/petraenergia.pl\/fr\/wp-json\/wp\/v2\/media?parent=3592"}],"curies":[{"name":"wp","href":"https:\/\/api.w.org\/{rel}","templated":true}]}}