{"id":3594,"date":"2024-06-28T00:37:20","date_gmt":"2024-06-27T22:37:20","guid":{"rendered":"https:\/\/petraenergia.pl\/a-propos-de-nous-conformement-a-notre-mission\/"},"modified":"2024-06-28T00:37:23","modified_gmt":"2024-06-27T22:37:23","slug":"a-propos-de-nous-conformement-a-notre-mission","status":"publish","type":"page","link":"https:\/\/petraenergia.pl\/fr\/a-propos-de-nous-conformement-a-notre-mission\/","title":{"rendered":"\u00c0 propos de nous &#8211; Conform\u00e9ment \u00e0 notre mission"},"content":{"rendered":"\n<h2 class=\"wp-block-heading\">QUELLE EST NOTRE MISSION ?<\/h2>\n\n<p><strong>Notre mission est de <\/strong>fournir des solutions innovantes qui r\u00e9duisent les co\u00fbts de l&rsquo;\u00e9lectricit\u00e9 et augmentent l&rsquo;ind\u00e9pendance \u00e9nerg\u00e9tique de nos clients.<\/p>\n\n<p><strong>Nous concevons et <a href=\"https:\/\/petraenergia.pl\/realizacje\/\" title=\"\">r\u00e9alisons des<\/a><\/strong> installations utilisant des sources d&rsquo;\u00e9nergie renouvelables. Nous nous sp\u00e9cialisons principalement dans l&rsquo;\u00e9clairage ext\u00e9rieur et les installations qui captent l&rsquo;\u00e9lectricit\u00e9 du soleil (photovolta\u00efques).  <\/p>\n\n<p>Nous pensons qu&rsquo;en exploitant le potentiel des <a href=\"https:\/\/www.ecocomfort.pl\/oze-czyli-co-to-sa-odnawialne-zrodla-energii\/\" title=\"\">sources d&rsquo;\u00e9nergie renouvelables<\/a>, nous am\u00e9liorons la qualit\u00e9 de vie et l&rsquo;environnement.<\/p>\n\n<p>Nous sommes guid\u00e9s par le principe selon lequel <strong>les petites choses font une grande diff\u00e9rence<\/strong>.<\/p>\n\n<h2 class=\"wp-block-heading\">QUE SE CACHE-T-IL DERRI\u00c8RE CE SLOGAN ?<\/h2>\n\n<p>Cette affirmation part d&rsquo;un constat simple : nous ne sommes pas seuls au monde. Que nous le voulions ou non, nous faisons partie de quelque chose de plus grand. la famille, l&rsquo;entreprise, la soci\u00e9t\u00e9. En tant qu&rsquo;individu, nous faisons partie int\u00e9grante d&rsquo;une forme de vie collective plus vaste.<\/p>\n\n<h2 class=\"wp-block-heading\">C&rsquo;EST POUR CETTE RAISON QUE TOUT CE QUE NOUS FAISONS EST IMPORTANT<\/h2>\n\n<p>Un mot prononc\u00e9 involontairement, une vis mal serr\u00e9e, un \u00e9l\u00e9ment d&rsquo;installation mal choisi&#8230; Chaque d\u00e9cision que nous prenons est assortie d&rsquo;une responsabilit\u00e9. Un oubli peut co\u00fbter des centaines de milliers de zlotys, une d\u00e9cision h\u00e2tive peut avoir des cons\u00e9quences d\u00e9sastreuses et, surtout, la confiance des gens, qu&rsquo;il est difficile de regagner par la suite. Nos actions trouvent un \u00e9cho et se r\u00e9percutent dans la soci\u00e9t\u00e9. Le r\u00e9sultat final est fait de nombreux d\u00e9tails, d&rsquo;heures d&rsquo;efforts minutieux et fastidieux, et ce faisant, nous sommes motiv\u00e9s par notre mission.  <\/p>\n\n<h2 class=\"wp-block-heading\">NOTRE AVENIR D\u00c9PEND DE CE QUE NOUS FAISONS AUJOURD&rsquo;HUI  <\/h2>\n\n<p>Nous sommes une entreprise qui reconna\u00eet faire partie d&rsquo;un secteur dynamique et nous voulons avoir un impact positif sur les gens qui nous entourent. Nous voulons promouvoir cette attitude aupr\u00e8s de nos clients afin qu&rsquo;ils pr\u00eatent attention \u00e0 des choses apparemment petites, \u00e0 des \u00e9conomies apparemment insignifiantes. Souvent, ce sont les plus petits changements quotidiens qui font la plus grande diff\u00e9rence au niveau du r\u00e9sultat final. C&rsquo;est pourquoi <strong>les petites choses font une grande diff\u00e9rence<\/strong>.<\/p>\n","protected":false},"excerpt":{"rendered":"<p>QUELLE EST NOTRE MISSION ? Notre mission est de fournir des solutions innovantes&#8230;<\/p>\n","protected":false},"author":1,"featured_media":0,"parent":0,"menu_order":0,"comment_status":"closed","ping_status":"closed","template":"","meta":{"_acf_changed":false,"footnotes":""},"class_list":["post-3594","page","type-page","status-publish","hentry"],"acf":[],"aioseo_notices":[],"_links":{"self":[{"href":"https:\/\/petraenergia.pl\/fr\/wp-json\/wp\/v2\/pages\/3594","targetHints":{"allow":["GET"]}}],"collection":[{"href":"https:\/\/petraenergia.pl\/fr\/wp-json\/wp\/v2\/pages"}],"about":[{"href":"https:\/\/petraenergia.pl\/fr\/wp-json\/wp\/v2\/types\/page"}],"author":[{"embeddable":true,"href":"https:\/\/petraenergia.pl\/fr\/wp-json\/wp\/v2\/users\/1"}],"replies":[{"embeddable":true,"href":"https:\/\/petraenergia.pl\/fr\/wp-json\/wp\/v2\/comments?post=3594"}],"version-history":[{"count":1,"href":"https:\/\/petraenergia.pl\/fr\/wp-json\/wp\/v2\/pages\/3594\/revisions"}],"predecessor-version":[{"id":3596,"href":"https:\/\/petraenergia.pl\/fr\/wp-json\/wp\/v2\/pages\/3594\/revisions\/3596"}],"wp:attachment":[{"href":"https:\/\/petraenergia.pl\/fr\/wp-json\/wp\/v2\/media?parent=3594"}],"curies":[{"name":"wp","href":"https:\/\/api.w.org\/{rel}","templated":true}]}}