{"id":3636,"date":"2024-06-28T01:12:56","date_gmt":"2024-06-27T23:12:56","guid":{"rendered":"https:\/\/petraenergia.pl\/offre\/surveillance-par-television-en-circuit-ferme\/"},"modified":"2024-06-28T01:12:59","modified_gmt":"2024-06-27T23:12:59","slug":"surveillance-par-television-en-circuit-ferme","status":"publish","type":"page","link":"https:\/\/petraenergia.pl\/fr\/offre\/surveillance-par-television-en-circuit-ferme\/","title":{"rendered":"Surveillance par t\u00e9l\u00e9vision en circuit ferm\u00e9"},"content":{"rendered":"\n<div class=\"wp-block-columns is-layout-flex wp-container-core-columns-is-layout-9d6595d7 wp-block-columns-is-layout-flex\">\n<div class=\"wp-block-column is-layout-flow wp-block-column-is-layout-flow\" style=\"flex-basis:66.66%\">\n<p>Surveillance solaire CCTV <em>(Closed Circuit Television<\/em> &#8211; litt\u00e9ralement : <em>t\u00e9l\u00e9vision en circuit ferm\u00e9<\/em> ). T\u00e9l\u00e9vision en circuit ferm\u00e9, ou simplement vid\u00e9osurveillance) &#8211; ce dispositif permet d&rsquo;observer l&rsquo;environnement ou l&rsquo;int\u00e9rieur d&rsquo;objets \u00e0 l&rsquo;aide de cam\u00e9ras. Gr\u00e2ce \u00e0 la technologie actuelle, il n&rsquo;est pas n\u00e9cessaire de disposer d&rsquo;une alimentation \u00e9lectrique pour surveiller des installations importantes. Nos solutions se concentrent sur la fourniture de kits de surveillance complets aliment\u00e9s par des sources d&rsquo;\u00e9nergie renouvelables. Ce qui est important, c&rsquo;est qu&rsquo;avec une configuration ad\u00e9quate, ces appareils peuvent fonctionner toute l&rsquo;ann\u00e9e sous notre latitude.<\/p>\n\n\n\n<p>La vid\u00e9osurveillance solaire est bien adapt\u00e9e \u00e0 la s\u00e9curit\u00e9 :<\/p>\n\n\n\n<ul class=\"wp-block-list\">\n<li>Espaces ouverts<\/li>\n\n\n\n<li>For\u00eats<\/li>\n\n\n\n<li>Chantiers de construction de parkings<\/li>\n\n\n\n<li>parcs<\/li>\n\n\n\n<li>entrep\u00f4ts<\/li>\n\n\n\n<li>maisons et parcelles<\/li>\n<\/ul>\n<\/div>\n\n\n\n<div class=\"wp-block-column is-layout-flow wp-block-column-is-layout-flow\" style=\"flex-basis:33.33%\">\n<figure class=\"wp-block-image size-large\"><img decoding=\"async\" width=\"1260\" height=\"1136\" src=\"https:\/\/petra.goodone.digital\/wp-content\/uploads\/2021\/04\/petraenergia-strona-glowna-pexels-henrikas-mackevicius-4059469.jpg\" alt=\"\" class=\"wp-image-395\" srcset=\"https:\/\/petraenergia.pl\/wp-content\/uploads\/2021\/04\/petraenergia-strona-glowna-pexels-henrikas-mackevicius-4059469.jpg 1260w, https:\/\/petraenergia.pl\/wp-content\/uploads\/2021\/04\/petraenergia-strona-glowna-pexels-henrikas-mackevicius-4059469-1024x923.jpg 1024w, https:\/\/petraenergia.pl\/wp-content\/uploads\/2021\/04\/petraenergia-strona-glowna-pexels-henrikas-mackevicius-4059469-768x692.jpg 768w\" sizes=\"(max-width: 1260px) 100vw, 1260px\" \/><\/figure>\n<\/div>\n<\/div>\n\n<h2 class=\"wp-block-heading\">Galerie :<\/h2>\n\n<figure class=\"wp-block-gallery has-nested-images columns-default is-cropped wp-block-gallery-1 is-layout-flex wp-block-gallery-is-layout-flex\">\n<figure class=\"wp-block-image size-large\"><a href=\"https:\/\/petraenergia.pl\/wp-content\/uploads\/2021\/05\/petraenergia-monitoring-cctv-latarniacctv-scaled.jpg\"><img decoding=\"async\" width=\"658\" height=\"1600\" data-id=\"1123\" src=\"https:\/\/petraenergia.pl\/wp-content\/uploads\/2021\/05\/petraenergia-monitoring-cctv-latarniacctv-658x1600.jpg\" alt=\"\" class=\"wp-image-1123\" srcset=\"https:\/\/petraenergia.pl\/wp-content\/uploads\/2021\/05\/petraenergia-monitoring-cctv-latarniacctv-658x1600.jpg 658w, https:\/\/petraenergia.pl\/wp-content\/uploads\/2021\/05\/petraenergia-monitoring-cctv-latarniacctv-421x1024.jpg 421w, https:\/\/petraenergia.pl\/wp-content\/uploads\/2021\/05\/petraenergia-monitoring-cctv-latarniacctv-768x1868.jpg 768w, https:\/\/petraenergia.pl\/wp-content\/uploads\/2021\/05\/petraenergia-monitoring-cctv-latarniacctv-842x2048.jpg 842w, https:\/\/petraenergia.pl\/wp-content\/uploads\/2021\/05\/petraenergia-monitoring-cctv-latarniacctv-scaled.jpg 1052w\" sizes=\"(max-width: 658px) 100vw, 658px\" \/><\/a><\/figure>\n\n\n\n<figure class=\"wp-block-image size-large\"><a href=\"https:\/\/petraenergia.pl\/wp-content\/uploads\/2021\/05\/petraenergia-monitoring-cctv-latarniacctv-ruter-scaled.jpg\"><img decoding=\"async\" width=\"1227\" height=\"1600\" data-id=\"1127\" src=\"https:\/\/petraenergia.pl\/wp-content\/uploads\/2021\/05\/petraenergia-monitoring-cctv-latarniacctv-ruter-1227x1600.jpg\" alt=\"\" class=\"wp-image-1127\" srcset=\"https:\/\/petraenergia.pl\/wp-content\/uploads\/2021\/05\/petraenergia-monitoring-cctv-latarniacctv-ruter-1227x1600.jpg 1227w, https:\/\/petraenergia.pl\/wp-content\/uploads\/2021\/05\/petraenergia-monitoring-cctv-latarniacctv-ruter-785x1024.jpg 785w, https:\/\/petraenergia.pl\/wp-content\/uploads\/2021\/05\/petraenergia-monitoring-cctv-latarniacctv-ruter-768x1002.jpg 768w, https:\/\/petraenergia.pl\/wp-content\/uploads\/2021\/05\/petraenergia-monitoring-cctv-latarniacctv-ruter-1178x1536.jpg 1178w, https:\/\/petraenergia.pl\/wp-content\/uploads\/2021\/05\/petraenergia-monitoring-cctv-latarniacctv-ruter-1570x2048.jpg 1570w, https:\/\/petraenergia.pl\/wp-content\/uploads\/2021\/05\/petraenergia-monitoring-cctv-latarniacctv-ruter-scaled.jpg 1963w\" sizes=\"(max-width: 1227px) 100vw, 1227px\" \/><\/a><\/figure>\n<\/figure>\n","protected":false},"excerpt":{"rendered":"<p>Surveillance solaire CCTV (Closed Circuit Television &#8211; litt\u00e9ralement : t\u00e9l\u00e9vision en circuit ferm\u00e9&#8230;<\/p>\n","protected":false},"author":1,"featured_media":0,"parent":3512,"menu_order":4,"comment_status":"closed","ping_status":"closed","template":"","meta":{"_acf_changed":false,"footnotes":""},"class_list":["post-3636","page","type-page","status-publish","hentry"],"acf":[],"aioseo_notices":[],"_links":{"self":[{"href":"https:\/\/petraenergia.pl\/fr\/wp-json\/wp\/v2\/pages\/3636","targetHints":{"allow":["GET"]}}],"collection":[{"href":"https:\/\/petraenergia.pl\/fr\/wp-json\/wp\/v2\/pages"}],"about":[{"href":"https:\/\/petraenergia.pl\/fr\/wp-json\/wp\/v2\/types\/page"}],"author":[{"embeddable":true,"href":"https:\/\/petraenergia.pl\/fr\/wp-json\/wp\/v2\/users\/1"}],"replies":[{"embeddable":true,"href":"https:\/\/petraenergia.pl\/fr\/wp-json\/wp\/v2\/comments?post=3636"}],"version-history":[{"count":1,"href":"https:\/\/petraenergia.pl\/fr\/wp-json\/wp\/v2\/pages\/3636\/revisions"}],"predecessor-version":[{"id":3642,"href":"https:\/\/petraenergia.pl\/fr\/wp-json\/wp\/v2\/pages\/3636\/revisions\/3642"}],"up":[{"embeddable":true,"href":"https:\/\/petraenergia.pl\/fr\/wp-json\/wp\/v2\/pages\/3512"}],"wp:attachment":[{"href":"https:\/\/petraenergia.pl\/fr\/wp-json\/wp\/v2\/media?parent=3636"}],"curies":[{"name":"wp","href":"https:\/\/api.w.org\/{rel}","templated":true}]}}