{"id":3658,"date":"2024-06-28T01:15:18","date_gmt":"2024-06-27T23:15:18","guid":{"rendered":"https:\/\/petraenergia.pl\/offre\/atelier-de-fabrication-de-composants\/"},"modified":"2024-06-28T01:15:36","modified_gmt":"2024-06-27T23:15:36","slug":"atelier-de-fabrication-de-composants","status":"publish","type":"page","link":"https:\/\/petraenergia.pl\/fr\/offre\/atelier-de-fabrication-de-composants\/","title":{"rendered":"Atelier de fabrication de composants"},"content":{"rendered":"\n<p>Outre les municipalit\u00e9s et les entreprises, nous nous adressons \u00e9galement aux particuliers. Si vous n&rsquo;\u00eates pas int\u00e9ress\u00e9 par un service d&rsquo;assemblage, vous pouvez l&rsquo;\u00eatre par notre atelier de composants. Dans notre offre, vous trouverez :<\/p>\n\n<ul class=\"wp-block-list\" id=\"block-e35cee87-17a7-4628-a453-fa34290fedd6\">\n<li>accessoires  <\/li>\n\n\n\n<li>composants pour syst\u00e8mes photovolta\u00efques et lampes solaires<\/li>\n\n\n\n<li>\u00e9oliennes<\/li>\n\n\n\n<li>panneaux photovolta\u00efques<\/li>\n\n\n\n<li>m\u00e2ts de puissance<\/li>\n\n\n\n<li>lampes murales solaires<\/li>\n\n\n\n<li>Luminaires LED<\/li>\n\n\n\n<li>et bien d&rsquo;autres encore !<\/li>\n<\/ul>\n\n<p>Nous vous invitons \u00e0 d\u00e9couvrir la gamme de produits de notre boutique.<\/p>\n\n<div class=\"wp-block-buttons is-layout-flex wp-block-buttons-is-layout-flex\">\n<div class=\"wp-block-button\"><a class=\"wp-block-button__link wp-element-button\" href=\"https:\/\/mojaenergia24.pl\/\" target=\"_blank\" rel=\"noreferrer noopener\">Aller \u00e0 la boutique<\/a><\/div>\n<\/div>\n","protected":false},"excerpt":{"rendered":"<p>Outre les municipalit\u00e9s et les entreprises, nous nous adressons \u00e9galement aux particuliers. Si&#8230;<\/p>\n","protected":false},"author":1,"featured_media":0,"parent":3512,"menu_order":3,"comment_status":"closed","ping_status":"closed","template":"","meta":{"_acf_changed":false,"footnotes":""},"class_list":["post-3658","page","type-page","status-publish","hentry"],"acf":[],"aioseo_notices":[],"_links":{"self":[{"href":"https:\/\/petraenergia.pl\/fr\/wp-json\/wp\/v2\/pages\/3658","targetHints":{"allow":["GET"]}}],"collection":[{"href":"https:\/\/petraenergia.pl\/fr\/wp-json\/wp\/v2\/pages"}],"about":[{"href":"https:\/\/petraenergia.pl\/fr\/wp-json\/wp\/v2\/types\/page"}],"author":[{"embeddable":true,"href":"https:\/\/petraenergia.pl\/fr\/wp-json\/wp\/v2\/users\/1"}],"replies":[{"embeddable":true,"href":"https:\/\/petraenergia.pl\/fr\/wp-json\/wp\/v2\/comments?post=3658"}],"version-history":[{"count":1,"href":"https:\/\/petraenergia.pl\/fr\/wp-json\/wp\/v2\/pages\/3658\/revisions"}],"predecessor-version":[{"id":3659,"href":"https:\/\/petraenergia.pl\/fr\/wp-json\/wp\/v2\/pages\/3658\/revisions\/3659"}],"up":[{"embeddable":true,"href":"https:\/\/petraenergia.pl\/fr\/wp-json\/wp\/v2\/pages\/3512"}],"wp:attachment":[{"href":"https:\/\/petraenergia.pl\/fr\/wp-json\/wp\/v2\/media?parent=3658"}],"curies":[{"name":"wp","href":"https:\/\/api.w.org\/{rel}","templated":true}]}}