{"id":3664,"date":"2024-06-28T01:16:09","date_gmt":"2024-06-27T23:16:09","guid":{"rendered":"https:\/\/petraenergia.pl\/contact\/"},"modified":"2024-08-27T18:13:21","modified_gmt":"2024-08-27T16:13:21","slug":"contact","status":"publish","type":"page","link":"https:\/\/petraenergia.pl\/fr\/contact\/","title":{"rendered":"Contact"},"content":{"rendered":"\n<p>Si vous avez des questions sur nos produits, n&rsquo;h\u00e9sitez pas \u00e0 nous contacter. Nous nous ferons un plaisir de r\u00e9pondre \u00e0 vos questions.<\/p>\n\n\n\n<div class=\"wp-block-columns is-layout-flex wp-container-core-columns-is-layout-9d6595d7 wp-block-columns-is-layout-flex\">\n<div class=\"wp-block-column is-layout-flow wp-block-column-is-layout-flow\">\n<h2 class=\"wp-block-heading\">Petra Energia Sp. z o.o.<\/h2>\n\n\n\n<p>ul. Sochaczewska 110, Macierzysz<br>05-850 Ozarow Mazowiecki<\/p>\n\n\n\n<figure class=\"wp-block-table\"><table><tbody><tr><td>KRS :<\/td><td class=\"has-text-align-right\" data-align=\"right\">0000478805<\/td><\/tr><tr><td>PNM :<\/td><td class=\"has-text-align-right\" data-align=\"right\">118-209-45-32<\/td><\/tr><tr><td>REGON :<\/td><td class=\"has-text-align-right\" data-align=\"right\">146899208<\/td><\/tr><tr><td>GIO\u015a NO :<\/td><td class=\"has-text-align-right\" data-align=\"right\">E0000413SA<\/td><\/tr><\/tbody><\/table><\/figure>\n\n\n\n<p>Num\u00e9ro de compte bancaire<br>PLN : 23 1050 1025 1000 0090 3025 6482<\/p>\n\n\n\n<p>EUR : 43 1050 1025 1000 0024 1224 0323<\/p>\n\n\n\n<p>USD : 63 1050 1025 1000 0024 1210 8819<\/p>\n<\/div>\n\n\n\n<div class=\"wp-block-column no-flex is-layout-flow wp-block-column-is-layout-flow\">\n<h2 class=\"wp-block-heading\">Coordonn\u00e9es<\/h2>\n\n\n<i class=\"icon icon--content icon-mail\"><\/i>\n\n\n\n<p><a href=\"mailto:info@petraenergia.pl\"><strong>info@petraenergia.pl<\/strong><\/a><\/p>\n\n\n<i class=\"icon icon--content icon-phone\"><\/i>\n\n\n\n<p><a href=\"tel:+48227217270\"><strong>+48 22 721 7270<\/strong><\/a><br><a href=\"tel:+48227217271\" data-type=\"tel\" data-id=\"tel:+48227217271\"><strong>+48 22 721 7271<\/strong><\/a><br><a href=\"tel:+48882110105\"><strong>+48 882 110 105<\/strong><\/a><\/p>\n\n\n<a class=\"link link--social-media is-facebook\" href=\"https:\/\/www.facebook.com\/petraenergia\" target=\"_blank\"><i class=\"icon icon--content icon-facebook\"><\/i><span>Polub nas na facebook<\/span><\/a>\n\n\n<a class=\"link link--social-media is-linkedin\" href=\"https:\/\/www.linkedin.com\/company\/petra-energia-sp-z-o-o\/\" target=\"_blank\"><i class=\"icon icon--content icon-linkedin\"><\/i><span>Linkedin<\/span><\/a>\n<\/div>\n<\/div>\n","protected":false},"excerpt":{"rendered":"<p>Si vous avez des questions sur nos produits, n&rsquo;h\u00e9sitez pas \u00e0 nous contacter&#8230;.<\/p>\n","protected":false},"author":1,"featured_media":0,"parent":0,"menu_order":0,"comment_status":"closed","ping_status":"closed","template":"tpl-contact.php","meta":{"_acf_changed":false,"footnotes":""},"class_list":["post-3664","page","type-page","status-publish","hentry"],"acf":[],"aioseo_notices":[],"_links":{"self":[{"href":"https:\/\/petraenergia.pl\/fr\/wp-json\/wp\/v2\/pages\/3664","targetHints":{"allow":["GET"]}}],"collection":[{"href":"https:\/\/petraenergia.pl\/fr\/wp-json\/wp\/v2\/pages"}],"about":[{"href":"https:\/\/petraenergia.pl\/fr\/wp-json\/wp\/v2\/types\/page"}],"author":[{"embeddable":true,"href":"https:\/\/petraenergia.pl\/fr\/wp-json\/wp\/v2\/users\/1"}],"replies":[{"embeddable":true,"href":"https:\/\/petraenergia.pl\/fr\/wp-json\/wp\/v2\/comments?post=3664"}],"version-history":[{"count":2,"href":"https:\/\/petraenergia.pl\/fr\/wp-json\/wp\/v2\/pages\/3664\/revisions"}],"predecessor-version":[{"id":5262,"href":"https:\/\/petraenergia.pl\/fr\/wp-json\/wp\/v2\/pages\/3664\/revisions\/5262"}],"wp:attachment":[{"href":"https:\/\/petraenergia.pl\/fr\/wp-json\/wp\/v2\/media?parent=3664"}],"curies":[{"name":"wp","href":"https:\/\/api.w.org\/{rel}","templated":true}]}}