{"id":3672,"date":"2024-06-28T01:17:18","date_gmt":"2024-06-27T23:17:18","guid":{"rendered":"https:\/\/petraenergia.pl\/offre\/service-de-lampes-solaires\/"},"modified":"2024-06-28T01:17:25","modified_gmt":"2024-06-27T23:17:25","slug":"service-de-lampes-solaires","status":"publish","type":"page","link":"https:\/\/petraenergia.pl\/fr\/offre\/service-de-lampes-solaires\/","title":{"rendered":"Service de lampes solaires"},"content":{"rendered":"\n<p><\/p>\n\n<p><\/p>\n\n<div class=\"wp-block-columns is-layout-flex wp-container-core-columns-is-layout-9d6595d7 wp-block-columns-is-layout-flex\">\n<div class=\"wp-block-column is-layout-flow wp-block-column-is-layout-flow\" style=\"flex-basis:66.66%\">\n<p>Les lanternes solaires sont des dispositifs qui, s&rsquo;ils sont bien install\u00e9s et utilisent des composants de qualit\u00e9, <strong>peuvent fonctionner sans d\u00e9faillance pendant une p\u00e9riode pouvant aller jusqu&rsquo;\u00e0 10 ans<\/strong>. Cependant, comme tout \u00e9quipement, ils peuvent \u00eatre endommag\u00e9s, par exemple par la foudre, le vandalisme, une utilisation intensive, etc.<\/p>\n\n\n\n<h2 class=\"wp-block-heading\">Nous avons plus de 8 ans d&rsquo;exp\u00e9rience dans la fourniture et l&rsquo;entretien de lanternes solaires et hybrides.<\/h2>\n\n\n\n<p>  Nous entretenons tous les types de lanternes, disposons d&rsquo;un stock permanent de pi\u00e8ces d\u00e9tach\u00e9es et d&rsquo;\u00e9quipes d&rsquo;experts.<\/p>\n\n\n\n<p>Vous pouvez utiliser nos services quel que soit le fournisseur de votre installation.<\/p>\n\n\n\n<h2 class=\"wp-block-heading\" id=\"block-d5135792-cb27-4d25-84f7-247451d48478\">Nous vous proposons :<\/h2>\n\n\n\n<ul class=\"wp-block-list\">\n<li>Consultation gratuite<\/li>\n\n\n\n<li>Pr\u00e9-diagnostic en ligne<\/li>\n\n\n\n<li>Remplacement des composants d\u00e9fectueux<\/li>\n\n\n\n<li>Garantie de six mois sur les pi\u00e8ces<\/li>\n<\/ul>\n\n\n\n<p>Pour conna\u00eetre les d\u00e9tails de l&rsquo;offre, <a href=\"https:\/\/petraenergia.pl\/fr\/contact\/\" title=\"\">appelez-nous <\/a>ou envoyez-nous un courriel. Nous vous r\u00e9pondrons dans les 24 heures.<\/p>\n<\/div>\n\n\n\n<div class=\"wp-block-column is-layout-flow wp-block-column-is-layout-flow\" style=\"flex-basis:33.33%\">\n<figure class=\"wp-block-image size-large\"><img decoding=\"async\" width=\"614\" height=\"1388\" src=\"https:\/\/petra.goodone.digital\/wp-content\/uploads\/2021\/04\/petraenergia-przesmyki-photo3-1.jpg\" alt=\"\" class=\"wp-image-577\" srcset=\"https:\/\/petraenergia.pl\/wp-content\/uploads\/2021\/04\/petraenergia-przesmyki-photo3-1.jpg 614w, https:\/\/petraenergia.pl\/wp-content\/uploads\/2021\/04\/petraenergia-przesmyki-photo3-1-453x1024.jpg 453w\" sizes=\"(max-width: 614px) 100vw, 614px\" \/><\/figure>\n\n\n\n<p><\/p>\n<\/div>\n<\/div>\n\n<h2 class=\"wp-block-heading\">Galerie :<\/h2>\n\n<figure class=\"wp-block-gallery has-nested-images columns-default is-cropped wp-block-gallery-1 is-layout-flex wp-block-gallery-is-layout-flex\">\n<figure class=\"wp-block-image size-thumbnail\"><a href=\"https:\/\/petraenergia.pl\/wp-content\/uploads\/2021\/05\/petraenergia-serwis-lamp-solarnych-img-3427-scaled.jpg\"><img decoding=\"async\" width=\"360\" height=\"360\" data-id=\"903\" src=\"https:\/\/petraenergia.pl\/wp-content\/uploads\/2021\/05\/petraenergia-serwis-lamp-solarnych-img-3427-360x360.jpg\" alt=\"\" class=\"wp-image-903\"\/><\/a><\/figure>\n\n\n\n<figure class=\"wp-block-image size-thumbnail\"><a href=\"https:\/\/petraenergia.pl\/wp-content\/uploads\/2021\/05\/petraenergia-serwis-lamp-solarnych-img-3420-scaled.jpg\"><img decoding=\"async\" width=\"360\" height=\"360\" data-id=\"905\" src=\"https:\/\/petraenergia.pl\/wp-content\/uploads\/2021\/05\/petraenergia-serwis-lamp-solarnych-img-3420-360x360.jpg\" alt=\"\" class=\"wp-image-905\"\/><\/a><\/figure>\n\n\n\n<figure class=\"wp-block-image size-thumbnail\"><a href=\"https:\/\/petraenergia.pl\/wp-content\/uploads\/2021\/05\/petraenergia-serwis-lamp-solarnych-img-3418-scaled.jpg\"><img decoding=\"async\" width=\"360\" height=\"360\" data-id=\"907\" src=\"https:\/\/petraenergia.pl\/wp-content\/uploads\/2021\/05\/petraenergia-serwis-lamp-solarnych-img-3418-360x360.jpg\" alt=\"\" class=\"wp-image-907\"\/><\/a><\/figure>\n\n\n\n<figure class=\"wp-block-image size-thumbnail\"><a href=\"https:\/\/petraenergia.pl\/wp-content\/uploads\/2021\/05\/petraenergia-serwis-lamp-solarnych-img-3415-scaled.jpg\"><img decoding=\"async\" width=\"360\" height=\"360\" data-id=\"909\" src=\"https:\/\/petraenergia.pl\/wp-content\/uploads\/2021\/05\/petraenergia-serwis-lamp-solarnych-img-3415-360x360.jpg\" alt=\"\" class=\"wp-image-909\"\/><\/a><\/figure>\n\n\n\n<figure class=\"wp-block-image size-thumbnail\"><a href=\"https:\/\/petraenergia.pl\/wp-content\/uploads\/2021\/05\/petraenergia-serwis-lamp-solarnych-img-3421-scaled.jpg\"><img decoding=\"async\" width=\"360\" height=\"360\" data-id=\"913\" src=\"https:\/\/petraenergia.pl\/wp-content\/uploads\/2021\/05\/petraenergia-serwis-lamp-solarnych-img-3421-360x360.jpg\" alt=\"\" class=\"wp-image-913\"\/><\/a><\/figure>\n<\/figure>\n","protected":false},"excerpt":{"rendered":"<p>Les lanternes solaires sont des dispositifs qui, s&rsquo;ils sont bien install\u00e9s et utilisent&#8230;<\/p>\n","protected":false},"author":1,"featured_media":3617,"parent":3512,"menu_order":5,"comment_status":"closed","ping_status":"closed","template":"","meta":{"_acf_changed":false,"footnotes":""},"class_list":["post-3672","page","type-page","status-publish","has-post-thumbnail","hentry"],"acf":[],"aioseo_notices":[],"_links":{"self":[{"href":"https:\/\/petraenergia.pl\/fr\/wp-json\/wp\/v2\/pages\/3672","targetHints":{"allow":["GET"]}}],"collection":[{"href":"https:\/\/petraenergia.pl\/fr\/wp-json\/wp\/v2\/pages"}],"about":[{"href":"https:\/\/petraenergia.pl\/fr\/wp-json\/wp\/v2\/types\/page"}],"author":[{"embeddable":true,"href":"https:\/\/petraenergia.pl\/fr\/wp-json\/wp\/v2\/users\/1"}],"replies":[{"embeddable":true,"href":"https:\/\/petraenergia.pl\/fr\/wp-json\/wp\/v2\/comments?post=3672"}],"version-history":[{"count":1,"href":"https:\/\/petraenergia.pl\/fr\/wp-json\/wp\/v2\/pages\/3672\/revisions"}],"predecessor-version":[{"id":3681,"href":"https:\/\/petraenergia.pl\/fr\/wp-json\/wp\/v2\/pages\/3672\/revisions\/3681"}],"up":[{"embeddable":true,"href":"https:\/\/petraenergia.pl\/fr\/wp-json\/wp\/v2\/pages\/3512"}],"wp:featuredmedia":[{"embeddable":true,"href":"https:\/\/petraenergia.pl\/fr\/wp-json\/wp\/v2\/media\/3617"}],"wp:attachment":[{"href":"https:\/\/petraenergia.pl\/fr\/wp-json\/wp\/v2\/media?parent=3672"}],"curies":[{"name":"wp","href":"https:\/\/api.w.org\/{rel}","templated":true}]}}