{"id":3704,"date":"2024-06-28T01:27:28","date_gmt":"2024-06-27T23:27:28","guid":{"rendered":"https:\/\/petraenergia.pl\/questions-et-reponses\/"},"modified":"2024-07-31T12:08:53","modified_gmt":"2024-07-31T10:08:53","slug":"questions-et-reponses","status":"publish","type":"page","link":"https:\/\/petraenergia.pl\/fr\/questions-et-reponses\/","title":{"rendered":"Questions et r\u00e9ponses"},"content":{"rendered":"<div class=\"faq accordion\"><div class=\"faq__item\" itemprop=\"mainEntity\" itemtype=\"https:\/\/schema.org\/Question\" itemscope>\n  <div class=\"faq__header\" data-toggle=\"collapse\" data-target=\"#collapse-0\" data-text=\"Collapse\">\n    <i class=\"icon icon-pe-arrow-circle\"><\/i>\n    <h2 itemprop=\"name\">Combien de temps un lampadaire solaire reste-t-il allum\u00e9 ?<\/h2>\n  <\/div>\n  <div class=\"faq__collapse\" id=\"collapse-0\" itemscope itemprop=\"acceptedAnswer\">\n    <div class=\"faq__content\">\n      <p>Cela d\u00e9pend du mod\u00e8le en question, d&rsquo;autres param\u00e8tres, mais nos lampadaires ont une autonomie de 3 \u00e0 7 jours.<\/p>\n    <\/div>\n  <\/div>\n<\/div>\n<div class=\"faq__item\" itemprop=\"mainEntity\" itemtype=\"https:\/\/schema.org\/Question\" itemscope>\n  <div class=\"faq__header\" data-toggle=\"collapse\" data-target=\"#collapse-1\" data-text=\"Collapse\">\n    <i class=\"icon icon-pe-arrow-circle\"><\/i>\n    <h2 itemprop=\"name\">Quels sont les crit\u00e8res de choix d&rsquo;une lampe solaire ?<\/h2>\n  <\/div>\n  <div class=\"faq__collapse\" id=\"collapse-1\" itemscope itemprop=\"acceptedAnswer\">\n    <div class=\"faq__content\">\n      <p>Lorsque vous d\u00e9cidez d&rsquo;installer une lampe solaire, vous devez tenir compte de quelques points essentiels :  <\/p>\n<ul>\n<li>La lampe solaire doit \u00eatre install\u00e9e dans un endroit d\u00e9pourvu d&rsquo;\u00e9clairage artificiel (afin d&rsquo;\u00e9viter que la lampe solaire ne s&rsquo;\u00e9teigne).<\/li>\n<li>les lampes doivent \u00eatre plac\u00e9es \u00e0 une distance suffisante les unes des autres pour ne pas interf\u00e9rer avec le travail de l&rsquo;autre<\/li>\n<li>il convient d&rsquo;examiner attentivement les <a href=\"https:\/\/petra.goodone.digital\/lampy-solarne-parametry-techniczne\/\">sp\u00e9cifications techniques<\/a> ou de demander l&rsquo;avis d&rsquo;un sp\u00e9cialiste.<\/li>\n<\/ul>\n    <\/div>\n  <\/div>\n<\/div>\n<div class=\"faq__item\" itemprop=\"mainEntity\" itemtype=\"https:\/\/schema.org\/Question\" itemscope>\n  <div class=\"faq__header\" data-toggle=\"collapse\" data-target=\"#collapse-2\" data-text=\"Collapse\">\n    <i class=\"icon icon-pe-arrow-circle\"><\/i>\n    <h2 itemprop=\"name\">Que fait Petra Energia ?<\/h2>\n  <\/div>\n  <div class=\"faq__collapse\" id=\"collapse-2\" itemscope itemprop=\"acceptedAnswer\">\n    <div class=\"faq__content\">\n      <p><span style=\"font-weight: 400;\">Petra Energia est sp\u00e9cialis\u00e9e dans la conception, la fabrication, la fourniture, l&rsquo;installation et la mise en service de lanternes solaires et hybrides.<\/span><\/p>\n    <\/div>\n  <\/div>\n<\/div>\n<div class=\"faq__item\" itemprop=\"mainEntity\" itemtype=\"https:\/\/schema.org\/Question\" itemscope>\n  <div class=\"faq__header\" data-toggle=\"collapse\" data-target=\"#collapse-3\" data-text=\"Collapse\">\n    <i class=\"icon icon-pe-arrow-circle\"><\/i>\n    <h2 itemprop=\"name\">Quels sont les principaux produits propos\u00e9s par Petra Energia ?<\/h2>\n  <\/div>\n  <div class=\"faq__collapse\" id=\"collapse-3\" itemscope itemprop=\"acceptedAnswer\">\n    <div class=\"faq__content\">\n      <p><span style=\"font-weight: 400;\">Les principaux produits de l&rsquo;entreprise sont les lanternes solaires et les lanternes hybrides, qui peuvent \u00eatre adapt\u00e9es aux exigences (besoins) individuelles des clients.<\/span><span style=\"font-weight: 400;\">Vous pouvez \u00e9galement visiter notre magasin <\/span><a href=\"http:\/\/www.mojaenergia24.pl\/\"><span style=\"font-weight: 400;\">www.mojaenergia24.pl<\/span><\/a><span style=\"font-weight: 400;\">Nous fournissons \u00e9galement des composants pour les lanternes, tels que des batteries, des r\u00e9gulateurs de charge, des luminaires, des panneaux photovolta\u00efques et des \u00e9oliennes.<\/span><\/p>\n    <\/div>\n  <\/div>\n<\/div>\n<div class=\"faq__item\" itemprop=\"mainEntity\" itemtype=\"https:\/\/schema.org\/Question\" itemscope>\n  <div class=\"faq__header\" data-toggle=\"collapse\" data-target=\"#collapse-4\" data-text=\"Collapse\">\n    <i class=\"icon icon-pe-arrow-circle\"><\/i>\n    <h2 itemprop=\"name\">Petra Energia propose-t-elle des services d&rsquo;installation ?<\/h2>\n  <\/div>\n  <div class=\"faq__collapse\" id=\"collapse-4\" itemscope itemprop=\"acceptedAnswer\">\n    <div class=\"faq__content\">\n      <p><span style=\"font-weight: 400;\">Oui, l&rsquo;entreprise propose la fourniture et l&rsquo;installation de lampes solaires dans toute la Pologne. <\/span><span style=\"font-weight: 400;\"><span style=\"text-decoration: underline;\">Pologne<\/span>.<\/span><\/p>\n    <\/div>\n  <\/div>\n<\/div>\n<div class=\"faq__item\" itemprop=\"mainEntity\" itemtype=\"https:\/\/schema.org\/Question\" itemscope>\n  <div class=\"faq__header\" data-toggle=\"collapse\" data-target=\"#collapse-5\" data-text=\"Collapse\">\n    <i class=\"icon icon-pe-arrow-circle\"><\/i>\n    <h2 itemprop=\"name\">Comment contacter Petra Energia ?<\/h2>\n  <\/div>\n  <div class=\"faq__collapse\" id=\"collapse-5\" itemscope itemprop=\"acceptedAnswer\">\n    <div class=\"faq__content\">\n      <p><span style=\"font-weight: 400;\">L&rsquo;entreprise peut \u00eatre contact\u00e9e via :<\/span><\/p>\n<ul>\n<li><span style=\"font-weight: 400;\">E-mail : <\/span><a href=\"mailto:biuro@petraenergia.pl\"><span style=\"font-weight: 400;\">biuro@petraenergia.pl<\/span><\/a><span style=\"font-weight: 400;\"> <\/span><\/li>\n<li><span style=\"font-weight: 400;\">T\u00e9l\u00e9phone : +48 22 721 72 70, +48 882 110 105  <\/span><\/li>\n<\/ul>\n<p>&nbsp;<\/p>\n    <\/div>\n  <\/div>\n<\/div>\n<div class=\"faq__item\" itemprop=\"mainEntity\" itemtype=\"https:\/\/schema.org\/Question\" itemscope>\n  <div class=\"faq__header\" data-toggle=\"collapse\" data-target=\"#collapse-6\" data-text=\"Collapse\">\n    <i class=\"icon icon-pe-arrow-circle\"><\/i>\n    <h2 itemprop=\"name\">O\u00f9 se trouve le si\u00e8ge de l&rsquo;entreprise ?<\/h2>\n  <\/div>\n  <div class=\"faq__collapse\" id=\"collapse-6\" itemscope itemprop=\"acceptedAnswer\">\n    <div class=\"faq__content\">\n      <p><span style=\"font-weight: 400;\">Le si\u00e8ge social de la soci\u00e9t\u00e9 est situ\u00e9 \u00e0 : ul.<br \/>\nSochaczewska 110, Macierzysz, 05-850 O\u017car\u00f3w Mazowiecki, woj.<br \/>\nMazowieckie, district de Varsovie Ouest  <\/span><\/p>\n    <\/div>\n  <\/div>\n<\/div>\n<div class=\"faq__item\" itemprop=\"mainEntity\" itemtype=\"https:\/\/schema.org\/Question\" itemscope>\n  <div class=\"faq__header\" data-toggle=\"collapse\" data-target=\"#collapse-7\" data-text=\"Collapse\">\n    <i class=\"icon icon-pe-arrow-circle\"><\/i>\n    <h2 itemprop=\"name\">Qu&rsquo;est-ce qu&rsquo;une lanterne solaire ?<\/h2>\n  <\/div>\n  <div class=\"faq__collapse\" id=\"collapse-7\" itemscope itemprop=\"acceptedAnswer\">\n    <div class=\"faq__content\">\n      <p><span style=\"font-weight: 400;\">Une lampe solaire est un dispositif d&rsquo;\u00e9clairage qui utilise l&rsquo;\u00e9nergie solaire pour charger les batteries qui alimentent les luminaires \u00e0 LED, \u00e9liminant ainsi le besoin d&rsquo;une connexion au r\u00e9seau.<\/span><\/p>\n    <\/div>\n  <\/div>\n<\/div>\n<div class=\"faq__item\" itemprop=\"mainEntity\" itemtype=\"https:\/\/schema.org\/Question\" itemscope>\n  <div class=\"faq__header\" data-toggle=\"collapse\" data-target=\"#collapse-8\" data-text=\"Collapse\">\n    <i class=\"icon icon-pe-arrow-circle\"><\/i>\n    <h2 itemprop=\"name\">Comment fonctionne la lanterne solaire ?<\/h2>\n  <\/div>\n  <div class=\"faq__collapse\" id=\"collapse-8\" itemscope itemprop=\"acceptedAnswer\">\n    <div class=\"faq__content\">\n      <p><span style=\"font-weight: 400;\">Les lampes solaires fonctionnent en convertissant l&rsquo;\u00e9nergie solaire en \u00e9lectricit\u00e9.<br \/>\nElles se composent de panneaux photovolta\u00efques, de batteries, de r\u00e9gulateurs de charge et de luminaires \u00e0 LED.<br \/>\nL&rsquo;\u00e9nergie solaire est absorb\u00e9e par les panneaux, stock\u00e9e dans les batteries, puis utilis\u00e9e pour alimenter les lampes LED  <\/span><\/p>\n    <\/div>\n  <\/div>\n<\/div>\n<div class=\"faq__item\" itemprop=\"mainEntity\" itemtype=\"https:\/\/schema.org\/Question\" itemscope>\n  <div class=\"faq__header\" data-toggle=\"collapse\" data-target=\"#collapse-9\" data-text=\"Collapse\">\n    <i class=\"icon icon-pe-arrow-circle\"><\/i>\n    <h2 itemprop=\"name\">Comment fonctionne la lampe hybride ?<\/h2>\n  <\/div>\n  <div class=\"faq__collapse\" id=\"collapse-9\" itemscope itemprop=\"acceptedAnswer\">\n    <div class=\"faq__content\">\n      <p><span style=\"font-weight: 400;\">La lampe hybride utilise \u00e0 la fois l&rsquo;\u00e9nergie solaire et l&rsquo;\u00e9nergie \u00e9olienne, fournissant un \u00e9clairage fiable m\u00eame en cas de faible ensoleillement.<\/span><\/p>\n<p><span style=\"font-weight: 400;\">(Remarque : l&rsquo;inconv\u00e9nient des lanternes hybrides est que l&rsquo;\u00e9olienne g\u00e9n\u00e8re du bruit, ce qui peut constituer une nuisance pour les habitants des maisons situ\u00e9es \u00e0 proximit\u00e9 de ces lanternes).<\/span><\/p>\n    <\/div>\n  <\/div>\n<\/div>\n<div class=\"faq__item\" itemprop=\"mainEntity\" itemtype=\"https:\/\/schema.org\/Question\" itemscope>\n  <div class=\"faq__header\" data-toggle=\"collapse\" data-target=\"#collapse-10\" data-text=\"Collapse\">\n    <i class=\"icon icon-pe-arrow-circle\"><\/i>\n    <h2 itemprop=\"name\">Qu&rsquo;est-ce qui distingue une lanterne int\u00e9gr\u00e9e ?<\/h2>\n  <\/div>\n  <div class=\"faq__collapse\" id=\"collapse-10\" itemscope itemprop=\"acceptedAnswer\">\n    <div class=\"faq__content\">\n      <p><span style=\"font-weight: 400;\">Une lampe enti\u00e8rement int\u00e9gr\u00e9e comporte un panneau photovolta\u00efque, une batterie lithium-ion et un contr\u00f4leur de charge int\u00e9gr\u00e9s au luminaire.<br \/>\nElles sont souvent dot\u00e9es d&rsquo;un d\u00e9tecteur de mouvement int\u00e9gr\u00e9.<br \/>\nElles peuvent \u00eatre utilis\u00e9es pour \u00e9clairer des zones o\u00f9 un \u00e9clairage continu n&rsquo;est pas n\u00e9cessaire.    <\/span><\/p>\n<p><span style=\"font-weight: 400;\">L&rsquo;inconv\u00e9nient de ces lanternes est leur autonomie beaucoup plus faible que celle des lanternes solaires traditionnelles.<br \/>\nPratiquement pendant la p\u00e9riode hivernale, ces lanternes ne fonctionnent pas.<br \/>\nLes avantages sont la facilit\u00e9 d&rsquo;installation et le faible prix.  <\/span><\/p>\n    <\/div>\n  <\/div>\n<\/div>\n<div class=\"faq__item\" itemprop=\"mainEntity\" itemtype=\"https:\/\/schema.org\/Question\" itemscope>\n  <div class=\"faq__header\" data-toggle=\"collapse\" data-target=\"#collapse-11\" data-text=\"Collapse\">\n    <i class=\"icon icon-pe-arrow-circle\"><\/i>\n    <h2 itemprop=\"name\">Qu&rsquo;est-ce qu&rsquo;une lanterne fendue ?<\/h2>\n  <\/div>\n  <div class=\"faq__collapse\" id=\"collapse-11\" itemscope itemprop=\"acceptedAnswer\">\n    <div class=\"faq__content\">\n      <p><span style=\"font-weight: 400;\">La lanterne \u00ab\u00a0split\u00a0\u00bb est une lanterne \u00ab\u00a0semi-int\u00e9gr\u00e9e\u00a0\u00bb.<br \/>\nElle est \u00e9quip\u00e9e d&rsquo;une batterie lithium-ion et d&rsquo;un r\u00e9gulateur de charge (r\u00e9gulateur) int\u00e9gr\u00e9s au luminaire.<br \/>\nContrairement aux lanternes enti\u00e8rement int\u00e9gr\u00e9es, la lanterne \u00ab\u00a0split\u00a0\u00bb dispose d&rsquo;un panneau photovolta\u00efque plus puissant qui peut \u00eatre orient\u00e9 vers le sud.    <\/span><\/p>\n<p><span style=\"font-weight: 400;\">Les lanternes fractionn\u00e9es ont une autonomie beaucoup plus grande que les lanternes int\u00e9gr\u00e9es et peuvent \u00eatre comp\u00e9titives par rapport aux lanternes traditionnelles.<\/span><\/p>\n    <\/div>\n  <\/div>\n<\/div>\n<div class=\"faq__item\" itemprop=\"mainEntity\" itemtype=\"https:\/\/schema.org\/Question\" itemscope>\n  <div class=\"faq__header\" data-toggle=\"collapse\" data-target=\"#collapse-12\" data-text=\"Collapse\">\n    <i class=\"icon icon-pe-arrow-circle\"><\/i>\n    <h2 itemprop=\"name\">Quels sont les avantages de l&rsquo;utilisation des \u00e9nergies renouvelables ?<\/h2>\n  <\/div>\n  <div class=\"faq__collapse\" id=\"collapse-12\" itemscope itemprop=\"acceptedAnswer\">\n    <div class=\"faq__content\">\n      <p><span style=\"font-weight: 400;\">Les avantages de l&rsquo;utilisation des SER sont notamment la r\u00e9duction des \u00e9missions de CO<\/span><span style=\"font-weight: 400;\">2<\/span><span style=\"font-weight: 400;\">la r\u00e9duction de la consommation d&rsquo;\u00e9nergie conventionnelle et la diminution des co\u00fbts d&rsquo;exploitation. <\/span><span style=\"font-weight: 400;\">L&rsquo;installation de lanternes solaires et hybrides \u00e9limine le besoin de lignes de c\u00e2bles co\u00fbteuses et ne n\u00e9cessite souvent pas de formalit\u00e9s telles que l&rsquo;obtention d&rsquo;un permis de construire.<\/span><\/p>\n    <\/div>\n  <\/div>\n<\/div>\n<div class=\"faq__item\" itemprop=\"mainEntity\" itemtype=\"https:\/\/schema.org\/Question\" itemscope>\n  <div class=\"faq__header\" data-toggle=\"collapse\" data-target=\"#collapse-13\" data-text=\"Collapse\">\n    <i class=\"icon icon-pe-arrow-circle\"><\/i>\n    <h2 itemprop=\"name\">Comment puis-je passer une commande pour l&rsquo;installation de lampes solaires ?<\/h2>\n  <\/div>\n  <div class=\"faq__collapse\" id=\"collapse-13\" itemscope itemprop=\"acceptedAnswer\">\n    <div class=\"faq__content\">\n      <p><span style=\"font-weight: 400;\">Veuillez me contacter par \u00e9crit \u00e0 l&rsquo;adresse biuro@petraenergia.pl ou par t\u00e9l\u00e9phone au service commercial de Petra Energia.<br \/>\nVeuillez fournir les d\u00e9tails suivants : emplacement, nombre et caract\u00e9ristiques des lanternes (puissance des panneaux, puissance et flux lumineux du luminaire, capacit\u00e9 des batteries), date pr\u00e9vue d&rsquo;ach\u00e8vement de la t\u00e2che. <\/span><\/p>\n    <\/div>\n  <\/div>\n<\/div>\n<div class=\"faq__item\" itemprop=\"mainEntity\" itemtype=\"https:\/\/schema.org\/Question\" itemscope>\n  <div class=\"faq__header\" data-toggle=\"collapse\" data-target=\"#collapse-14\" data-text=\"Collapse\">\n    <i class=\"icon icon-pe-arrow-circle\"><\/i>\n    <h2 itemprop=\"name\">Quels sont les co\u00fbts d&rsquo;installation des lampes solaires ?<\/h2>\n  <\/div>\n  <div class=\"faq__collapse\" id=\"collapse-14\" itemscope itemprop=\"acceptedAnswer\">\n    <div class=\"faq__content\">\n      <p><span style=\"font-weight: 400;\">Les co\u00fbts d&rsquo;installation d\u00e9pendent des sp\u00e9cifications du projet, du nombre de lampes et des conditions d&rsquo;installation.<\/span><\/p>\n    <\/div>\n  <\/div>\n<\/div>\n<div class=\"faq__item\" itemprop=\"mainEntity\" itemtype=\"https:\/\/schema.org\/Question\" itemscope>\n  <div class=\"faq__header\" data-toggle=\"collapse\" data-target=\"#collapse-15\" data-text=\"Collapse\">\n    <i class=\"icon icon-pe-arrow-circle\"><\/i>\n    <h2 itemprop=\"name\">L&rsquo;entreprise propose-t-elle des solutions personnalis\u00e9es ?<\/h2>\n  <\/div>\n  <div class=\"faq__collapse\" id=\"collapse-15\" itemscope itemprop=\"acceptedAnswer\">\n    <div class=\"faq__content\">\n      <p><span style=\"font-weight: 400;\">Oui.<br \/>\nPetra Energia configure g\u00e9n\u00e9ralement les lampes en fonction des besoins de chaque client. <\/span><\/p>\n    <\/div>\n  <\/div>\n<\/div>\n<div class=\"faq__item\" itemprop=\"mainEntity\" itemtype=\"https:\/\/schema.org\/Question\" itemscope>\n  <div class=\"faq__header\" data-toggle=\"collapse\" data-target=\"#collapse-16\" data-text=\"Collapse\">\n    <i class=\"icon icon-pe-arrow-circle\"><\/i>\n    <h2 itemprop=\"name\">Offrez-vous des services d&rsquo;entretien et de maintenance ?<\/h2>\n  <\/div>\n  <div class=\"faq__collapse\" id=\"collapse-16\" itemscope itemprop=\"acceptedAnswer\">\n    <div class=\"faq__content\">\n      <p><span style=\"font-weight: 400;\">Oui.<br \/>\nPendant la p\u00e9riode de garantie et post-garantie, nous assurons le service, la maintenance et l&rsquo;assistance technique de nos installations. <\/span><\/p>\n    <\/div>\n  <\/div>\n<\/div>\n<div class=\"faq__item\" itemprop=\"mainEntity\" itemtype=\"https:\/\/schema.org\/Question\" itemscope>\n  <div class=\"faq__header\" data-toggle=\"collapse\" data-target=\"#collapse-17\" data-text=\"Collapse\">\n    <i class=\"icon icon-pe-arrow-circle\"><\/i>\n    <h2 itemprop=\"name\">Comment fonctionne le processus d&rsquo;installation de la lanterne ?<\/h2>\n  <\/div>\n  <div class=\"faq__collapse\" id=\"collapse-17\" itemscope itemprop=\"acceptedAnswer\">\n    <div class=\"faq__content\">\n      <p><span style=\"font-weight: 400;\">En g\u00e9n\u00e9ral, le processus d&rsquo;installation des lanternes commence par une visite du site par un sp\u00e9cialiste de Petra Energia en pr\u00e9sence de l&rsquo;investisseur.<br \/>\nCette visite permet de d\u00e9terminer l&#8217;emplacement des lanternes.<br \/>\nParfois, un projet de construction est n\u00e9cessaire, auquel cas des mesures doivent \u00eatre prises.  <\/span><\/p>\n<p><span style=\"font-weight: 400;\">Lors de l&rsquo;inspection du site, il convient de veiller \u00e0 la bonne exposition solaire des zones d&rsquo;implantation des lanternes et aux r\u00e9seaux souterrains (gaz, eau, \u00e9lectricit\u00e9, t\u00e9l\u00e9communications).<\/span><\/p>\n<p><span style=\"font-weight: 400;\">Une fois que les emplacements des lanternes sont approuv\u00e9s (projet de construction \u00e9ventuellement achev\u00e9, permis de construire obtenu), l&rsquo;\u00e9quipe d&rsquo;installation de Petra Energia proc\u00e8de \u00e0 l&rsquo;installation proprement dite.  <\/span><\/p>\n    <\/div>\n  <\/div>\n<\/div>\n<\/div>\n<p><\/p>\n","protected":false},"excerpt":{"rendered":"","protected":false},"author":1,"featured_media":3778,"parent":0,"menu_order":0,"comment_status":"closed","ping_status":"closed","template":"","meta":{"_acf_changed":false,"footnotes":""},"class_list":["post-3704","page","type-page","status-publish","has-post-thumbnail","hentry"],"acf":[],"aioseo_notices":[],"_links":{"self":[{"href":"https:\/\/petraenergia.pl\/fr\/wp-json\/wp\/v2\/pages\/3704","targetHints":{"allow":["GET"]}}],"collection":[{"href":"https:\/\/petraenergia.pl\/fr\/wp-json\/wp\/v2\/pages"}],"about":[{"href":"https:\/\/petraenergia.pl\/fr\/wp-json\/wp\/v2\/types\/page"}],"author":[{"embeddable":true,"href":"https:\/\/petraenergia.pl\/fr\/wp-json\/wp\/v2\/users\/1"}],"replies":[{"embeddable":true,"href":"https:\/\/petraenergia.pl\/fr\/wp-json\/wp\/v2\/comments?post=3704"}],"version-history":[{"count":2,"href":"https:\/\/petraenergia.pl\/fr\/wp-json\/wp\/v2\/pages\/3704\/revisions"}],"predecessor-version":[{"id":5218,"href":"https:\/\/petraenergia.pl\/fr\/wp-json\/wp\/v2\/pages\/3704\/revisions\/5218"}],"wp:featuredmedia":[{"embeddable":true,"href":"https:\/\/petraenergia.pl\/fr\/wp-json\/wp\/v2\/media\/3778"}],"wp:attachment":[{"href":"https:\/\/petraenergia.pl\/fr\/wp-json\/wp\/v2\/media?parent=3704"}],"curies":[{"name":"wp","href":"https:\/\/api.w.org\/{rel}","templated":true}]}}