{"id":3710,"date":"2024-06-28T01:28:20","date_gmt":"2024-06-27T23:28:20","guid":{"rendered":"https:\/\/petraenergia.pl\/lampe-solaire-avec-detecteur-de-mouvement\/"},"modified":"2024-06-28T01:28:49","modified_gmt":"2024-06-27T23:28:49","slug":"lampe-solaire-avec-detecteur-de-mouvement","status":"publish","type":"page","link":"https:\/\/petraenergia.pl\/fr\/lampe-solaire-avec-detecteur-de-mouvement\/","title":{"rendered":"Lampe solaire avec d\u00e9tecteur de mouvement"},"content":{"rendered":"\n<div class=\"wp-block-columns is-layout-flex wp-container-core-columns-is-layout-9d6595d7 wp-block-columns-is-layout-flex\">\n<div class=\"wp-block-column is-layout-flow wp-block-column-is-layout-flow\">\n<p>L&rsquo;\u00e9volution de la technologie nous permet de cr\u00e9er des solutions toujours plus int\u00e9ressantes et, surtout, plus respectueuses de l&rsquo;environnement. L&rsquo;\u00e9clairage en ville ou dans son propre jardin entra\u00eene des d\u00e9penses consid\u00e9rables. Cependant, nous disposons aujourd&rsquo;hui d&rsquo;une solution id\u00e9ale pour rem\u00e9dier \u00e0 ce probl\u00e8me ! Les lampadaires solaires \u00e9quip\u00e9s d&rsquo;un d\u00e9tecteur de mouvement peuvent remplacer avec succ\u00e8s l&rsquo;\u00e9clairage \u00e9lectrique traditionnel.<\/p>\n\n\n\n<h2 class=\"wp-block-heading\">Qu&rsquo;est-ce qu&rsquo;une lampe solaire ?<\/h2>\n\n\n\n<p>La lanterne <a href=\"https:\/\/petraenergia.pl\/lampy-solarne-parametry-techniczne\/\" title=\"\">solaire<\/a> ressemble \u00e0 s&rsquo;y m\u00e9prendre \u00e0 une lanterne classique, mais elle est \u00e9quip\u00e9e d&rsquo;un panneau sp\u00e9cial qui capte l&rsquo;\u00e9nergie solaire sous forme de photons et la stocke dans des batteries. Tout cela se passe pendant la journ\u00e9e, et la nuit, le processus est invers\u00e9 &#8211; l&rsquo;\u00e9nergie extraite est utilis\u00e9e pour alimenter le panneau LED d&rsquo;\u00e9clairage.<\/p>\n<\/div>\n\n\n\n<div class=\"wp-block-column is-layout-flow wp-block-column-is-layout-flow\">\n<figure class=\"wp-block-image size-large\"><img decoding=\"async\" width=\"1600\" height=\"900\" src=\"https:\/\/petraenergia.pl\/wp-content\/uploads\/2021\/07\/petraenergia-sztandarowe-realizacje-leczyca-l-028-1600x900.jpg\" alt=\"\" class=\"wp-image-1515\" srcset=\"https:\/\/petraenergia.pl\/wp-content\/uploads\/2021\/07\/petraenergia-sztandarowe-realizacje-leczyca-l-028-1600x900.jpg 1600w, https:\/\/petraenergia.pl\/wp-content\/uploads\/2021\/07\/petraenergia-sztandarowe-realizacje-leczyca-l-028-1024x576.jpg 1024w, https:\/\/petraenergia.pl\/wp-content\/uploads\/2021\/07\/petraenergia-sztandarowe-realizacje-leczyca-l-028-768x432.jpg 768w, https:\/\/petraenergia.pl\/wp-content\/uploads\/2021\/07\/petraenergia-sztandarowe-realizacje-leczyca-l-028-1536x864.jpg 1536w, https:\/\/petraenergia.pl\/wp-content\/uploads\/2021\/07\/petraenergia-sztandarowe-realizacje-leczyca-l-028-2048x1152.jpg 2048w\" sizes=\"(max-width: 1600px) 100vw, 1600px\" \/><\/figure>\n<\/div>\n<\/div>\n\n<div class=\"wp-block-columns is-layout-flex wp-container-core-columns-is-layout-9d6595d7 wp-block-columns-is-layout-flex\">\n<div class=\"wp-block-column is-layout-flow wp-block-column-is-layout-flow\">\n<figure class=\"wp-block-image size-large\"><img decoding=\"async\" width=\"1200\" height=\"1600\" src=\"https:\/\/petraenergia.pl\/wp-content\/uploads\/2021\/07\/petraenergia-chelmno-img-2810-1200x1600.jpeg\" alt=\"\" class=\"wp-image-1478\" srcset=\"https:\/\/petraenergia.pl\/wp-content\/uploads\/2021\/07\/petraenergia-chelmno-img-2810-1200x1600.jpeg 1200w, https:\/\/petraenergia.pl\/wp-content\/uploads\/2021\/07\/petraenergia-chelmno-img-2810-768x1024.jpeg 768w, https:\/\/petraenergia.pl\/wp-content\/uploads\/2021\/07\/petraenergia-chelmno-img-2810-1152x1536.jpeg 1152w, https:\/\/petraenergia.pl\/wp-content\/uploads\/2021\/07\/petraenergia-chelmno-img-2810.jpeg 1536w\" sizes=\"(max-width: 1200px) 100vw, 1200px\" \/><\/figure>\n<\/div>\n\n\n\n<div class=\"wp-block-column is-layout-flow wp-block-column-is-layout-flow\">\n<h2 class=\"wp-block-heading\">Lampes solaires pour la maison et le jardin &#8211; lampes solaires avec d\u00e9tecteurs de mouvement et de cr\u00e9puscule<\/h2>\n\n\n\n<p>Le d\u00e9tecteur de mouvement est un ajout int\u00e9ressant \u00e0 la lampe solaire. Cela nous permet d&rsquo;\u00e9conomiser encore plus d&rsquo;\u00e9nergie solaire. Comment cela se produit-il ? L&rsquo;utilisation d&rsquo;un d\u00e9tecteur de mouvement ne d\u00e9clenche l&rsquo;\u00e9clairage que lorsqu&rsquo;un mouvement est d\u00e9tect\u00e9 dans une certaine zone et \u00e0 un certain endroit. Si vous n&rsquo;en avez pas besoin, la lampe ne gaspillera pas l&rsquo;\u00e9nergie solaire stock\u00e9e. La dur\u00e9e d&rsquo;\u00e9clairage peut bien s\u00fbr \u00eatre ajust\u00e9e. Avec l&rsquo;utilisation d&rsquo;un capteur de mouvement, le syst\u00e8me d&rsquo;\u00e9clairage solaire devient encore plus efficace et respectueux de l&rsquo;environnement. Le d\u00e9tecteur de mouvement et les LED sont la combinaison parfaite. Pourquoi ? Lorsqu&rsquo;un mouvement est d\u00e9tect\u00e9, la lampe \u00e9met imm\u00e9diatement une luminosit\u00e9 de 100 % ! Ceci gr\u00e2ce \u00e0 l&rsquo;utilisation de la technologie LED. Une solution tr\u00e8s int\u00e9ressante consiste \u00e0 combiner la technologie d&rsquo;\u00e9clairage LED avec un d\u00e9tecteur de mouvement et de cr\u00e9puscule dans une seule lampe solaire. Ces lampes sont disponibles en particulier pour les jardins, les parcs, les sentiers et bien d&rsquo;autres endroits, o\u00f9 elles fonctionnent brillamment, \u00e9conomisant l&rsquo;\u00e9nergie au maximum, tout en fournissant de la lumi\u00e8re lorsque nous en avons besoin.<\/p>\n\n\n\n<h2 class=\"wp-block-heading\">Longue dur\u00e9e de vie des lampes solaires<\/h2>\n\n\n\n<p>Les <strong>lampes solaires<\/strong> fonctionnent de mani\u00e8re enti\u00e8rement automatis\u00e9e. Qu&rsquo;est-ce que cela signifie ? Chaque lampe est un syst\u00e8me distinct qui fonctionne ind\u00e9pendamment des autres lampes, comme c&rsquo;est le cas, par exemple, des lampadaires traditionnels reli\u00e9s entre eux par un r\u00e9seau \u00e9lectrique, sans lequel il n&rsquo;y a pas de production de lumi\u00e8re. La dur\u00e9e de vie des lampes solaires est certainement l&rsquo;un de leurs plus grands avantages. Les composants \u00e0 partir desquels nos lampes sont fabriqu\u00e9es sont de tr\u00e8s haute qualit\u00e9. Nous garantissons un minimum de 5 ans de fonctionnement sans probl\u00e8me. La technologie des panneaux LED utilis\u00e9e se caract\u00e9rise par son incroyable durabilit\u00e9 et pr\u00e9sente sans aucun doute un avantage par rapport au r\u00e9seau \u00e9lectrique traditionnel qui, malheureusement, est souvent sujet \u00e0 divers types de d\u00e9faillances.<\/p>\n<\/div>\n<\/div>\n\n<div class=\"wp-block-columns is-layout-flex wp-container-core-columns-is-layout-9d6595d7 wp-block-columns-is-layout-flex\">\n<div class=\"wp-block-column is-layout-flow wp-block-column-is-layout-flow\">\n<h2 class=\"wp-block-heading\">Lampe solaire avec d\u00e9tecteur de mouvement et de cr\u00e9puscule &#8211; avantages<\/h2>\n\n\n\n<p>La <strong>lampe solaire avec d\u00e9tecteur de mouvement et de cr\u00e9puscule<\/strong> est le choix id\u00e9al ! Le placer dans votre jardin ou dans un parc municipal pr\u00e9sente de nombreux avantages. Les produits de cette cat\u00e9gorie se caract\u00e9risent par une installation incroyablement facile et rapide. De plus, l&rsquo;utilisation de lampes solaires est associ\u00e9e \u00e0 la r\u00e9alisation d&rsquo;\u00e9conomies consid\u00e9rables : temps d&rsquo;installation, <strong>pas de factures d&rsquo;\u00e9lectricit\u00e9<\/strong> et un faible co\u00fbt d&rsquo;achat et d&rsquo;utilisation. Je pense que tout le monde appr\u00e9ciera cette alternative aux syst\u00e8mes d&rsquo;\u00e9clairage \u00e9lectrique classiques. D&rsquo;autres avantages sont li\u00e9s \u00e0 la commodit\u00e9 de nos lampes solaires. Plusieurs mod\u00e8les peuvent \u00eatre command\u00e9s \u00e0 distance. Il est ainsi facile d&rsquo;activer le mode automatique, qui permet \u00e0 la lanterne de d\u00e9cider elle-m\u00eame de la puissance lumineuse \u00e0 choisir en fonction de la capacit\u00e9 de la batterie. Les lampes \u00e0 capteur cr\u00e9pusculaire s&rsquo;allument juste apr\u00e8s le coucher du soleil, ce qui est une option tr\u00e8s utile et pratique.<\/p>\n\n\n\n<p>Les lampes solaires fonctionnent sans d\u00e9pendre du r\u00e9seau \u00e9lectrique et sont totalement autonomes, ce qui constitue un avantage consid\u00e9rable pour les utilisateurs. Les lampes solaires sont aliment\u00e9es par une batterie int\u00e9gr\u00e9e et un panneau photovolta\u00efque \u00e0 haute performance, et sont \u00e9quip\u00e9es d&rsquo;un syst\u00e8me de contr\u00f4le qui prend en charge l&rsquo;ensemble du processus de chargement et d&rsquo;\u00e9clairage de la lampe.<\/p>\n\n\n\n<p>Nos lampes solaires sont non seulement une source de lumi\u00e8re id\u00e9ale et \u00e9cologique, mais elles sont \u00e9galement tr\u00e8s esth\u00e9tiques. Les lampes sont fabriqu\u00e9es dans des mat\u00e9riaux durables et r\u00e9sistants aux intemp\u00e9ries. Les temp\u00e9ratures basses et \u00e9lev\u00e9es n&rsquo;interf\u00e8rent pas avec le fonctionnement des lampes solaires. Nous utilisons des modules LED tr\u00e8s performants, des <strong>modules photovolta\u00efques<\/strong> \u00e0 tr\u00e8s haute puissance et des batteries de longue dur\u00e9e dans nos lampes.<\/p>\n<\/div>\n\n\n\n<div class=\"wp-block-column is-layout-flow wp-block-column-is-layout-flow\">\n<figure class=\"wp-block-image size-large\"><img decoding=\"async\" width=\"1200\" height=\"1600\" src=\"https:\/\/petraenergia.pl\/wp-content\/uploads\/2021\/07\/petraenergia-chelmno-img-2815-1200x1600.jpeg\" alt=\"\" class=\"wp-image-1486\" srcset=\"https:\/\/petraenergia.pl\/wp-content\/uploads\/2021\/07\/petraenergia-chelmno-img-2815-1200x1600.jpeg 1200w, https:\/\/petraenergia.pl\/wp-content\/uploads\/2021\/07\/petraenergia-chelmno-img-2815-768x1024.jpeg 768w, https:\/\/petraenergia.pl\/wp-content\/uploads\/2021\/07\/petraenergia-chelmno-img-2815-1152x1536.jpeg 1152w, https:\/\/petraenergia.pl\/wp-content\/uploads\/2021\/07\/petraenergia-chelmno-img-2815.jpeg 1536w\" sizes=\"(max-width: 1200px) 100vw, 1200px\" \/><\/figure>\n<\/div>\n<\/div>\n\n<div class=\"wp-block-columns is-layout-flex wp-container-core-columns-is-layout-9d6595d7 wp-block-columns-is-layout-flex\">\n<div class=\"wp-block-column is-layout-flow wp-block-column-is-layout-flow\">\n<figure class=\"wp-block-image size-large\"><img decoding=\"async\" width=\"1600\" height=\"1065\" src=\"https:\/\/petraenergia.pl\/wp-content\/uploads\/2021\/07\/petraenergia-sztandarowe-realizacje-leczyca-l-002-1600x1065.jpg\" alt=\"\" class=\"wp-image-1491\" srcset=\"https:\/\/petraenergia.pl\/wp-content\/uploads\/2021\/07\/petraenergia-sztandarowe-realizacje-leczyca-l-002-1600x1065.jpg 1600w, https:\/\/petraenergia.pl\/wp-content\/uploads\/2021\/07\/petraenergia-sztandarowe-realizacje-leczyca-l-002-1024x681.jpg 1024w, https:\/\/petraenergia.pl\/wp-content\/uploads\/2021\/07\/petraenergia-sztandarowe-realizacje-leczyca-l-002-768x511.jpg 768w, https:\/\/petraenergia.pl\/wp-content\/uploads\/2021\/07\/petraenergia-sztandarowe-realizacje-leczyca-l-002-1536x1022.jpg 1536w, https:\/\/petraenergia.pl\/wp-content\/uploads\/2021\/07\/petraenergia-sztandarowe-realizacje-leczyca-l-002-2048x1363.jpg 2048w\" sizes=\"(max-width: 1600px) 100vw, 1600px\" \/><\/figure>\n<\/div>\n\n\n\n<div class=\"wp-block-column is-layout-flow wp-block-column-is-layout-flow\">\n<h2 class=\"wp-block-heading\">Prenons soin de l&rsquo;environnement ensemble &#8211; choisissez nos lampes solaires<\/h2>\n\n\n\n<p>Les lampes solaires ont \u00e9t\u00e9 con\u00e7ues dans le respect de l&rsquo;environnement. Notre plan\u00e8te a besoin d&rsquo;aide, il est donc raisonnable d&rsquo;utiliser ce que la nature nous donne. Les <strong>solutions \u00e9cologiques<\/strong>, que nous pouvons am\u00e9liorer gr\u00e2ce \u00e0 une technologie en constante \u00e9volution, sont m\u00eame salutaires. Ensemble, nous pouvons am\u00e9liorer le bien-\u00eatre de la plan\u00e8te en misant sur un \u00e9clairage solaire enti\u00e8rement \u00e9cologique. Nous utilisons une source d&rsquo;\u00e9nergie solaire, qui est beaucoup plus s\u00fbre pour l&rsquo;environnement que l&rsquo;\u00e9lectricit\u00e9 syst\u00e9mique, principalement produite par des centrales au charbon. Je ne pense pas qu&rsquo;il soit n\u00e9cessaire de rappeler \u00e0 qui que ce soit la qualit\u00e9 actuelle de l&rsquo;air. Il vaut la peine d&rsquo;envisager le choix de lampes solaires, qui constituent un substitut id\u00e9al \u00e0 l&rsquo;\u00e9clairage \u00e9lectrique, tant pour les propri\u00e9t\u00e9s priv\u00e9es que pour les lieux publics. L&rsquo;utilisation de l&rsquo;\u00e9nergie solaire convertie en \u00e9lectricit\u00e9 pr\u00e9sente ses propres avantages, tant sur le plan financier que sur le plan de la sant\u00e9 et de l&rsquo;environnement.<\/p>\n<\/div>\n<\/div>\n","protected":false},"excerpt":{"rendered":"<p>L&rsquo;\u00e9volution de la technologie nous permet de cr\u00e9er des solutions toujours plus int\u00e9ressantes&#8230;<\/p>\n","protected":false},"author":1,"featured_media":0,"parent":0,"menu_order":0,"comment_status":"closed","ping_status":"closed","template":"","meta":{"_acf_changed":false,"footnotes":""},"class_list":["post-3710","page","type-page","status-publish","hentry"],"acf":[],"aioseo_notices":[],"_links":{"self":[{"href":"https:\/\/petraenergia.pl\/fr\/wp-json\/wp\/v2\/pages\/3710","targetHints":{"allow":["GET"]}}],"collection":[{"href":"https:\/\/petraenergia.pl\/fr\/wp-json\/wp\/v2\/pages"}],"about":[{"href":"https:\/\/petraenergia.pl\/fr\/wp-json\/wp\/v2\/types\/page"}],"author":[{"embeddable":true,"href":"https:\/\/petraenergia.pl\/fr\/wp-json\/wp\/v2\/users\/1"}],"replies":[{"embeddable":true,"href":"https:\/\/petraenergia.pl\/fr\/wp-json\/wp\/v2\/comments?post=3710"}],"version-history":[{"count":1,"href":"https:\/\/petraenergia.pl\/fr\/wp-json\/wp\/v2\/pages\/3710\/revisions"}],"predecessor-version":[{"id":3711,"href":"https:\/\/petraenergia.pl\/fr\/wp-json\/wp\/v2\/pages\/3710\/revisions\/3711"}],"wp:attachment":[{"href":"https:\/\/petraenergia.pl\/fr\/wp-json\/wp\/v2\/media?parent=3710"}],"curies":[{"name":"wp","href":"https:\/\/api.w.org\/{rel}","templated":true}]}}