{"id":3742,"date":"2024-06-28T01:28:45","date_gmt":"2024-06-27T23:28:45","guid":{"rendered":"https:\/\/petraenergia.pl\/references\/"},"modified":"2024-06-28T01:28:54","modified_gmt":"2024-06-27T23:28:54","slug":"references","status":"publish","type":"page","link":"https:\/\/petraenergia.pl\/fr\/references\/","title":{"rendered":"R\u00e9f\u00e9rences"},"content":{"rendered":"\n<p>Faites confiance aux experts de l&rsquo;\u00e9clairage, y compris de l&rsquo;\u00e9clairage autonome. Consultez nos t\u00e9moignages et voyez comment nous contribuons \u00e0 \u00e9conomiser de l&rsquo;\u00e9nergie et de l&rsquo;argent en Pologne.<\/p>\n\n  <ul>\n          <li><a href=\"https:\/\/petraenergia.pl\/wp-content\/uploads\/2024\/02\/petraenergia-referencje-2021-kopel.pdf\" target=\"_blank\">KOPEL referencje 2021<\/a><\/li>          <li><a href=\"https:\/\/petraenergia.pl\/wp-content\/uploads\/2024\/02\/petraenergia-referencje-2021-chojnow.pdf\" target=\"_blank\">Chojn\u00f3w referencje 2021<\/a><\/li>          <li><a href=\"https:\/\/petraenergia.pl\/wp-content\/uploads\/2024\/02\/petraenergia-referencje-2020-referencje-stromiec-deso.pdf\" target=\"_blank\">deso referencje 2020<\/a><\/li>          <li><a href=\"https:\/\/petraenergia.pl\/wp-content\/uploads\/2024\/02\/petraenergia-referencje-2019-referencje-nidzica.pdf\" target=\"_blank\">Nidzica referencje 2019<\/a><\/li>          <li><a href=\"https:\/\/petraenergia.pl\/wp-content\/uploads\/2024\/02\/petraenergia-referencje-2019-referencje-elpie.pdf\" target=\"_blank\">Elpie Sp. z o. o. referencje 2019<\/a><\/li>          <li><a href=\"https:\/\/petraenergia.pl\/wp-content\/uploads\/2024\/02\/petraenergia-referencje-2019-referencje-dzialdowo-spolki-wodne.pdf\" target=\"_blank\">Dzia\u0142dowo referencje 2019<\/a><\/li>          <li><a href=\"https:\/\/petraenergia.pl\/wp-content\/uploads\/2024\/02\/petraenergia-referencje-2018-wichary.pdf\" target=\"_blank\">Wichary referencje 2018<\/a><\/li>          <li><a href=\"https:\/\/petraenergia.pl\/wp-content\/uploads\/2024\/02\/petraenergia-referencje-2018-referencje-wegorzewo-pola.pdf\" target=\"_blank\">Urz\u0105d Miejski w W\u0119gorzewie referencje 2018<\/a><\/li>          <li><a href=\"https:\/\/petraenergia.pl\/wp-content\/uploads\/2024\/02\/petraenergia-referencje-2018-referencje-nidzica.pdf\" target=\"_blank\">Nidzica referencje 2018<\/a><\/li>          <li><a href=\"https:\/\/petraenergia.pl\/wp-content\/uploads\/2024\/02\/petraenergia-referencje-2018-referencje-blachownia-tel-bruk.pdf\" target=\"_blank\">Cz\u0119stochowa referencje 2018<\/a><\/li>          <li><a href=\"https:\/\/petraenergia.pl\/wp-content\/uploads\/2024\/02\/petraenergia-referencje-2017-referencje-golancz.pdf\" target=\"_blank\">Go\u0142a\u0144cz referencje 2017<\/a><\/li>          <li><a href=\"https:\/\/petraenergia.pl\/wp-content\/uploads\/2024\/02\/petraenergia-referencje-2015-referencje-skanska.pdf\" target=\"_blank\">SKANSKA referencje 2015<\/a><\/li>          <li><a href=\"https:\/\/petraenergia.pl\/wp-content\/uploads\/2024\/02\/petraenergia-referencje-2015-referencje-bedzino.pdf\" target=\"_blank\">B\u0119dzino referencje 2015<\/a><\/li>          <li><a href=\"https:\/\/petraenergia.pl\/wp-content\/uploads\/2024\/02\/petraenergia-referencje-2022-referencje-chojnow.pdf\" target=\"_blank\">Chojnow referencje 2022<\/a><\/li>          <li><a href=\"https:\/\/petraenergia.pl\/wp-content\/uploads\/2024\/02\/petraenergia-referencje-referencje-koszalin-voltmax-2018.docx\" target=\"_blank\">Koszalin Voltmax referencje 2018<\/a><\/li>          <li><a href=\"https:\/\/petraenergia.pl\/wp-content\/uploads\/2024\/02\/petraenergia-referencje-referencja-miasto-i-gmina-dobrzyn-nad-wisla-2020-1.docx\" target=\"_blank\">Miasto i gmina Dobrzyn nad Wis\u0142\u0105 2020<\/a><\/li>          <li><a href=\"https:\/\/petraenergia.pl\/wp-content\/uploads\/2024\/02\/petraenergia-referencje-referencje-parzeczew-2018.docx\" target=\"_blank\">Parz\u0119czew referencje 2018<\/a><\/li>          <li><a href=\"https:\/\/petraenergia.pl\/wp-content\/uploads\/2024\/02\/petraenergia-referencje-referencje-slupca-metalex-2018.docx\" target=\"_blank\">S\u0142upca Metalex referencje 2018<\/a><\/li>          <li><a href=\"https:\/\/petraenergia.pl\/wp-content\/uploads\/2024\/02\/petraenergia-referencje-2018-referencje-skolyszyn.pdf\" target=\"_blank\">Sko\u0142szyn referencje 2018<\/a><\/li>          <li><a href=\"https:\/\/petraenergia.pl\/wp-content\/uploads\/2024\/02\/petraenergia-referencje-2018-referencje-slupca-grudzinski.pdf\" target=\"_blank\">S\u0142upca referencje 2018<\/a><\/li>          <li><a href=\"https:\/\/petraenergia.pl\/wp-content\/uploads\/2024\/02\/petraenergia-referencje-2022-referencje-dalikow-1.pdf\" target=\"_blank\">Dalik\u00f3w &#8211; Referencje 2022<\/a><\/li>      <\/ul>\n","protected":false},"excerpt":{"rendered":"<p>Faites confiance aux experts de l&rsquo;\u00e9clairage, y compris de l&rsquo;\u00e9clairage autonome. Consultez nos&#8230;<\/p>\n","protected":false},"author":1,"featured_media":0,"parent":0,"menu_order":0,"comment_status":"closed","ping_status":"closed","template":"","meta":{"_acf_changed":false,"footnotes":""},"class_list":["post-3742","page","type-page","status-publish","hentry"],"acf":[],"aioseo_notices":[],"_links":{"self":[{"href":"https:\/\/petraenergia.pl\/fr\/wp-json\/wp\/v2\/pages\/3742","targetHints":{"allow":["GET"]}}],"collection":[{"href":"https:\/\/petraenergia.pl\/fr\/wp-json\/wp\/v2\/pages"}],"about":[{"href":"https:\/\/petraenergia.pl\/fr\/wp-json\/wp\/v2\/types\/page"}],"author":[{"embeddable":true,"href":"https:\/\/petraenergia.pl\/fr\/wp-json\/wp\/v2\/users\/1"}],"replies":[{"embeddable":true,"href":"https:\/\/petraenergia.pl\/fr\/wp-json\/wp\/v2\/comments?post=3742"}],"version-history":[{"count":1,"href":"https:\/\/petraenergia.pl\/fr\/wp-json\/wp\/v2\/pages\/3742\/revisions"}],"predecessor-version":[{"id":3769,"href":"https:\/\/petraenergia.pl\/fr\/wp-json\/wp\/v2\/pages\/3742\/revisions\/3769"}],"wp:attachment":[{"href":"https:\/\/petraenergia.pl\/fr\/wp-json\/wp\/v2\/media?parent=3742"}],"curies":[{"name":"wp","href":"https:\/\/api.w.org\/{rel}","templated":true}]}}