{"id":3777,"date":"2024-06-28T01:29:43","date_gmt":"2024-06-27T23:29:43","guid":{"rendered":"https:\/\/petraenergia.pl\/nos-realisations\/"},"modified":"2024-08-27T17:48:16","modified_gmt":"2024-08-27T15:48:16","slug":"nos-realisations","status":"publish","type":"page","link":"https:\/\/petraenergia.pl\/fr\/nos-realisations\/","title":{"rendered":"Nos r\u00e9alisations"},"content":{"rendered":"\n<p>Nous avons r\u00e9alis\u00e9 de nombreux projets dans tout le pays, dont plus de 3 000 lampes solaires. Vous trouverez ci-dessous une liste de r\u00e9alisations s\u00e9lectionn\u00e9es par notre soci\u00e9t\u00e9. N&rsquo;h\u00e9sitez pas \u00e0 nous contacter pour obtenir l&rsquo;offre compl\u00e8te.<\/p>\n","protected":false},"excerpt":{"rendered":"<p>Nous avons r\u00e9alis\u00e9 de nombreux projets dans tout le pays, dont plus de&#8230;<\/p>\n","protected":false},"author":1,"featured_media":3778,"parent":0,"menu_order":0,"comment_status":"closed","ping_status":"closed","template":"tpl-realizacje.php","meta":{"_acf_changed":false,"footnotes":""},"class_list":["post-3777","page","type-page","status-publish","has-post-thumbnail","hentry"],"acf":[],"aioseo_notices":[],"_links":{"self":[{"href":"https:\/\/petraenergia.pl\/fr\/wp-json\/wp\/v2\/pages\/3777","targetHints":{"allow":["GET"]}}],"collection":[{"href":"https:\/\/petraenergia.pl\/fr\/wp-json\/wp\/v2\/pages"}],"about":[{"href":"https:\/\/petraenergia.pl\/fr\/wp-json\/wp\/v2\/types\/page"}],"author":[{"embeddable":true,"href":"https:\/\/petraenergia.pl\/fr\/wp-json\/wp\/v2\/users\/1"}],"replies":[{"embeddable":true,"href":"https:\/\/petraenergia.pl\/fr\/wp-json\/wp\/v2\/comments?post=3777"}],"version-history":[{"count":2,"href":"https:\/\/petraenergia.pl\/fr\/wp-json\/wp\/v2\/pages\/3777\/revisions"}],"predecessor-version":[{"id":5246,"href":"https:\/\/petraenergia.pl\/fr\/wp-json\/wp\/v2\/pages\/3777\/revisions\/5246"}],"wp:featuredmedia":[{"embeddable":true,"href":"https:\/\/petraenergia.pl\/fr\/wp-json\/wp\/v2\/media\/3778"}],"wp:attachment":[{"href":"https:\/\/petraenergia.pl\/fr\/wp-json\/wp\/v2\/media?parent=3777"}],"curies":[{"name":"wp","href":"https:\/\/api.w.org\/{rel}","templated":true}]}}