{"id":6911,"date":"2026-03-05T01:04:41","date_gmt":"2026-03-05T00:04:41","guid":{"rendered":"https:\/\/petraenergia.pl\/lampe-de-trottoir-lampe-de-trottoir-solaire-pour-les-investissements-municipaux-et-prives\/"},"modified":"2026-03-05T01:04:44","modified_gmt":"2026-03-05T00:04:44","slug":"lampe-de-trottoir-lampe-de-trottoir-solaire-pour-les-investissements-municipaux-et-prives","status":"publish","type":"page","link":"https:\/\/petraenergia.pl\/fr\/lampe-de-trottoir-lampe-de-trottoir-solaire-pour-les-investissements-municipaux-et-prives\/","title":{"rendered":"Lampe de trottoir &#8211; lampe de trottoir solaire pour les investissements municipaux et priv\u00e9s"},"content":{"rendered":"\n<div class=\"wp-block-columns is-layout-flex wp-container-core-columns-is-layout-9d6595d7 wp-block-columns-is-layout-flex\">\n<div class=\"wp-block-column is-layout-flow wp-block-column-is-layout-flow\">\n<p>Les feux de chauss\u00e9e, ou plut\u00f4t les lanternes de chauss\u00e9e, sont un \u00e9l\u00e9ment permanent des municipalit\u00e9s rurales et urbaines. L&rsquo;\u00e9clairage des villes et des villages joue un r\u00f4le tr\u00e8s important &#8211; non seulement d\u00e9coratif, mais aussi et surtout s\u00e9curitaire. C&rsquo;est pourquoi l&rsquo;\u00e9clairage des trottoirs et des rues est un \u00e9l\u00e9ment obligatoire. Cependant, peu de gens se rendent compte du travail que repr\u00e9sente parfois l&rsquo;installation des lanternes, la cr\u00e9ation d&rsquo;un projet qui doit ensuite \u00eatre approuv\u00e9 par les autorit\u00e9s comp\u00e9tentes, et le co\u00fbt de l&rsquo;ensemble de l&rsquo;investissement. La consommation d&rsquo;\u00e9nergie que les lanternes vont g\u00e9n\u00e9rer est \u00e9galement importante. Et si tout cela pouvait \u00eatre plus simple, moins cher et, surtout, respectueux de l&rsquo;environnement ?     <\/p>\n<\/div>\n\n\n\n<div class=\"wp-block-column is-layout-flow wp-block-column-is-layout-flow\">\n<figure class=\"wp-block-image size-large\"><img decoding=\"async\" width=\"1600\" height=\"900\" src=\"https:\/\/petraenergia.pl\/wp-content\/uploads\/2021\/07\/petraenergia-leczyca-l-029-1600x900.jpg\" alt=\"\" class=\"wp-image-1534\" srcset=\"https:\/\/petraenergia.pl\/wp-content\/uploads\/2021\/07\/petraenergia-leczyca-l-029-1600x900.jpg 1600w, https:\/\/petraenergia.pl\/wp-content\/uploads\/2021\/07\/petraenergia-leczyca-l-029-1024x576.jpg 1024w, https:\/\/petraenergia.pl\/wp-content\/uploads\/2021\/07\/petraenergia-leczyca-l-029-768x432.jpg 768w, https:\/\/petraenergia.pl\/wp-content\/uploads\/2021\/07\/petraenergia-leczyca-l-029-1536x864.jpg 1536w, https:\/\/petraenergia.pl\/wp-content\/uploads\/2021\/07\/petraenergia-leczyca-l-029-2048x1152.jpg 2048w\" sizes=\"(max-width: 1600px) 100vw, 1600px\" \/><\/figure>\n<\/div>\n<\/div>\n\n<div class=\"wp-block-columns is-layout-flex wp-container-core-columns-is-layout-9d6595d7 wp-block-columns-is-layout-flex\">\n<div class=\"wp-block-column is-layout-flow wp-block-column-is-layout-flow\">\n<figure class=\"wp-block-image size-large\"><img decoding=\"async\" width=\"1200\" height=\"1600\" src=\"https:\/\/petraenergia.pl\/wp-content\/uploads\/2021\/07\/petraenergia-chelmno-img-2813-1200x1600.jpeg\" alt=\"\" class=\"wp-image-1484\" srcset=\"https:\/\/petraenergia.pl\/wp-content\/uploads\/2021\/07\/petraenergia-chelmno-img-2813-1200x1600.jpeg 1200w, https:\/\/petraenergia.pl\/wp-content\/uploads\/2021\/07\/petraenergia-chelmno-img-2813-768x1024.jpeg 768w, https:\/\/petraenergia.pl\/wp-content\/uploads\/2021\/07\/petraenergia-chelmno-img-2813-1152x1536.jpeg 1152w, https:\/\/petraenergia.pl\/wp-content\/uploads\/2021\/07\/petraenergia-chelmno-img-2813.jpeg 1536w\" sizes=\"(max-width: 1200px) 100vw, 1200px\" \/><\/figure>\n\n\n\n<div style=\"height:77px\" aria-hidden=\"true\" class=\"wp-block-spacer\"><\/div>\n\n\n\n<figure class=\"wp-block-image size-large\"><img decoding=\"async\" width=\"1600\" height=\"900\" src=\"https:\/\/petraenergia.pl\/wp-content\/uploads\/2021\/07\/petraenergia-daszyna-img-20200331-110707729-hdr-1600x900.jpg\" alt=\"\" class=\"wp-image-1545\" srcset=\"https:\/\/petraenergia.pl\/wp-content\/uploads\/2021\/07\/petraenergia-daszyna-img-20200331-110707729-hdr-1600x900.jpg 1600w, https:\/\/petraenergia.pl\/wp-content\/uploads\/2021\/07\/petraenergia-daszyna-img-20200331-110707729-hdr-1024x576.jpg 1024w, https:\/\/petraenergia.pl\/wp-content\/uploads\/2021\/07\/petraenergia-daszyna-img-20200331-110707729-hdr-768x432.jpg 768w, https:\/\/petraenergia.pl\/wp-content\/uploads\/2021\/07\/petraenergia-daszyna-img-20200331-110707729-hdr-1536x864.jpg 1536w, https:\/\/petraenergia.pl\/wp-content\/uploads\/2021\/07\/petraenergia-daszyna-img-20200331-110707729-hdr-2048x1152.jpg 2048w\" sizes=\"(max-width: 1600px) 100vw, 1600px\" \/><\/figure>\n<\/div>\n\n\n\n<div class=\"wp-block-column is-layout-flow wp-block-column-is-layout-flow\">\n<h2 class=\"wp-block-heading\">Lampes solaires de trottoir et de rue ordinaires et avec d\u00e9tecteur de mouvement<\/h2>\n\n\n\n<p>Contrairement aux lanternes traditionnelles, <strong><a href=\"https:\/\/petraenergia.pl\/lampy-solarne-parametry-techniczne\/\" title=\"\">lanternes solaires<\/a><\/strong> sont tr\u00e8s pratiques et permettent de r\u00e9duire consid\u00e9rablement les co\u00fbts, non seulement au niveau de la conception mais aussi de l&rsquo;utilisation, et de rendre notre municipalit\u00e9 beaucoup plus verte.<\/p>\n\n\n\n<p>Un lampadaire solaire ou hybride, \u00e9quip\u00e9 de panneaux solaires et d&rsquo;une mini-centrale \u00e9olienne, permet de se passer d&rsquo;une conception et d&rsquo;un plan d&rsquo;investissement complets. L&rsquo;investisseur n&rsquo;a pas besoin de creuser la moiti\u00e9 des routes et des trottoirs de la municipalit\u00e9 et d&rsquo;investir des centaines de milliers de zlotys dans l&rsquo;installation des lanternes. La lanterne solaire est une source de lumi\u00e8re totalement autonome, qui convient \u00e0 presque tous les endroits.  <\/p>\n\n\n\n<p>Il s&rsquo;agit d&rsquo;un type d&rsquo;\u00e9clairage ext\u00e9rieur respectueux de l&rsquo;environnement, enti\u00e8rement bas\u00e9 sur les \u00e9nergies renouvelables. Une <strong>lampe \u00e0 LED<\/strong> \u00e9quip\u00e9e de <strong><a href=\"https:\/\/pl.wikipedia.org\/wiki\/Dioda_elektroluminescencyjna\" title=\"\">LED<\/a><\/strong> appropri\u00e9es garantit une luminosit\u00e9 adapt\u00e9e \u00e0 la situation et un \u00e9clairage continu. Cependant, l&rsquo;option avec l&rsquo;utilisation suppl\u00e9mentaire d&rsquo;un d\u00e9tecteur de mouvement vaut \u00e9galement la peine d&rsquo;\u00eatre envisag\u00e9e. <\/p>\n\n\n\n<p>De nombreux lampadaires sur les trottoirs brillent en permanence toute la nuit, sans n\u00e9cessit\u00e9, et consomment des quantit\u00e9s consid\u00e9rables d&rsquo;\u00e9nergie provenant du r\u00e9seau. C&rsquo;est une pratique peu \u00e9cologique et inutile. Et si l&rsquo;on pouvait l&rsquo;\u00e9viter ? <strong>L&rsquo;utilisation de lanternes solaires<\/strong> et de lanternes hybrides garantit que toute l&rsquo;\u00e9nergie provient de sources naturelles et qu&rsquo;un capteur de mouvement n&rsquo;allume les lanternes que lorsqu&rsquo;un mouvement est d\u00e9tect\u00e9.  <\/p>\n\n\n\n<p>Beaucoup de gens se demanderont probablement pourquoi une lanterne ne peut pas briller tout le temps alors que nous disposons d&rsquo;une \u00e9nergie gratuite. La raison en est simple : l&rsquo;\u00e9nergie elle-m\u00eame est peut-\u00eatre gratuite, mais les composants d&rsquo;un phare ne sont pas \u00e9ternels et devront t\u00f4t ou tard \u00eatre remplac\u00e9s, en particulier la batterie. Cependant, en utilisant un d\u00e9tecteur de mouvement, nous pouvons prolonger la dur\u00e9e de vie de la lanterne plusieurs fois, ce qui rendra l&rsquo;investissement encore plus \u00e9cologique et, au fil des ans, la municipalit\u00e9, la ville, le village ou tout investisseur priv\u00e9 encourra des co\u00fbts bien moindres !  <\/p>\n<\/div>\n<\/div>\n\n<div class=\"wp-block-columns is-layout-flex wp-container-core-columns-is-layout-9d6595d7 wp-block-columns-is-layout-flex\">\n<div class=\"wp-block-column is-layout-flow wp-block-column-is-layout-flow\">\n<h2 class=\"wp-block-heading\">Lampes solaires domestiques sur pied pour trottoir &#8211; la fa\u00e7on d&rsquo;\u00e9clairer votre jardin<\/h2>\n\n\n\n<p>Les <strong>lampes solaires de trottoir<\/strong> sont \u00e9galement un moyen sensationnel d&rsquo;illuminer votre jardin. L&rsquo;\u00e9clairage ext\u00e9rieur des maisons individuelles est souvent un \u00e9l\u00e9ment de conception que nous avons tendance \u00e0 oublier, \u00e0 repousser \u00e0 la toute fin ou \u00e0 ne nous en souvenir que lorsque nous en avons besoin. Lorsque le jardin est am\u00e9nag\u00e9 et que tous les parterres, trottoirs et pelouses sont astiqu\u00e9s, il n&rsquo;est plus possible de prolonger l&rsquo;installation de l&rsquo;\u00e9clairage du jardin. Dans ce cas, les lampes solaires nous sauvent la mise.   <\/p>\n\n\n\n<p>Beaucoup d&rsquo;entre nous associent les lampes solaires uniquement aux petites lampes solaires de jardin, qui sont con\u00e7ues pour donner une faible lumi\u00e8re, cr\u00e9ant des demi-ombres int\u00e9ressantes dans le jardin. Leur objectif est plus d\u00e9coratif que pratique. Ce qui est diff\u00e9rent, ce sont les lampes solaires de jardin sur pied, qui sont utilis\u00e9es pour \u00e9clairer le jardin.  <\/p>\n\n\n\n<p>Elles assureront la s\u00e9curit\u00e9 et le confort au co\u00fbt le plus bas possible, sans beaucoup de travail, de conception et de sch\u00e9mas d&rsquo;installation. Les lampes solaires sont totalement autonomes et le travail lui-m\u00eame se termine par l&rsquo;ancrage correct de la lampe dans le sol ou dans un autre substrat. Le fait d&rsquo;\u00e9quiper la lampe d&rsquo;un d\u00e9tecteur de mouvement appropri\u00e9 rend l&rsquo;\u00e9clairage compl\u00e8tement automatique, et il n&rsquo;est pas n\u00e9cessaire de se rappeler d&rsquo;allumer l&rsquo;interrupteur.  <\/p>\n\n\n\n<p>Les <strong>lampes \u00e0 d\u00e9tecteur<\/strong> sont \u00e9galement tr\u00e8s dissuasives pour les voleurs, qui perdent rapidement leur r\u00e9sonance sous un faisceau lumineux puissant et sous l&rsquo;\u0153il de leurs voisins.<\/p>\n\n\n\n<p>Notre entreprise offre tout ce dont vous avez besoin pour installer des lampes solaires. Nous avons les lampes solaires et hybrides qui conviennent \u00e0 votre jardin et \u00e0 votre all\u00e9e. De plus, nous pouvons vous aider dans la conception et vous fournir un service d&rsquo;installation complet. N&rsquo;h\u00e9sitez pas \u00e0 nous contacter !   <\/p>\n<\/div>\n\n\n\n<div class=\"wp-block-column is-layout-flow wp-block-column-is-layout-flow\">\n<figure class=\"wp-block-image size-large\"><img decoding=\"async\" width=\"1065\" height=\"1600\" src=\"https:\/\/petraenergia.pl\/wp-content\/uploads\/2021\/07\/petraenergia-sztandarowe-realizacje-leczyca-l-003-1065x1600.jpg\" alt=\"\" class=\"wp-image-1493\" srcset=\"https:\/\/petraenergia.pl\/wp-content\/uploads\/2021\/07\/petraenergia-sztandarowe-realizacje-leczyca-l-003-1065x1600.jpg 1065w, https:\/\/petraenergia.pl\/wp-content\/uploads\/2021\/07\/petraenergia-sztandarowe-realizacje-leczyca-l-003-681x1024.jpg 681w, https:\/\/petraenergia.pl\/wp-content\/uploads\/2021\/07\/petraenergia-sztandarowe-realizacje-leczyca-l-003-768x1154.jpg 768w, https:\/\/petraenergia.pl\/wp-content\/uploads\/2021\/07\/petraenergia-sztandarowe-realizacje-leczyca-l-003-1022x1536.jpg 1022w, https:\/\/petraenergia.pl\/wp-content\/uploads\/2021\/07\/petraenergia-sztandarowe-realizacje-leczyca-l-003-1363x2048.jpg 1363w, https:\/\/petraenergia.pl\/wp-content\/uploads\/2021\/07\/petraenergia-sztandarowe-realizacje-leczyca-l-003-scaled.jpg 1704w\" sizes=\"(max-width: 1065px) 100vw, 1065px\" \/><\/figure>\n<\/div>\n<\/div>\n","protected":false},"excerpt":{"rendered":"<p>Les feux de chauss\u00e9e, ou plut\u00f4t les lanternes de chauss\u00e9e, sont un \u00e9l\u00e9ment&#8230;<\/p>\n","protected":false},"author":1,"featured_media":0,"parent":0,"menu_order":0,"comment_status":"closed","ping_status":"closed","template":"","meta":{"_acf_changed":false,"footnotes":""},"class_list":["post-6911","page","type-page","status-publish","hentry"],"acf":[],"aioseo_notices":[],"_links":{"self":[{"href":"https:\/\/petraenergia.pl\/fr\/wp-json\/wp\/v2\/pages\/6911","targetHints":{"allow":["GET"]}}],"collection":[{"href":"https:\/\/petraenergia.pl\/fr\/wp-json\/wp\/v2\/pages"}],"about":[{"href":"https:\/\/petraenergia.pl\/fr\/wp-json\/wp\/v2\/types\/page"}],"author":[{"embeddable":true,"href":"https:\/\/petraenergia.pl\/fr\/wp-json\/wp\/v2\/users\/1"}],"replies":[{"embeddable":true,"href":"https:\/\/petraenergia.pl\/fr\/wp-json\/wp\/v2\/comments?post=6911"}],"version-history":[{"count":1,"href":"https:\/\/petraenergia.pl\/fr\/wp-json\/wp\/v2\/pages\/6911\/revisions"}],"predecessor-version":[{"id":6912,"href":"https:\/\/petraenergia.pl\/fr\/wp-json\/wp\/v2\/pages\/6911\/revisions\/6912"}],"wp:attachment":[{"href":"https:\/\/petraenergia.pl\/fr\/wp-json\/wp\/v2\/media?parent=6911"}],"curies":[{"name":"wp","href":"https:\/\/api.w.org\/{rel}","templated":true}]}}