{"id":2986,"date":"2024-05-20T01:37:14","date_gmt":"2024-05-19T23:37:14","guid":{"rendered":"https:\/\/petraenergia.pl\/pasiulymas\/"},"modified":"2024-06-28T01:18:55","modified_gmt":"2024-06-27T23:18:55","slug":"pasiulymas","status":"publish","type":"page","link":"https:\/\/petraenergia.pl\/lt\/pasiulymas\/","title":{"rendered":"Pasi\u016blymas"},"content":{"rendered":"\n<h3 class=\"wp-block-heading\">M\u016bs\u0173 veiklos pagrindas yra \u012frengimai, naudojantys atsinaujinan\u010dius energijos \u0161altinius. <\/h3>\n\n<p>Tai yra pagrindiniai:<\/p>\n\n<ul class=\"wp-block-list\">\n<li>saul\u0117s lempos <\/li>\n\n\n\n<li>hibridin\u0117s lempos<\/li>\n\n\n\n<li>saul\u0117s energijos CCTV steb\u0117jimo sistemos<\/li>\n\n\n\n<li>off-grid fotovoltin\u0117s sistemos <\/li>\n\n\n\n<li>energijos saugyklos <\/li>\n<\/ul>\n\n<h2 class=\"wp-block-heading\">M\u016bs\u0173 sprendimai pasiteisina visose vietose, kuriose elektros energijos tiekimas yra neekonomi\u0161kas.<\/h2>\n\n<p>\u0160i\u0173 sprendim\u0173 naudojimas yra b\u016bdas \u017eymiai sutaupyti energijos ir efektyviai ap\u0161viesti \u012fvairias vietas, \u012fskaitant:<\/p>\n\n<ul class=\"wp-block-list\">\n<li>\u0161aligatvius ir promenadas<\/li>\n\n\n\n<li>sankry\u017eas ir p\u0117s\u010di\u0173j\u0173 per\u0117jas<\/li>\n\n\n\n<li>parkus, skverus, \u017eaidim\u0173 aik\u0161teles<\/li>\n\n\n\n<li>stoteles<\/li>\n\n\n\n<li>prekybos ir pramoninius objektus<\/li>\n\n\n\n<li>daug kit\u0173 viet\u0173.<\/li>\n<\/ul>\n\n<h2 class=\"wp-block-heading\">Visos m\u016bs\u0173 pasi\u016bloje esan\u010dios saul\u0117s ir hibridin\u0117s lempos yra autonomin\u0117s ir pritaikytos m\u016bs\u0173 \u0161alies s\u0105lygoms.<\/h2>\n\n<p>Visos m\u016bs\u0173 pasi\u016bloje esan\u010dios <a href=\"https:\/\/petraenergia.pl\/lampy-solarne-parametry-techniczne\/\" title=\"\">saul\u0117s ir hibridin\u0117s lempos<\/a> yra autonomin\u0117s ir pritaikytos m\u016bs\u0173 \u0161alies s\u0105lygoms. Jos gali veikti kelias dienas esant nepalankioms oro s\u0105lygoms ir net iki 16 valand\u0173 per par\u0105. Jos nereikalauja prijungimo prie elektros tinklo, nes veikia atsinaujinan\u010dios energijos pagrindu ir tod\u0117l negeneruoja energijos s\u0105naud\u0173. Jos taip pat yra labai paprastos ir greitos montuoti, nes nereikia vykdyti \u017eem\u0117s darb\u0173 ir prijungti kabeli\u0173. Be to, jos u\u017etikrina auk\u0161t\u0105 ap\u0161vietimo kokyb\u0119 d\u0117l <a href=\"https:\/\/ep.com.pl\/led\" title=\"\">LED technologijos<\/a> naudojimo j\u0173 konstrukcijoje.<\/p>\n","protected":false},"excerpt":{"rendered":"<p>M\u016bs\u0173 veiklos pagrindas yra \u012frengimai, naudojantys atsinaujinan\u010dius energijos \u0161altinius. Tai yra pagrindiniai: M\u016bs\u0173&#8230;<\/p>\n","protected":false},"author":1,"featured_media":0,"parent":0,"menu_order":0,"comment_status":"closed","ping_status":"closed","template":"","meta":{"_acf_changed":false,"footnotes":""},"class_list":["post-2986","page","type-page","status-publish","hentry"],"acf":[],"aioseo_notices":[],"_links":{"self":[{"href":"https:\/\/petraenergia.pl\/lt\/wp-json\/wp\/v2\/pages\/2986","targetHints":{"allow":["GET"]}}],"collection":[{"href":"https:\/\/petraenergia.pl\/lt\/wp-json\/wp\/v2\/pages"}],"about":[{"href":"https:\/\/petraenergia.pl\/lt\/wp-json\/wp\/v2\/types\/page"}],"author":[{"embeddable":true,"href":"https:\/\/petraenergia.pl\/lt\/wp-json\/wp\/v2\/users\/1"}],"replies":[{"embeddable":true,"href":"https:\/\/petraenergia.pl\/lt\/wp-json\/wp\/v2\/comments?post=2986"}],"version-history":[{"count":3,"href":"https:\/\/petraenergia.pl\/lt\/wp-json\/wp\/v2\/pages\/2986\/revisions"}],"predecessor-version":[{"id":3685,"href":"https:\/\/petraenergia.pl\/lt\/wp-json\/wp\/v2\/pages\/2986\/revisions\/3685"}],"wp:attachment":[{"href":"https:\/\/petraenergia.pl\/lt\/wp-json\/wp\/v2\/media?parent=2986"}],"curies":[{"name":"wp","href":"https:\/\/api.w.org\/{rel}","templated":true}]}}