{"id":3571,"date":"2024-06-28T00:30:04","date_gmt":"2024-06-27T22:30:04","guid":{"rendered":"https:\/\/petraenergia.pl\/pasiulymas\/saules-zibintai\/"},"modified":"2024-06-28T00:30:09","modified_gmt":"2024-06-27T22:30:09","slug":"saules-zibintai","status":"publish","type":"page","link":"https:\/\/petraenergia.pl\/lt\/pasiulymas\/saules-zibintai\/","title":{"rendered":"Saul\u0117s \u017eibintai"},"content":{"rendered":"\n<div class=\"wp-block-media-text alignwide is-stacked-on-mobile is-image-fill\"><figure class=\"wp-block-media-text__media\" style=\"background-image:url(https:\/\/petraenergia.pl\/wp-content\/uploads\/2021\/05\/petraenergia-lampy-zintegrowane-vs-tradycyjne-img-20160610-170452293-900x1600.jpg);background-position:50% 50%\"><img decoding=\"async\" width=\"900\" height=\"1600\" src=\"https:\/\/petraenergia.pl\/wp-content\/uploads\/2021\/05\/petraenergia-lampy-zintegrowane-vs-tradycyjne-img-20160610-170452293-900x1600.jpg\" alt=\"\" class=\"wp-image-1081 size-full\" srcset=\"https:\/\/petraenergia.pl\/wp-content\/uploads\/2021\/05\/petraenergia-lampy-zintegrowane-vs-tradycyjne-img-20160610-170452293-900x1600.jpg 900w, https:\/\/petraenergia.pl\/wp-content\/uploads\/2021\/05\/petraenergia-lampy-zintegrowane-vs-tradycyjne-img-20160610-170452293-576x1024.jpg 576w, https:\/\/petraenergia.pl\/wp-content\/uploads\/2021\/05\/petraenergia-lampy-zintegrowane-vs-tradycyjne-img-20160610-170452293-768x1365.jpg 768w, https:\/\/petraenergia.pl\/wp-content\/uploads\/2021\/05\/petraenergia-lampy-zintegrowane-vs-tradycyjne-img-20160610-170452293-864x1536.jpg 864w, https:\/\/petraenergia.pl\/wp-content\/uploads\/2021\/05\/petraenergia-lampy-zintegrowane-vs-tradycyjne-img-20160610-170452293-1152x2048.jpg 1152w, https:\/\/petraenergia.pl\/wp-content\/uploads\/2021\/05\/petraenergia-lampy-zintegrowane-vs-tradycyjne-img-20160610-170452293-scaled.jpg 1440w\" sizes=\"(max-width: 900px) 100vw, 900px\" \/><\/figure><div class=\"wp-block-media-text__content\">\n<p>Saul\u0117s \u017eibintai (saul\u0117s gatvi\u0173 \u017eibintai) yra m\u016bs\u0173 verslo pagrindas. Tai geras sprendimas:<\/p>\n\n\n\n<ul class=\"wp-block-list\">\n<li>gatvi\u0173 ap\u0161vietimas<\/li>\n\n\n\n<li>automobili\u0173 stov\u0117jimo aik\u0161tel\u0117s<\/li>\n\n\n\n<li>\u017eaidim\u0173 aik\u0161tel\u0117s<\/li>\n\n\n\n<li>p\u0117s\u010di\u0173j\u0173 takai  <\/li>\n\n\n\n<li>dvira\u010di\u0173 takai  <\/li>\n<\/ul>\n\n\n\n<p>M\u016bs\u0173 si\u016blomi \u017eibintai yra autonominiai, maitinami savo energijos kaupikliais ir didelio efektyvumo fotovoltiniais moduliais, integruotais \u012f \u017eibinto stulp\u0105. Jie taip pat gali tur\u0117ti s\u0105saj\u0105 su elektros tinklu. Pasirinkus \u0161\u012f variant\u0105, jis gali veikti kaip itin taupus \u017eibintas ir kaip avarinis ap\u0161vietimas nutr\u016bkus elektros energijos tiekimui.<\/p>\n<\/div><\/div>\n\n<h2 class=\"wp-block-heading\">Kaip veikia saul\u0117s lempa?<\/h2>\n\n<div class=\"wp-block-media-text alignwide has-media-on-the-right is-stacked-on-mobile\"><div class=\"wp-block-media-text__content\">\n<p>Saul\u0117s lempa naudoja saul\u0117s energijos surinkimo proces\u0105 ir paver\u010dia j\u0105 elektra, kuri\u0105 v\u0117liau kaupia baterijose. Nakt\u012f \u0161is procesas vyksta atvirk\u0161\u010diai ir akumuliatoriuose sukaupta elektra maitina LED \u0161viestuv\u0105.  <\/p>\n\n\n\n<p>Saul\u0117s \u017eibint\u0105 sudaro \u012f pietus nukreiptas fotovoltinis (PV) modulis, LED \u0161viesos diod\u0173 \u0161viestuvas ant str\u0117l\u0117s ir geliniai akumuliatoriai, \u012ftaisyti hermeti\u0161kame korpuse \u017eem\u0117je. Kai kur taip pat naudojami li\u010dio jon\u0173 akumuliatoriai, montuojami \u012f \u017eibinto stulp\u0105.<\/p>\n<\/div><figure class=\"wp-block-media-text__media\"><img decoding=\"async\" width=\"601\" height=\"807\" src=\"https:\/\/petraenergia.pl\/wp-content\/uploads\/2021\/05\/petraenergia-latarnie-solarne-zasada-ladowania-latarni-solarnej.jpg\" alt=\"\" class=\"wp-image-1107 size-full\"\/><\/figure><\/div>\n\n<div class=\"wp-block-buttons is-layout-flex wp-block-buttons-is-layout-flex\">\n<div class=\"wp-block-button\"><a class=\"wp-block-button__link wp-element-button\" href=\"https:\/\/mojaenergia24.pl\/petraenergia.sklep.latarnie.solarne\" target=\"_blank\" rel=\"noreferrer noopener\">Per\u017ei\u016br\u0117kite m\u016bs\u0173 produktus<\/a><\/div>\n<\/div>\n\n<div class=\"wp-block-columns is-layout-flex wp-container-core-columns-is-layout-9d6595d7 wp-block-columns-is-layout-flex\">\n<div class=\"wp-block-column is-layout-flow wp-block-column-is-layout-flow\">\n<p>Pastaraisiais metais saul\u0117s \u0161ilumin\u0117s energijos sistemos tampa vis labiau paplitusios, ir tai nenuostabu. D\u0117l technologij\u0173 pa\u017eangos, patvaresni\u0173 komponent\u0173, geresni\u0173 garantij\u0173, didesnio efektyvumo ir ma\u017eesni\u0173 kain\u0173 saul\u0117s lempos tampa vis populiaresn\u0117s.<\/p>\n<\/div>\n\n\n\n<div class=\"wp-block-column is-layout-flow wp-block-column-is-layout-flow\">\n<figure class=\"wp-block-image size-large\"><img decoding=\"async\" width=\"1600\" height=\"900\" src=\"https:\/\/petraenergia.pl\/wp-content\/uploads\/2021\/07\/petraenergia-leczyca-l-024-1600x900.jpg\" alt=\"\" class=\"wp-image-1528\" srcset=\"https:\/\/petraenergia.pl\/wp-content\/uploads\/2021\/07\/petraenergia-leczyca-l-024-1600x900.jpg 1600w, https:\/\/petraenergia.pl\/wp-content\/uploads\/2021\/07\/petraenergia-leczyca-l-024-1024x576.jpg 1024w, https:\/\/petraenergia.pl\/wp-content\/uploads\/2021\/07\/petraenergia-leczyca-l-024-768x432.jpg 768w, https:\/\/petraenergia.pl\/wp-content\/uploads\/2021\/07\/petraenergia-leczyca-l-024-1536x864.jpg 1536w, https:\/\/petraenergia.pl\/wp-content\/uploads\/2021\/07\/petraenergia-leczyca-l-024-2048x1152.jpg 2048w\" sizes=\"(max-width: 1600px) 100vw, 1600px\" \/><\/figure>\n<\/div>\n<\/div>\n\n<p>Verta pa\u017eym\u0117ti, kad \u0161i tendencija vis labiau plinta ne tik kalbant apie tokius gaminius kaip saul\u0117s sodo \u017eibintai, kurie rinkoje yra jau daugel\u012f met\u0173, bet ir apie profesionalesnius \u012frenginius, pavyzd\u017eiui, saul\u0117s \u017eibintus, naudojamus \u0161aligatviams ar miesto parkams ap\u0161viesti. Saul\u0117s lempos, skirtos, pavyzd\u017eiui, p\u0117s\u010di\u0173j\u0173 per\u0117joms keliuose ap\u0161viesti, taip pat n\u0117ra naujiena. Trumpai tariant, visas pasaulis vis labiau pereina prie ekologi\u0161k\u0173 technologij\u0173, o visos sistemos, galin\u010dios naudoti \u0161vari\u0105 energij\u0105, kasmet taps vis populiaresn\u0117s.<\/p>\n\n<h2 class=\"wp-block-heading\">Kas yra saul\u0117s lempos ir kaip jos veikia?<\/h2>\n\n<p>Vis\u0173 pirma, saul\u0117s lempa &#8211; tai b\u016bdas ap\u0161viesti beveik visk\u0105, k\u0105 norime, be elektros energijos s\u0105naud\u0173 ir, dar svarbiau, be elektros instaliacijos ir vis\u0173 su ja susijusi\u0173 darb\u0173. B\u016btent \u0161is antrasis aspektas yra da\u017eniausia saul\u0117s \u017eibint\u0173 naudojimo prie\u017eastis visame pasaulyje. Jei dar prid\u0117site ekologij\u0105, saul\u0117s lempos bus beveik nepralenkiamas sprendimas.<\/p>\n\n<p>Kas yra saul\u0117s lempos ir kaip jos veikia? I\u0161 tikr\u0173j\u0173 tai tradicin\u0117 lempa arba \u017eibintas su atitinkama saul\u0117s kolektori\u0173 sistema, kuri visi\u0161kai ekologi\u0161kai tiekia energij\u0105. Saul\u0117s kolektorius kaupia saul\u0117s energij\u0105, kuri\u0105 foton\u0173 pavidalu \u012f m\u016bs\u0173 planet\u0105 tiekia saul\u0117s \u0161viesos spindulys.<\/p>\n\n<p>Saul\u0117s energijos naudojimas turi dideli\u0173 privalum\u0173. Vis\u0173 pirma, nereikia baimintis, kad per ateinan\u010dius t\u016bkstantme\u010dius baigsis \u0161is energijos \u0161altinis, be to, r\u016bpinam\u0117s aplinka, o tai \u0161iais laikais tampa ne\u012fkainojama.<\/p>\n\n<h2 class=\"wp-block-heading\">Lenki\u0161kos saul\u0117s lempos ir kini\u0161ki gaminiai &#8211; k\u0105 rinktis?<\/h2>\n\n<p>Pirmasis ir da\u017eniausiai m\u016bs\u0173 klientams u\u017eduodamas klausimas &#8211; kokius gaminius rinktis. Ar lenki\u0161k\u0173 lemp\u0173 kokyb\u0117 labai pager\u0117jo, ar kini\u0161ki produktai atliks savo darb\u0105 ir kokia j\u0173 kokyb\u0117. \u0160iuo metu sunku kalb\u0117ti apie lenki\u0161kas saul\u0117s lempas ar kitas fotovoltines sistemas, nes Lenkijoje n\u0117ra gaminamos visos saul\u0117s lempos ar \u017eibintai. M\u016bs\u0173 \u0161alyje galima rasti gamintoj\u0173, kurie tik surenka saul\u0117s lempas ir skydelius i\u0161 pusgamini\u0173, \u012fsigyt\u0173 Rytuose. Kod\u0117l taip atsitiko?<\/p>\n\n<div class=\"wp-block-media-text alignwide is-stacked-on-mobile is-image-fill\"><figure class=\"wp-block-media-text__media\" style=\"background-image:url(https:\/\/petraenergia.pl\/wp-content\/uploads\/2021\/07\/petraenergia-daszyna-pict01-616x1600.jpg);background-position:53% 0%\"><img decoding=\"async\" width=\"616\" height=\"1600\" src=\"https:\/\/petraenergia.pl\/wp-content\/uploads\/2021\/07\/petraenergia-daszyna-pict01-616x1600.jpg\" alt=\"\" class=\"wp-image-1553 size-full\" srcset=\"https:\/\/petraenergia.pl\/wp-content\/uploads\/2021\/07\/petraenergia-daszyna-pict01-616x1600.jpg 616w, https:\/\/petraenergia.pl\/wp-content\/uploads\/2021\/07\/petraenergia-daszyna-pict01-394x1024.jpg 394w, https:\/\/petraenergia.pl\/wp-content\/uploads\/2021\/07\/petraenergia-daszyna-pict01.jpg 699w\" sizes=\"(max-width: 616px) 100vw, 616px\" \/><\/figure><div class=\"wp-block-media-text__content\">\n<p>Svarbiausia prie\u017eastis yra ta, kad papras\u010diausiai gamybos s\u0105naudos Lenkijoje b\u016bt\u0173 per didel\u0117s ir visas brangiais produktais paremtas \u012frenginys b\u016bt\u0173 visi\u0161kai nepelningas. Da\u017enai susiduriame su nuomone, kad galb\u016bt lenki\u0161ki produktai b\u016bt\u0173 brangesni, bet jie suteikt\u0173 dar vien\u0105 plyt\u0105 r\u016bpinimosi pasaulio ekologija. Tikrov\u0117je taip neb\u016bt\u0173. Svarbu prisiminti, kad didel\u0117 kaina neb\u016bt\u0173 atsiradusi i\u0161 niekur. Didel\u0117s gamybos s\u0105naudos ir tarpini\u0173 produkt\u0173 transportavimas reikalauja naudoti kitus energijos \u0161altinius, tod\u0117l pats sprendimas b\u016bt\u0173 nepalankus aplinkai. Kuro, angli\u0173 ar kit\u0173 neekologi\u0161k\u0173 energijos \u0161altini\u0173 sunaudojimas b\u016bt\u0173 toks pat, juos papras\u010diausiai sunaudot\u0173 gamykla, o mes tur\u0117tume sumok\u0117ti u\u017e rezultatus savo sunkiai u\u017edirbtais pinigais, kuriems \u012fsigyti taip pat sunaudotume tam tikrus i\u0161teklius, pavyzd\u017eiui, degalus kelionei \u012f darb\u0105 ir atgal.<\/p>\n\n\n\n<p>Tod\u0117l pl\u0117tra ir ma\u017e\u0117jan\u010dios kainos yra pagrindiniai veiksniai, lemiantys vis platesn\u012f saul\u0117s energijos naudojim\u0105.<\/p>\n<\/div><\/div>\n\n<h2 class=\"wp-block-heading\">Saul\u0117s sodo \u017eibintai &#8211; saul\u0117s \u017eibintai med\u017eiams ap\u0161viesti<\/h2>\n\n<div class=\"wp-block-media-text alignwide has-media-on-the-right is-stacked-on-mobile\"><div class=\"wp-block-media-text__content\">\n<p>Be jokios abejon\u0117s, dar prie\u0161 kelerius metus \u017einomiausias saul\u0117s energijos \u0161altiniu paremtas produktas buvo ma\u017ei saul\u0117s sodo \u017eibintai, kuri\u0173 galima \u012fsigyti beveik kiekvienoje sodo parduotuv\u0117je. Anks\u010diau vidutini\u0161k\u0173 gamini\u0173 kainos siek\u0117 de\u0161imtis zlot\u0173, o \u0161iandien pigiausius saul\u0117s sodo \u0161viestuvus galima \u012fsigyti vos u\u017e kelis zlotus. Tai rodo, kaip pl\u0117tojama fotovoltini\u0173 sistem\u0173 gamybos pramon\u0117. Ta\u010diau jei \u0161iandien ko nors paklaustume apie fotovoltinius gaminius, pirmiausia jie pamin\u0117t\u0173 fotovoltinius skydelius, kurie jau yra beveik ant kas penkto Lenkijos nam\u0173 stogo.<\/p>\n<\/div><figure class=\"wp-block-media-text__media\"><img decoding=\"async\" width=\"2560\" height=\"1440\" src=\"https:\/\/petraenergia.pl\/wp-content\/uploads\/2021\/07\/petraenergia-sztandarowe-realizacje-leczyca-l-016-scaled.jpg\" alt=\"\" class=\"wp-image-1507 size-full\"\/><\/figure><\/div>\n\n<div class=\"wp-block-media-text alignwide is-stacked-on-mobile\"><figure class=\"wp-block-media-text__media\"><img decoding=\"async\" width=\"1600\" height=\"1200\" src=\"https:\/\/petraenergia.pl\/wp-content\/uploads\/2021\/07\/petraenergia-wagrowiec-img-4053-1600x1200.jpeg\" alt=\"\" class=\"wp-image-1474 size-full\" srcset=\"https:\/\/petraenergia.pl\/wp-content\/uploads\/2021\/07\/petraenergia-wagrowiec-img-4053-1600x1200.jpeg 1600w, https:\/\/petraenergia.pl\/wp-content\/uploads\/2021\/07\/petraenergia-wagrowiec-img-4053-1024x768.jpeg 1024w, https:\/\/petraenergia.pl\/wp-content\/uploads\/2021\/07\/petraenergia-wagrowiec-img-4053-768x576.jpeg 768w, https:\/\/petraenergia.pl\/wp-content\/uploads\/2021\/07\/petraenergia-wagrowiec-img-4053-1536x1152.jpeg 1536w, https:\/\/petraenergia.pl\/wp-content\/uploads\/2021\/07\/petraenergia-wagrowiec-img-4053.jpeg 2048w\" sizes=\"(max-width: 1600px) 100vw, 1600px\" \/><\/figure><div class=\"wp-block-media-text__content\">\n<p>Nepaisant to, kad fotovoltiniai \u012frenginiai nuolat tobul\u0117ja, saul\u0117s sodo \u017eibint\u0173 naudojimas nenutr\u016bko. \u0160ie gaminiai toliau tobul\u0117ja ir \u0161iandien jau galite \u012fsigyti sensacing\u0173 saul\u0117s lemp\u0173, skirt\u0173 naudoti sode. Ne tik g\u0117lynams ap\u0161viesti, bet ir sodo \u017eibintams, kuriais ap\u0161vie\u010diame aplink nam\u0105 esan\u010dius kelius ir priva\u017eiavimus.<\/p>\n<\/div><\/div>\n\n<p>Did\u017eiausia sodo ap\u0161vietimo \u012frengimo problema &#8211; montavimas. Jei tik statote nam\u0105, turite galimyb\u0119 tok\u012f ap\u0161vietim\u0105 \u012frengti netrukdomai, ta\u010diau jei tik planuojate \u012frengti ap\u0161vietim\u0105 seniai gyvenamame name, kyla nema\u017eai problem\u0173. Idealus b\u016bdas tai padaryti &#8211; naudoti saul\u0117s lempas.<\/p>\n\n<p>Geros kokyb\u0117s saul\u0117s ap\u0161vietimas veiks b\u016btent tiek, kiek mums reikia. Be to, galime naudoti saul\u0117s lempas su judesio jutikliais. Naudodami juos ne tik sukursime nebrang\u0173 sodo ap\u0161vietim\u0105, kurio nereik\u0117s montuoti, gadinti sodo, dengti ir atlikti daug sunki\u0173 darb\u0173, bet ir puikiai integruot\u0105 ekologin\u012f ap\u0161vietim\u0105 be brangiai kainuojan\u010dio pritaikymo.<\/p>\n\n<h2 class=\"wp-block-heading\">Saul\u0117s gatvi\u0173 \u017eibintai &#8211; geriausias tradicini\u0173 \u0161aligatvi\u0173 \u017eibint\u0173 variantas<\/h2>\n<div class=\"wp-block-image\">\n<figure class=\"aligncenter size-large\"><img decoding=\"async\" width=\"1600\" height=\"900\" src=\"https:\/\/petraenergia.pl\/wp-content\/uploads\/2021\/07\/petraenergia-sztandarowe-realizacje-leczyca-l-028-1600x900.jpg\" alt=\"\" class=\"wp-image-1515\" srcset=\"https:\/\/petraenergia.pl\/wp-content\/uploads\/2021\/07\/petraenergia-sztandarowe-realizacje-leczyca-l-028-1600x900.jpg 1600w, https:\/\/petraenergia.pl\/wp-content\/uploads\/2021\/07\/petraenergia-sztandarowe-realizacje-leczyca-l-028-1024x576.jpg 1024w, https:\/\/petraenergia.pl\/wp-content\/uploads\/2021\/07\/petraenergia-sztandarowe-realizacje-leczyca-l-028-768x432.jpg 768w, https:\/\/petraenergia.pl\/wp-content\/uploads\/2021\/07\/petraenergia-sztandarowe-realizacje-leczyca-l-028-1536x864.jpg 1536w, https:\/\/petraenergia.pl\/wp-content\/uploads\/2021\/07\/petraenergia-sztandarowe-realizacje-leczyca-l-028-2048x1152.jpg 2048w\" sizes=\"(max-width: 1600px) 100vw, 1600px\" \/><\/figure>\n<\/div>\n<div class=\"wp-block-media-text alignwide has-media-on-the-right is-stacked-on-mobile\"><div class=\"wp-block-media-text__content\">\n<p>Sodo ap\u0161vietimas saul\u0117s lempomis atrodo puikus sprendimas, ta\u010diau k\u0105 daryti su platesniu ir daug didesni\u0173 reikalavim\u0173 reikalaujan\u010diu miesto, \u0161aligatvi\u0173 ir park\u0173 ap\u0161vietimu? Gali atrodyti, kad \u0161ioje vietoje saul\u0117s lempos nesugeba susitvarkyti. Saul\u0117s ap\u0161vietimas prie\u0161 kelerius metus i\u0161 ties\u0173 gal\u0117jo b\u016bti nepakankamai veiksmingas, ta\u010diau koks jis yra \u0161iandien?<\/p>\n\n\n\n<p>\u0160iandien turime tikrai auk\u0161tos kokyb\u0117s saul\u0117s ap\u0161vietim\u0105. Jis skleid\u017eia pakankamai stipr\u0173 \u0161viesos spindul\u012f ne tik \u0161aligatviams, bet ir tokioms jautrioms vietoms kaip p\u0117s\u010di\u0173j\u0173 per\u0117jos ap\u0161viesti.<\/p>\n<\/div><figure class=\"wp-block-media-text__media\"><img decoding=\"async\" width=\"1200\" height=\"1600\" src=\"https:\/\/petraenergia.pl\/wp-content\/uploads\/2021\/07\/petraenergia-chelmno-img-2815-1200x1600.jpeg\" alt=\"\" class=\"wp-image-1486 size-full\" srcset=\"https:\/\/petraenergia.pl\/wp-content\/uploads\/2021\/07\/petraenergia-chelmno-img-2815-1200x1600.jpeg 1200w, https:\/\/petraenergia.pl\/wp-content\/uploads\/2021\/07\/petraenergia-chelmno-img-2815-768x1024.jpeg 768w, https:\/\/petraenergia.pl\/wp-content\/uploads\/2021\/07\/petraenergia-chelmno-img-2815-1152x1536.jpeg 1152w, https:\/\/petraenergia.pl\/wp-content\/uploads\/2021\/07\/petraenergia-chelmno-img-2815.jpeg 1536w\" sizes=\"(max-width: 1200px) 100vw, 1200px\" \/><\/figure><\/div>\n\n<p>Saul\u0117s \u017eibintai turi beveik vien tik privalum\u0173, o tr\u016bkum\u0173 rasti labai sunku. Pirmasis privalumas vis\u0173 pirma yra ekonomi\u0161kumas. Tikriausiai n\u0117 vienas i\u0161 m\u016bs\u0173 nesusim\u0105st\u0117, kiek elektros energijos reikia vienam tradiciniam \u017eibintui. Net jei atsi\u017evelgsime \u012f energij\u0105 taupan\u010di\u0173 lempu\u010di\u0173 naudojim\u0105. Geros kokyb\u0117s energij\u0105 taupan\u010dios lemput\u0117s, naudojamos \u0161aligatvio \u017eibintuose, yra nuo 100 iki 250 vat\u0173. Pa\u0117m\u0119 tik pa\u010dius silpniausius ir padaugin\u0119 juos i\u0161 \u017eibint\u0173 stulp\u0173 skai\u010diaus ma\u017eame miestelyje, pamatysime, kad vien tik \u017eibint\u0173 stulp\u0173 suvartojamos energijos kiekis kiekvien\u0105 nakt\u012f siekia keliasde\u0161imt kW! O padauginus i\u0161 vis\u0173 \u0161alies \u0161vyturi\u0173?<\/p>\n\n<p>Ta\u010diau eikime toliau &#8211; kas nors gali pasakyti, kad vis d\u0117lto saul\u0117s energijos sistem\u0173 \u012frengimas bus daug brangesnis ir sutaupytos elektros energijos l\u0117\u0161os greitai i\u0161nyks bendroje investicij\u0173 kainoje. Galb\u016bt prie\u0161 kelerius metus taip ir b\u016bt\u0173 buv\u0119, bet ne \u0161iandien.<\/p>\n\n<p>Pats tradicinis \u017eibintas yra \u0161iek tiek pigesnis u\u017e saul\u0117s \u017eibint\u0105, ta\u010diau kaip su \u012frengimu? Tik nedaugelis \u017emoni\u0173 supranta, kokios did\u017eiul\u0117s i\u0161laidos patiriamos atliekant miesto ap\u0161vietimo elektros instaliacij\u0105. Jei palygintume saul\u0117s \u017eibint\u0173 ir tradicini\u0173 \u017eibint\u0173 su privalomu \u012frengimu investicines i\u0161laidas, pirmieji b\u016bt\u0173 daug pigesni!<\/p>\n\n<p>Be to, nereik\u0117t\u0173 pamir\u0161ti ekologijos. Saul\u0117s \u017eibintai yra papras\u010diausias ekonomi\u0161kiausias \u0161i\u0173 laik\u0173 sprendimas. Jie suteiks mums stipri\u0105 \u0161vies\u0105 m\u016bs\u0173 mieste be joki\u0173 eksploatacini\u0173 i\u0161laid\u0173. Svarbu ir tai, kad kuo daugiau prad\u0117sime naudoti saul\u0117s energijos sistem\u0173, tuo ma\u017eiau reik\u0117s sistemin\u0117s elektros energijos, kuri m\u016bs\u0173 \u0161alyje daugiausia gaminama anglimi k\u016brenamose elektrin\u0117se, kurios savo ruo\u017etu n\u0117ra labai ekologi\u0161kos.<\/p>\n\n<h2 class=\"wp-block-heading\">Profesional\u016bs saul\u0117s \u017eibintai &#8211; saul\u0117s \u017eibintas<\/h2>\n\n<div class=\"wp-block-media-text alignwide is-stacked-on-mobile\"><figure class=\"wp-block-media-text__media\"><img decoding=\"async\" width=\"1200\" height=\"1600\" src=\"https:\/\/petraenergia.pl\/wp-content\/uploads\/2021\/07\/petraenergia-chelmno-img-2810-1200x1600.jpeg\" alt=\"\" class=\"wp-image-1478 size-full\" srcset=\"https:\/\/petraenergia.pl\/wp-content\/uploads\/2021\/07\/petraenergia-chelmno-img-2810-1200x1600.jpeg 1200w, https:\/\/petraenergia.pl\/wp-content\/uploads\/2021\/07\/petraenergia-chelmno-img-2810-768x1024.jpeg 768w, https:\/\/petraenergia.pl\/wp-content\/uploads\/2021\/07\/petraenergia-chelmno-img-2810-1152x1536.jpeg 1152w, https:\/\/petraenergia.pl\/wp-content\/uploads\/2021\/07\/petraenergia-chelmno-img-2810.jpeg 1536w\" sizes=\"(max-width: 1200px) 100vw, 1200px\" \/><\/figure><div class=\"wp-block-media-text__content\">\n<p>Pastaraisiais metais si\u016blomi saul\u0117s \u017eibintai beveik niekuo nesiskiria nuo sistemini\u0173 \u017eibint\u0173 galimybi\u0173. Naudodami tinkamas fotovoltines plok\u0161tes kartu su auk\u0161\u010diausios kokyb\u0117s energij\u0105 taupan\u010diu ap\u0161vietimu ir gelio akumuliatoriais, turime galimyb\u0119 sukurti efektyv\u0173, aplinkai nekenksming\u0105 ir, svarbiausia, nebrang\u0173 miesto ap\u0161vietim\u0105.<\/p>\n\n\n\n<p>Saul\u0117s energij\u0105 naudojantys \u0161viestuvai gali b\u016bti gatvi\u0173, \u0161aligatvi\u0173, park\u0173 ir sod\u0173 \u0161viestuvai. M\u016bs\u0173 saul\u0117s lempose galima \u012frengti judesio jutiklius ir sutem\u0173 jutiklius. Visos lemput\u0117s pagamintos naudojant LED sistem\u0105 ir yra geriausi\u0173 pasaulio gamintoj\u0173.<\/p>\n<\/div><\/div>\n\n<h2 class=\"wp-block-heading\">Saul\u0117s lempos i\u0161 &#8222;Petra Energia<\/h2>\n\n<p>Jei susiduriate su investicijomis \u012f ap\u0161vietimo k\u016brim\u0105, kvie\u010diame susisiekti su mumis. Atliekame pirminius nemokamus skai\u010diavimus, padedame jums nustatyti viso projekto kain\u0105 ir patariame, koks sprendimas geriausias. \u0160iandien sunku rasti \u012fmon\u0119, kuri visais at\u017evilgiais r\u016bpint\u0173si savo klientu, suteikt\u0173 vis\u0105 svarbi\u0105 informacij\u0105 ir pad\u0117t\u0173 jam visais svarbiausiais investavimo etapais. Tai vis\u0173 pirma taikoma investicijoms \u012f saul\u0117s ap\u0161vietim\u0105 ir kitas fotovoltines sistemas savivaldyb\u0117se. Da\u017enai kyla problem\u0173, kai abi \u0161alys negali susitarti. Be to, da\u017enai pasitaiko, kad dizaineriai n\u0117ra susipa\u017ein\u0119 su \u0161ios pramon\u0117s \u0161akos realijomis ir negali pasi\u016blyti geriausio sprendimo. U\u017etikrinsime, kad dirbdami su mumis tiksliai \u017einotum\u0117te, u\u017e k\u0105 mokate ir kaip tai veiks. Pad\u0117sime i\u0161sirinkti geriausi\u0105 sprendim\u0105 ir atliksime vis\u0105 projekto montavimo ir surinkimo darbus u\u017e jus.<\/p>\n","protected":false},"excerpt":{"rendered":"<p>Kaip veikia saul\u0117s lempa? Saul\u0117s lempa naudoja saul\u0117s energijos surinkimo proces\u0105 ir paver\u010dia&#8230;<\/p>\n","protected":false},"author":1,"featured_media":0,"parent":2986,"menu_order":0,"comment_status":"closed","ping_status":"closed","template":"","meta":{"_acf_changed":false,"footnotes":""},"class_list":["post-3571","page","type-page","status-publish","hentry"],"acf":[],"aioseo_notices":[],"_links":{"self":[{"href":"https:\/\/petraenergia.pl\/lt\/wp-json\/wp\/v2\/pages\/3571","targetHints":{"allow":["GET"]}}],"collection":[{"href":"https:\/\/petraenergia.pl\/lt\/wp-json\/wp\/v2\/pages"}],"about":[{"href":"https:\/\/petraenergia.pl\/lt\/wp-json\/wp\/v2\/types\/page"}],"author":[{"embeddable":true,"href":"https:\/\/petraenergia.pl\/lt\/wp-json\/wp\/v2\/users\/1"}],"replies":[{"embeddable":true,"href":"https:\/\/petraenergia.pl\/lt\/wp-json\/wp\/v2\/comments?post=3571"}],"version-history":[{"count":1,"href":"https:\/\/petraenergia.pl\/lt\/wp-json\/wp\/v2\/pages\/3571\/revisions"}],"predecessor-version":[{"id":3574,"href":"https:\/\/petraenergia.pl\/lt\/wp-json\/wp\/v2\/pages\/3571\/revisions\/3574"}],"up":[{"embeddable":true,"href":"https:\/\/petraenergia.pl\/lt\/wp-json\/wp\/v2\/pages\/2986"}],"wp:attachment":[{"href":"https:\/\/petraenergia.pl\/lt\/wp-json\/wp\/v2\/media?parent=3571"}],"curies":[{"name":"wp","href":"https:\/\/api.w.org\/{rel}","templated":true}]}}