{"id":3579,"date":"2024-06-28T00:30:32","date_gmt":"2024-06-27T22:30:32","guid":{"rendered":"https:\/\/petraenergia.pl\/pasiulymas\/hibridiniai-zibintai\/"},"modified":"2024-06-28T00:30:35","modified_gmt":"2024-06-27T22:30:35","slug":"hibridiniai-zibintai","status":"publish","type":"page","link":"https:\/\/petraenergia.pl\/lt\/pasiulymas\/hibridiniai-zibintai\/","title":{"rendered":"Hibridiniai \u017eibintai"},"content":{"rendered":"\n<div class=\"wp-block-columns is-layout-flex wp-container-core-columns-is-layout-9d6595d7 wp-block-columns-is-layout-flex\">\n<div class=\"wp-block-column is-layout-flow wp-block-column-is-layout-flow\" style=\"flex-basis:66.66%\">\n<h2 class=\"wp-block-heading\">\u017dibintai ir hibridin\u0117s lempos<\/h2>\n\n\n\n<p>Hibridin\u0117s saul\u0117s lempos tampa vis populiaresn\u0117s d\u0117l to, kad jas lengva \u012frengti, jos labai patikimos ir j\u0173 eksploatavimo i\u0161laidos nedidel\u0117s. Hibridin\u012f \u0161vytur\u012f paprastai maitina du energijos \u0161altiniai &#8211; saul\u0117s energija, gaunama i\u0161 fotovoltini\u0173 moduli\u0173, ir v\u0117jo energija, gaunama i\u0161 \u012frengtos v\u0117jo turbinos. Gelio akumuliatoriai naudojami energijai kaupti. Hibridinei lempai nereikia tiesti kabeli\u0173 ir jungti prie elektros tinklo. Pasirinkus tinkam\u0105 konfig\u016bracij\u0105 Lenkijos klimato s\u0105lygomis, saul\u0117s lempa gali \u0161viesti prakti\u0161kai i\u0161tisus metus. Be to, hibridiniai \u017eibintai gali veikti tinklo sistemoje &#8211; pritr\u016bkus energijos akumuliatoriuose, tr\u016bkstam\u0105 energij\u0105 jie gali pasisemti i\u0161 tinklo.<\/p>\n\n\n\n<p>M\u016bs\u0173 si\u016blomi hibridiniai stulpai &#8211; tai sprendimas gyvenam\u0173j\u0173 nam\u0173 kvartalams, \u012fmon\u0117ms ir priva\u010dioms valdoms. Juos eksploatuojant nereikia mok\u0117ti u\u017e elektr\u0105. Taip yra tod\u0117l, kad hibridinio ap\u0161vietimo nereikia prijungti prie elektros tinklo. Saul\u0117s \u017eibinto tarnavimo laikas &#8211; iki 20 met\u0173.<\/p>\n\n\n\n<p><\/p>\n<\/div>\n\n\n\n<div class=\"wp-block-column is-layout-flow wp-block-column-is-layout-flow\" style=\"flex-basis:33.33%\">\n<figure class=\"wp-block-image size-large\"><img decoding=\"async\" width=\"444\" height=\"1148\" src=\"http:\/\/petraenergia.pl\/wp-content\/uploads\/2021\/04\/petraenergia-plosnica-dzialdowo-spolki-wodne-06.jpg\" alt=\"\" class=\"wp-image-632\" srcset=\"https:\/\/petraenergia.pl\/wp-content\/uploads\/2021\/04\/petraenergia-plosnica-dzialdowo-spolki-wodne-06.jpg 444w, https:\/\/petraenergia.pl\/wp-content\/uploads\/2021\/04\/petraenergia-plosnica-dzialdowo-spolki-wodne-06-396x1024.jpg 396w\" sizes=\"(max-width: 444px) 100vw, 444px\" \/><\/figure>\n<\/div>\n<\/div>\n\n<p>Teikiame visapusi\u0161kas paslaugas, susijusias su investicijomis \u012f saul\u0117s ap\u0161vietim\u0105. Parengiame koncepcij\u0105 ir dizain\u0105, tiekiame hibridinius \u017eibintus ir profesionaliai juos sumontuojame.<\/p>\n\n<h2 class=\"wp-block-heading\">Pagrindiniai elementai &#8211; \u012f k\u0105 atkreipti d\u0117mes\u012f  <\/h2>\n\n<ul class=\"wp-block-list\">\n<li>\u0160viestuvas &#8211; naudojame tik \u0161viestuvus su LED \u0161viesos \u0161altiniu. Jie u\u017etikrina did\u017eiausi\u0105 efektyvum\u0105 ir tinkamiausi\u0105 \u0161viesos paskirstym\u0105. Milteliais dengtas aliuminio lydinio korpusas u\u017etikrina \u0161viestuvo patvarum\u0105 lauko oro s\u0105lygomis.<\/li>\n\n\n\n<li>Fotovoltiniai moduliai &#8211; jie turi gerai veikti esant ma\u017eai dienos \u0161viesos (Lenkijoje &#8211; rudens ir \u017eiemos sezonu) ir b\u016bti pakankamai galingi, kad greitai \u012fkraut\u0173 prijungtus akumuliatorius. Taip pat svarbu, kad b\u016bt\u0173 pasirinktas tinkamas polinkio kampas, kuris turi didel\u0119 \u012ftak\u0105 lempos geb\u0117jimui veikti i\u0161tisus metus.<\/li>\n\n\n\n<li>V\u0117jo turbina &#8211; turbina yra antrasis \u0161vyturio energijos \u0161altinis po moduli\u0173. Tai viena brangiausi\u0173 \u0161vyturio sudedam\u0173j\u0173 dali\u0173, tod\u0117l j\u0105 verta naudoti ten, kur yra geros v\u0117jo s\u0105lygos. Jei n\u0117ra ger\u0173 v\u0117jo s\u0105lyg\u0173, geriau padidinti fotovoltini\u0173 moduli\u0173 gali\u0105, o ne \u012frengti turbin\u0105.<\/li>\n\n\n\n<li>Akumuliatoriai &#8211; Akumuliatori\u0173 talpa tur\u0117t\u0173 b\u016bti parenkama atskirai, atsi\u017evelgiant \u012f kit\u0173 \u017eibinto komponent\u0173 konfig\u016bracij\u0105. Per ma\u017ea talpa rei\u0161kia trump\u0105 \u017eibinto autonomij\u0105, o per didel\u0117 talpa gali kelti problem\u0173, susijusi\u0173 su visi\u0161ku akumuliatori\u0173 \u012fkrovimu. Ciklinio veikimo metu geriausiai veikia geliniai akumuliatoriai.<\/li>\n\n\n\n<li>\u012ekrovos valdiklis &#8211; \u012fkrovos valdiklis yra sistemos smegenys. Nuo jo efektyvumo priklauso viso \u0161vyturio veikimas. Naudojame MPPT valdiklius, kurie geriau veikia Lenkijos klimato s\u0105lygomis. Jie gali &#8222;i\u0161gauti&#8221; iki 30 % daugiau energijos i\u0161 moduli\u0173. Valdikliais galima nustatyti \u0161viestuvo ir akumuliatori\u0173 veikimo parametrus.<\/li>\n\n\n\n<li>Stulpas &#8211; laikan\u010dioji konstrukcija &#8211; Stulpas ir konstrukcija tur\u0117t\u0173 b\u016bti parenkami atsi\u017evelgiant \u012f ant jo montuojam\u0105 \u012frang\u0105 ir \u017eibinto viet\u0105. Svarbu ir kolonos stiprumas, atsi\u017evelgiant \u012f vietines v\u0117jo zonas, ir pamat\u0173 dydis, parinktas atsi\u017evelgiant \u012f grunto tip\u0105. Stulpo konstrukcija neturi u\u017estoti fotovoltini\u0173 moduli\u0173 bet kuriuo paros ar met\u0173 laiku.<\/li>\n<\/ul>\n\n<h2 class=\"wp-block-heading\"> <strong>Pagrindiniai modeliai<\/strong><\/h2>\n\n<p><\/p>\n\n<figure class=\"wp-block-table\"><table><tbody><tr><td class=\"has-text-align-center\" data-align=\"center\"><img decoding=\"async\" alt=\"\" src=\"http:\/\/petraenergia.pl\/pictures\/Parkowa_S2-10.jpg\"\/><\/td><td class=\"has-text-align-center\" data-align=\"center\"><img decoding=\"async\" alt=\"\" src=\"http:\/\/petraenergia.pl\/pictures\/Uliczna_S2-20.jpg\"\/><\/td><td class=\"has-text-align-center\" data-align=\"center\"><img decoding=\"async\" src=\"http:\/\/petraenergia.pl\/pictures\/Uliczna_W3-S4-30.jpg\" alt=\"\"\/><\/td><td class=\"has-text-align-center\" data-align=\"center\"><img decoding=\"async\" src=\"http:\/\/petraenergia.pl\/pictures\/Uliczna_W3-S3-30.jpg\" alt=\"\"\/><\/td><td class=\"has-text-align-center\" data-align=\"center\"><img decoding=\"async\" src=\"http:\/\/petraenergia.pl\/pictures\/Uliczna_W4-S4-60.jpg\" alt=\"\"\/><\/td><\/tr><tr><td class=\"has-text-align-center\" data-align=\"center\"><strong>Parko \u017eibintas S3C1\/10<\/strong><\/td><td class=\"has-text-align-center\" data-align=\"center\"><strong>Gatv\u0117s \u017eibintas S3C2\/20<\/strong><\/td><td class=\"has-text-align-center\" data-align=\"center\"><strong>Gatv\u0117s \u017eibintas W3S6C2\/30<\/strong><\/td><td class=\"has-text-align-center\" data-align=\"center\"><strong>Gatv\u0117s \u017eibintas W3S3C2\/30<\/strong><\/td><td class=\"has-text-align-center\" data-align=\"center\"><strong>Gatv\u0117s \u017eibintas W4S6C4\/60<\/strong><\/td><\/tr><\/tbody><\/table><\/figure>\n\n<p><\/p>\n","protected":false},"excerpt":{"rendered":"<p>\u017dibintai ir hibridin\u0117s lempos Hibridin\u0117s saul\u0117s lempos tampa vis populiaresn\u0117s d\u0117l to, kad&#8230;<\/p>\n","protected":false},"author":1,"featured_media":0,"parent":2986,"menu_order":1,"comment_status":"closed","ping_status":"closed","template":"","meta":{"_acf_changed":false,"footnotes":""},"class_list":["post-3579","page","type-page","status-publish","hentry"],"acf":[],"aioseo_notices":[],"_links":{"self":[{"href":"https:\/\/petraenergia.pl\/lt\/wp-json\/wp\/v2\/pages\/3579","targetHints":{"allow":["GET"]}}],"collection":[{"href":"https:\/\/petraenergia.pl\/lt\/wp-json\/wp\/v2\/pages"}],"about":[{"href":"https:\/\/petraenergia.pl\/lt\/wp-json\/wp\/v2\/types\/page"}],"author":[{"embeddable":true,"href":"https:\/\/petraenergia.pl\/lt\/wp-json\/wp\/v2\/users\/1"}],"replies":[{"embeddable":true,"href":"https:\/\/petraenergia.pl\/lt\/wp-json\/wp\/v2\/comments?post=3579"}],"version-history":[{"count":1,"href":"https:\/\/petraenergia.pl\/lt\/wp-json\/wp\/v2\/pages\/3579\/revisions"}],"predecessor-version":[{"id":3582,"href":"https:\/\/petraenergia.pl\/lt\/wp-json\/wp\/v2\/pages\/3579\/revisions\/3582"}],"up":[{"embeddable":true,"href":"https:\/\/petraenergia.pl\/lt\/wp-json\/wp\/v2\/pages\/2986"}],"wp:attachment":[{"href":"https:\/\/petraenergia.pl\/lt\/wp-json\/wp\/v2\/media?parent=3579"}],"curies":[{"name":"wp","href":"https:\/\/api.w.org\/{rel}","templated":true}]}}