{"id":3587,"date":"2024-06-28T00:33:08","date_gmt":"2024-06-27T22:33:08","guid":{"rendered":"https:\/\/petraenergia.pl\/pasiulymas\/integruoti-zibintai\/"},"modified":"2024-06-28T00:33:20","modified_gmt":"2024-06-27T22:33:20","slug":"integruoti-zibintai","status":"publish","type":"page","link":"https:\/\/petraenergia.pl\/lt\/pasiulymas\/integruoti-zibintai\/","title":{"rendered":"Integruoti \u017eibintai"},"content":{"rendered":"\n<p>Pastaruoju metu \u0161is produktas tampa vis populiaresnis. \u0160is terminas vartojamas apib\u016bdinti \u017eibintams, kuri\u0173 korpuse yra visi trys saul\u0117s \u017eibinto komponentai, t. y:  <\/p>\n\n<ul class=\"wp-block-list\">\n<li>LED \u0161viestuvas;<\/li>\n\n\n\n<li>akumuliatorius (\u0161iuo atveju li\u010dio jon\u0173 akumuliatorius), kuriame kaupiama pagaminta energija;<\/li>\n\n\n\n<li>fotovoltinis modulis kaip energijos \u0161altinis.<\/li>\n<\/ul>\n\n<p><\/p>\n\n<div class=\"wp-block-columns is-layout-flex wp-container-core-columns-is-layout-9d6595d7 wp-block-columns-is-layout-flex\">\n<div class=\"wp-block-column is-layout-flow wp-block-column-is-layout-flow\" style=\"flex-basis:66.66%\">\n<p>Neabejotini \u0161io gaminio privalumai &#8211; integruota konstrukcija, paprastas montavimas ir paprastai ma\u017eesn\u0117 kaina nei tradicini\u0173 saul\u0117s \u017eibint\u0173. Tr\u016bkumai yra \u0161ie: ma\u017eesnis energijos rezervas nei tradicini\u0173 saul\u0117s \u017eibint\u0173, tod\u0117l ap\u0161vietimas trunka trumpiau, ypa\u010d \u017eiem\u0105, taip pat ne\u012fmanoma optimaliai i\u0161d\u0117styti fotovoltinio modulio. Pastarasis tr\u016bkumas netaikomas pusiau integruotoms lempoms, vadinamosioms &#8222;integruotoms lempoms&#8221;. Splitas (paveiksl\u0117lio de\u0161in\u0117je), kuriame fotovoltinis modulis yra atskirai i\u0161d\u0117stytas nepriklausomai nuo lempos orientacijos. Be to, &#8222;All-In-One&#8221; lemput\u0119 galima bet kada u\u017eprogramuoti naudojant mobili\u0105j\u0105 program\u0117l\u0119.<\/p>\n<\/div>\n\n\n\n<div class=\"wp-block-column is-layout-flow wp-block-column-is-layout-flow\" style=\"flex-basis:33.33%\">\n<div class=\"wp-block-cover is-light\"><span aria-hidden=\"true\" class=\"wp-block-cover__background has-background-dim\"><\/span><img decoding=\"async\" class=\"wp-block-cover__image-background wp-image-1119\" alt=\"\" src=\"http:\/\/petraenergia.pl\/wp-content\/uploads\/2021\/05\/petraenergia-lampy-zintegrowane-inb-g02-30w-resized-1600x1349.jpg\" data-object-fit=\"cover\"\/><div class=\"wp-block-cover__inner-container is-layout-flow wp-block-cover-is-layout-flow\">\n<p>Padalytas pusiau integruotas \u017eibintas<\/p>\n<\/div><\/div>\n<\/div>\n<\/div>\n\n<p>I\u0161sam\u0173 integruot\u0173 ir tradicini\u0173 saul\u0117s lemp\u0173 palyginim\u0105 pateikiame atskirame <a href=\"http:\/\/petraenergia.pl\/lampy-zintegrowane-vs-tradycyjne\/\" target=\"_blank\" rel=\"noreferrer noopener\" title=\"http:\/\/petraenergia.pl\/lampy-zintegrowane-vs-tradycyjne\/\">straipsnyje<\/a>.<\/p>\n\n<p>  Integruoti saul\u0117s \u017eibintai puikiai tinka naudoti tose vietose, kur nereikia nuolatinio ap\u0161vietimo vis\u0105 nakt\u012f, tose vietose, kur \u0161viesos reikia su pertraukomis. D\u0117l \u012fmontuoto judesio jutiklio galima taupyti energij\u0105.  <\/p>\n\n<p>M\u016bs\u0173 \u017eibintai yra visi\u0161kai autonominiai, maitinami i\u0161 \u012fmontuoto li\u010dio jon\u0173 akumuliatoriaus ir didelio efektyvumo fotovoltinio modulio vir\u0161uje.<\/p>\n\n<h2 class=\"wp-block-heading\">PAGRINDIN\u0116S SAVYB\u0116S IR PRIVALUMAI<\/h2>\n\n<h3 class=\"wp-block-heading\">SAVYB\u0116S<\/h3>\n\n<ul class=\"wp-block-list\">\n<li>Fotovoltin\u0117 plok\u0161t\u0117, akumuliatorius, LED modulis ir valdiklis yra viename integruotame korpuse.<\/li>\n\n\n\n<li>Judesio jutiklis.<\/li>\n\n\n\n<li>Didelio na\u0161umo LED moduliai.<\/li>\n\n\n\n<li>Monokristaliniai fotovoltiniai moduliai.<\/li>\n\n\n\n<li>Galimyb\u0117 valdyti lemp\u0105 naudojant mobili\u0105j\u0105 program\u0117l\u0119.<\/li>\n<\/ul>\n<div class=\"wp-block-image\">\n<figure class=\"alignright size-large\"><img decoding=\"async\" src=\"\/wp-content\/uploads\/2021\/04\/petraenergia-lampy-zintegrowane-lampa-zintegrowana-1.jpg\" alt=\"\"\/><\/figure>\n<\/div>\n<h3 class=\"wp-block-heading\">PRA\u0160YMAS<\/h3>\n\n<ul class=\"wp-block-list\">\n<li>Dvira\u010di\u0173 tak\u0173, \u017eaidim\u0173 aik\u0161teli\u0173 ap\u0161vietimas.<\/li>\n\n\n\n<li>Vasaros poilsio viet\u0173 ap\u0161vietimas.<\/li>\n\n\n\n<li>Priva\u010dios \u017eem\u0117s ir sklyp\u0173 ap\u0161vietimas.<\/li>\n<\/ul>\n\n<h3 class=\"wp-block-heading\">I\u0160MOKOS<\/h3>\n\n<ul class=\"wp-block-list\">\n<li>Greitas ir paprastas montavimas<\/li>\n\n\n\n<li>lengva transportuoti d\u0117l lengvesn\u0117s kolonos ir pagrindo<\/li>\n<\/ul>\n\n<h3 class=\"wp-block-heading\">SUTAUPYMAI<\/h3>\n\n<ul class=\"wp-block-list\">\n<li>Galimyb\u0117 montuoti rankiniu b\u016bdu leid\u017eia sutaupyti statybin\u0117s \u012frangos (ekskavatoriaus, krano).<\/li>\n\n\n\n<li>Integruoto \u017eibinto stulpo, stulpo ir pamato matmenys padeda taupyti transporto i\u0161laidas.<\/li>\n\n\n\n<li>D\u0117l paprasto montavimo taupomas laikas. \u017dibinto vieneto kaina yra ma\u017eesn\u0117 nei tradicinio saul\u0117s \u017eibinto.<\/li>\n<\/ul>\n\n<h3 class=\"wp-block-heading\">KONTROL\u0116<\/h3>\n\n<p>Naudojant speciali\u0105 mobili\u0105j\u0105 program\u0117l\u0119 ir &#8222;Bluetooth&#8221; ry\u0161\u012f, \u017eibintus galima greitai ir lengvai u\u017eprogramuoti.<\/p>\n","protected":false},"excerpt":{"rendered":"<p>Pastaruoju metu \u0161is produktas tampa vis populiaresnis. \u0160is terminas vartojamas apib\u016bdinti \u017eibintams, kuri\u0173&#8230;<\/p>\n","protected":false},"author":1,"featured_media":0,"parent":2986,"menu_order":3,"comment_status":"closed","ping_status":"closed","template":"","meta":{"_acf_changed":false,"footnotes":""},"class_list":["post-3587","page","type-page","status-publish","hentry"],"acf":[],"aioseo_notices":[],"_links":{"self":[{"href":"https:\/\/petraenergia.pl\/lt\/wp-json\/wp\/v2\/pages\/3587","targetHints":{"allow":["GET"]}}],"collection":[{"href":"https:\/\/petraenergia.pl\/lt\/wp-json\/wp\/v2\/pages"}],"about":[{"href":"https:\/\/petraenergia.pl\/lt\/wp-json\/wp\/v2\/types\/page"}],"author":[{"embeddable":true,"href":"https:\/\/petraenergia.pl\/lt\/wp-json\/wp\/v2\/users\/1"}],"replies":[{"embeddable":true,"href":"https:\/\/petraenergia.pl\/lt\/wp-json\/wp\/v2\/comments?post=3587"}],"version-history":[{"count":1,"href":"https:\/\/petraenergia.pl\/lt\/wp-json\/wp\/v2\/pages\/3587\/revisions"}],"predecessor-version":[{"id":3588,"href":"https:\/\/petraenergia.pl\/lt\/wp-json\/wp\/v2\/pages\/3587\/revisions\/3588"}],"up":[{"embeddable":true,"href":"https:\/\/petraenergia.pl\/lt\/wp-json\/wp\/v2\/pages\/2986"}],"wp:attachment":[{"href":"https:\/\/petraenergia.pl\/lt\/wp-json\/wp\/v2\/media?parent=3587"}],"curies":[{"name":"wp","href":"https:\/\/api.w.org\/{rel}","templated":true}]}}