{"id":3597,"date":"2024-06-28T00:37:42","date_gmt":"2024-06-27T22:37:42","guid":{"rendered":"https:\/\/petraenergia.pl\/apie-mus-pagal-musu-misija\/"},"modified":"2024-06-28T00:37:45","modified_gmt":"2024-06-27T22:37:45","slug":"apie-mus-pagal-musu-misija","status":"publish","type":"page","link":"https:\/\/petraenergia.pl\/lt\/apie-mus-pagal-musu-misija\/","title":{"rendered":"Apie mus &#8211; Pagal m\u016bs\u0173 misij\u0105"},"content":{"rendered":"\n<h2 class=\"wp-block-heading\">KOKIA YRA M\u016aS\u0172 MISIJA?<\/h2>\n\n<p><strong>M\u016bs\u0173 misija <\/strong>&#8211; teikti novatori\u0161kus sprendimus, kurie ma\u017eina elektros energijos s\u0105naudas ir didina klient\u0173 energetin\u0119 nepriklausomyb\u0119.<\/p>\n\n<p><strong>Projektuojame ir <a href=\"https:\/\/petraenergia.pl\/realizacje\/\" title=\"\">\u012fgyvendiname<\/a><\/strong> \u012frenginius, naudojan\u010dius atsinaujinan\u010dius energijos \u0161altinius. Daugiausia specializuojam\u0117s lauko ap\u0161vietimo ir \u012frengini\u0173, kurie surenka elektros energij\u0105 i\u0161 saul\u0117s (vadinamoji fotovoltika), srityje.  <\/p>\n\n<p>Tikime, kad i\u0161naudodami <a href=\"https:\/\/www.ecocomfort.pl\/oze-czyli-co-to-sa-odnawialne-zrodla-energii\/\" title=\"\">atsinaujinan\u010di\u0173j\u0173 energijos \u0161altini\u0173<\/a> potencial\u0105 geriname gyvenimo kokyb\u0119 ir aplink\u0105.<\/p>\n\n<p>Vadovaujam\u0117s principu, kad <strong>ma\u017ei dalykai daro didel\u0119<\/strong> \u012ftak\u0105.<\/p>\n\n<h2 class=\"wp-block-heading\">KAS SLYPI U\u017d \u0160IO \u0160\u016aKIO?<\/h2>\n\n<p>\u0160\u012f teigin\u012f l\u0117m\u0117 paprastas pasteb\u0117jimas: pasaulyje esame ne vieni. Norime to ar nenorime, esame ka\u017eko didesnio dalis. \u0161eima, \u012fmon\u0117, visuomen\u0117. Kaip individas esame neatsiejama didesn\u0117s, kolektyvin\u0117s gyvyb\u0117s formos dalis.<\/p>\n\n<h2 class=\"wp-block-heading\">TOD\u0116L VISKAS, K\u0104 DAROME, YRA SVARBU.<\/h2>\n\n<p>Nety\u010dia i\u0161tartas \u017eodis, netiksliai priver\u017etas var\u017etas, netinkamai parinktas montavimo komponentas&#8230; U\u017e kiekvien\u0105 priimt\u0105 sprendim\u0105 tenka prisiimti atsakomyb\u0119. Viena klaida gali kainuoti \u0161imtus t\u016bkstan\u010di\u0173 zlot\u0173, vienas neapgalvotas sprendimas gali tur\u0117ti skaud\u017ei\u0173 pasekmi\u0173, o svarbiausia &#8211; \u017emoni\u0173 pasitik\u0117jim\u0105, kur\u012f v\u0117liau sunku atgauti. M\u016bs\u0173 veiksmai sukelia atgars\u012f ir sklinda per visuomen\u0119. Galutinis rezultatas susideda i\u0161 daugyb\u0117s detali\u0173, valand\u0173 kruop\u0161taus ir varginan\u010dio darbo, ir tai darydami vadovaujam\u0117s savo misija.  <\/p>\n\n<h2 class=\"wp-block-heading\">KAIP ATRODYS M\u016aS\u0172 ATEITIS, PRIKLAUSO NUO TO, K\u0104 DAROME \u0160IANDIEN.  <\/h2>\n\n<p>Esame \u012fmon\u0117, kurioje pripa\u017e\u012fstame, kad esame dinami\u0161kos pramon\u0117s dalis, ir norime daryti teigiam\u0105 poveik\u012f aplinkiniams. Norime skatinti tok\u012f po\u017ei\u016br\u012f tarp savo klient\u0173, kad jie atkreipt\u0173 d\u0117mes\u012f \u012f, atrodyt\u0173, ma\u017eus dalykus, i\u0161 pa\u017ei\u016bros nereik\u0161mingas santaupas. Da\u017enai b\u016btent ma\u017eiausi, nedideli kasdieniai poky\u010diai labiausiai pakei\u010dia galutin\u012f rezultat\u0105. \u0160tai kod\u0117l <strong>ma\u017ei dalykai daro didel\u0119<\/strong> \u012ftak\u0105.<\/p>\n","protected":false},"excerpt":{"rendered":"<p>KOKIA YRA M\u016aS\u0172 MISIJA? M\u016bs\u0173 misija &#8211; teikti novatori\u0161kus sprendimus, kurie ma\u017eina elektros&#8230;<\/p>\n","protected":false},"author":1,"featured_media":0,"parent":0,"menu_order":0,"comment_status":"closed","ping_status":"closed","template":"","meta":{"_acf_changed":false,"footnotes":""},"class_list":["post-3597","page","type-page","status-publish","hentry"],"acf":[],"aioseo_notices":[],"_links":{"self":[{"href":"https:\/\/petraenergia.pl\/lt\/wp-json\/wp\/v2\/pages\/3597","targetHints":{"allow":["GET"]}}],"collection":[{"href":"https:\/\/petraenergia.pl\/lt\/wp-json\/wp\/v2\/pages"}],"about":[{"href":"https:\/\/petraenergia.pl\/lt\/wp-json\/wp\/v2\/types\/page"}],"author":[{"embeddable":true,"href":"https:\/\/petraenergia.pl\/lt\/wp-json\/wp\/v2\/users\/1"}],"replies":[{"embeddable":true,"href":"https:\/\/petraenergia.pl\/lt\/wp-json\/wp\/v2\/comments?post=3597"}],"version-history":[{"count":1,"href":"https:\/\/petraenergia.pl\/lt\/wp-json\/wp\/v2\/pages\/3597\/revisions"}],"predecessor-version":[{"id":3599,"href":"https:\/\/petraenergia.pl\/lt\/wp-json\/wp\/v2\/pages\/3597\/revisions\/3599"}],"wp:attachment":[{"href":"https:\/\/petraenergia.pl\/lt\/wp-json\/wp\/v2\/media?parent=3597"}],"curies":[{"name":"wp","href":"https:\/\/api.w.org\/{rel}","templated":true}]}}