{"id":3643,"date":"2024-06-28T01:13:10","date_gmt":"2024-06-27T23:13:10","guid":{"rendered":"https:\/\/petraenergia.pl\/pasiulymas\/vaizdo-stebejimo-kameru-stebejimas\/"},"modified":"2024-06-28T01:13:14","modified_gmt":"2024-06-27T23:13:14","slug":"vaizdo-stebejimo-kameru-stebejimas","status":"publish","type":"page","link":"https:\/\/petraenergia.pl\/lt\/pasiulymas\/vaizdo-stebejimo-kameru-stebejimas\/","title":{"rendered":"Vaizdo steb\u0117jimo kamer\u0173 steb\u0117jimas"},"content":{"rendered":"\n<div class=\"wp-block-columns is-layout-flex wp-container-core-columns-is-layout-9d6595d7 wp-block-columns-is-layout-flex\">\n<div class=\"wp-block-column is-layout-flow wp-block-column-is-layout-flow\" style=\"flex-basis:66.66%\">\n<p>Saul\u0117s steb\u0117sena CCTV <em>(u\u017edarosios grandin\u0117s televizija<\/em> &#8211; pa\u017eod\u017eiui. U\u017edarosios televizijos arba tiesiog vaizdo steb\u0117jimo sistema) &#8211; \u0161is \u012frenginys leid\u017eia kameromis steb\u0117ti aplink\u0105 arba objekt\u0173 vid\u0173. Naudojant \u0161iuolaikines technologijas, norint steb\u0117ti svarbius \u012frenginius, neb\u016btina tur\u0117ti maitinimo \u0161altin\u012f. M\u016bs\u0173 sprendimai daugiausia d\u0117mesio skiriami atsinaujinan\u010diaisiais energijos \u0161altiniais varom\u0173 steb\u0117jimo rinkini\u0173 tiekimui. Svarbu tai, kad tinkamai sukonfig\u016bravus \u0161iuos \u012frenginius, jie m\u016bs\u0173 platumoje gali veikti i\u0161tisus metus.<\/p>\n\n\n\n<p>Saul\u0117s vaizdo steb\u0117jimo sistema puikiai tinka saugumui u\u017etikrinti:<\/p>\n\n\n\n<ul class=\"wp-block-list\">\n<li>Atviros erdv\u0117s<\/li>\n\n\n\n<li>Mi\u0161kai<\/li>\n\n\n\n<li>Automobili\u0173 stov\u0117jimo aik\u0161teli\u0173 statybos aik\u0161tel\u0117s<\/li>\n\n\n\n<li>parkai<\/li>\n\n\n\n<li>sand\u0117liai<\/li>\n\n\n\n<li>namai ir sklypai<\/li>\n<\/ul>\n<\/div>\n\n\n\n<div class=\"wp-block-column is-layout-flow wp-block-column-is-layout-flow\" style=\"flex-basis:33.33%\">\n<figure class=\"wp-block-image size-large\"><img decoding=\"async\" width=\"1260\" height=\"1136\" src=\"https:\/\/petra.goodone.digital\/wp-content\/uploads\/2021\/04\/petraenergia-strona-glowna-pexels-henrikas-mackevicius-4059469.jpg\" alt=\"\" class=\"wp-image-395\" srcset=\"https:\/\/petraenergia.pl\/wp-content\/uploads\/2021\/04\/petraenergia-strona-glowna-pexels-henrikas-mackevicius-4059469.jpg 1260w, https:\/\/petraenergia.pl\/wp-content\/uploads\/2021\/04\/petraenergia-strona-glowna-pexels-henrikas-mackevicius-4059469-1024x923.jpg 1024w, https:\/\/petraenergia.pl\/wp-content\/uploads\/2021\/04\/petraenergia-strona-glowna-pexels-henrikas-mackevicius-4059469-768x692.jpg 768w\" sizes=\"(max-width: 1260px) 100vw, 1260px\" \/><\/figure>\n<\/div>\n<\/div>\n\n<h2 class=\"wp-block-heading\">Galerija:<\/h2>\n\n<figure class=\"wp-block-gallery has-nested-images columns-default is-cropped wp-block-gallery-1 is-layout-flex wp-block-gallery-is-layout-flex\">\n<figure class=\"wp-block-image size-large\"><a href=\"https:\/\/petraenergia.pl\/wp-content\/uploads\/2021\/05\/petraenergia-monitoring-cctv-latarniacctv-scaled.jpg\"><img decoding=\"async\" width=\"658\" height=\"1600\" data-id=\"1123\" src=\"https:\/\/petraenergia.pl\/wp-content\/uploads\/2021\/05\/petraenergia-monitoring-cctv-latarniacctv-658x1600.jpg\" alt=\"\" class=\"wp-image-1123\" srcset=\"https:\/\/petraenergia.pl\/wp-content\/uploads\/2021\/05\/petraenergia-monitoring-cctv-latarniacctv-658x1600.jpg 658w, https:\/\/petraenergia.pl\/wp-content\/uploads\/2021\/05\/petraenergia-monitoring-cctv-latarniacctv-421x1024.jpg 421w, https:\/\/petraenergia.pl\/wp-content\/uploads\/2021\/05\/petraenergia-monitoring-cctv-latarniacctv-768x1868.jpg 768w, https:\/\/petraenergia.pl\/wp-content\/uploads\/2021\/05\/petraenergia-monitoring-cctv-latarniacctv-842x2048.jpg 842w, https:\/\/petraenergia.pl\/wp-content\/uploads\/2021\/05\/petraenergia-monitoring-cctv-latarniacctv-scaled.jpg 1052w\" sizes=\"(max-width: 658px) 100vw, 658px\" \/><\/a><\/figure>\n\n\n\n<figure class=\"wp-block-image size-large\"><a href=\"https:\/\/petraenergia.pl\/wp-content\/uploads\/2021\/05\/petraenergia-monitoring-cctv-latarniacctv-ruter-scaled.jpg\"><img decoding=\"async\" width=\"1227\" height=\"1600\" data-id=\"1127\" src=\"https:\/\/petraenergia.pl\/wp-content\/uploads\/2021\/05\/petraenergia-monitoring-cctv-latarniacctv-ruter-1227x1600.jpg\" alt=\"\" class=\"wp-image-1127\" srcset=\"https:\/\/petraenergia.pl\/wp-content\/uploads\/2021\/05\/petraenergia-monitoring-cctv-latarniacctv-ruter-1227x1600.jpg 1227w, https:\/\/petraenergia.pl\/wp-content\/uploads\/2021\/05\/petraenergia-monitoring-cctv-latarniacctv-ruter-785x1024.jpg 785w, https:\/\/petraenergia.pl\/wp-content\/uploads\/2021\/05\/petraenergia-monitoring-cctv-latarniacctv-ruter-768x1002.jpg 768w, https:\/\/petraenergia.pl\/wp-content\/uploads\/2021\/05\/petraenergia-monitoring-cctv-latarniacctv-ruter-1178x1536.jpg 1178w, https:\/\/petraenergia.pl\/wp-content\/uploads\/2021\/05\/petraenergia-monitoring-cctv-latarniacctv-ruter-1570x2048.jpg 1570w, https:\/\/petraenergia.pl\/wp-content\/uploads\/2021\/05\/petraenergia-monitoring-cctv-latarniacctv-ruter-scaled.jpg 1963w\" sizes=\"(max-width: 1227px) 100vw, 1227px\" \/><\/a><\/figure>\n<\/figure>\n","protected":false},"excerpt":{"rendered":"<p>Saul\u0117s steb\u0117sena CCTV (u\u017edarosios grandin\u0117s televizija &#8211; pa\u017eod\u017eiui. U\u017edarosios televizijos arba tiesiog vaizdo&#8230;<\/p>\n","protected":false},"author":1,"featured_media":0,"parent":2986,"menu_order":4,"comment_status":"closed","ping_status":"closed","template":"","meta":{"_acf_changed":false,"footnotes":""},"class_list":["post-3643","page","type-page","status-publish","hentry"],"acf":[],"aioseo_notices":[],"_links":{"self":[{"href":"https:\/\/petraenergia.pl\/lt\/wp-json\/wp\/v2\/pages\/3643","targetHints":{"allow":["GET"]}}],"collection":[{"href":"https:\/\/petraenergia.pl\/lt\/wp-json\/wp\/v2\/pages"}],"about":[{"href":"https:\/\/petraenergia.pl\/lt\/wp-json\/wp\/v2\/types\/page"}],"author":[{"embeddable":true,"href":"https:\/\/petraenergia.pl\/lt\/wp-json\/wp\/v2\/users\/1"}],"replies":[{"embeddable":true,"href":"https:\/\/petraenergia.pl\/lt\/wp-json\/wp\/v2\/comments?post=3643"}],"version-history":[{"count":1,"href":"https:\/\/petraenergia.pl\/lt\/wp-json\/wp\/v2\/pages\/3643\/revisions"}],"predecessor-version":[{"id":3649,"href":"https:\/\/petraenergia.pl\/lt\/wp-json\/wp\/v2\/pages\/3643\/revisions\/3649"}],"up":[{"embeddable":true,"href":"https:\/\/petraenergia.pl\/lt\/wp-json\/wp\/v2\/pages\/2986"}],"wp:attachment":[{"href":"https:\/\/petraenergia.pl\/lt\/wp-json\/wp\/v2\/media?parent=3643"}],"curies":[{"name":"wp","href":"https:\/\/api.w.org\/{rel}","templated":true}]}}