{"id":3656,"date":"2024-06-28T01:15:10","date_gmt":"2024-06-27T23:15:10","guid":{"rendered":"https:\/\/petraenergia.pl\/pasiulymas\/komponentu-parduotuve\/"},"modified":"2024-06-28T01:15:34","modified_gmt":"2024-06-27T23:15:34","slug":"komponentu-parduotuve","status":"publish","type":"page","link":"https:\/\/petraenergia.pl\/lt\/pasiulymas\/komponentu-parduotuve\/","title":{"rendered":"Komponent\u0173 parduotuv\u0117"},"content":{"rendered":"\n<p>Teikiame paslaugas ne tik savivaldyb\u0117ms ir \u012fmon\u0117ms, bet ir individualiems klientams. Jei j\u016bs\u0173 nedomina surinkimo paslauga, jus gali sudominti m\u016bs\u0173 komponent\u0173 parduotuv\u0117. M\u016bs\u0173 pasi\u016blyme rasite:<\/p>\n\n<ul class=\"wp-block-list\" id=\"block-e35cee87-17a7-4628-a453-fa34290fedd6\">\n<li>priedai  <\/li>\n\n\n\n<li>fotovoltini\u0173 sistem\u0173 ir saul\u0117s lemp\u0173 komponentai<\/li>\n\n\n\n<li>v\u0117jo turbinos<\/li>\n\n\n\n<li>fotovoltin\u0117s plok\u0161t\u0117s<\/li>\n\n\n\n<li>elektros stiebai<\/li>\n\n\n\n<li>saul\u0117s sieniniai \u0161viestuvai<\/li>\n\n\n\n<li>LED \u0161viestuvai<\/li>\n\n\n\n<li>daug daugiau!<\/li>\n<\/ul>\n\n<p>Kvie\u010diame susipa\u017einti su m\u016bs\u0173 parduotuv\u0117je esan\u010di\u0173 gamini\u0173 asortimentu.<\/p>\n\n<div class=\"wp-block-buttons is-layout-flex wp-block-buttons-is-layout-flex\">\n<div class=\"wp-block-button\"><a class=\"wp-block-button__link wp-element-button\" href=\"https:\/\/mojaenergia24.pl\/\" target=\"_blank\" rel=\"noreferrer noopener\">Eiti \u012f parduotuv\u0119<\/a><\/div>\n<\/div>\n","protected":false},"excerpt":{"rendered":"<p>Teikiame paslaugas ne tik savivaldyb\u0117ms ir \u012fmon\u0117ms, bet ir individualiems klientams. Jei j\u016bs\u0173&#8230;<\/p>\n","protected":false},"author":1,"featured_media":0,"parent":2986,"menu_order":3,"comment_status":"closed","ping_status":"closed","template":"","meta":{"_acf_changed":false,"footnotes":""},"class_list":["post-3656","page","type-page","status-publish","hentry"],"acf":[],"aioseo_notices":[],"_links":{"self":[{"href":"https:\/\/petraenergia.pl\/lt\/wp-json\/wp\/v2\/pages\/3656","targetHints":{"allow":["GET"]}}],"collection":[{"href":"https:\/\/petraenergia.pl\/lt\/wp-json\/wp\/v2\/pages"}],"about":[{"href":"https:\/\/petraenergia.pl\/lt\/wp-json\/wp\/v2\/types\/page"}],"author":[{"embeddable":true,"href":"https:\/\/petraenergia.pl\/lt\/wp-json\/wp\/v2\/users\/1"}],"replies":[{"embeddable":true,"href":"https:\/\/petraenergia.pl\/lt\/wp-json\/wp\/v2\/comments?post=3656"}],"version-history":[{"count":1,"href":"https:\/\/petraenergia.pl\/lt\/wp-json\/wp\/v2\/pages\/3656\/revisions"}],"predecessor-version":[{"id":3657,"href":"https:\/\/petraenergia.pl\/lt\/wp-json\/wp\/v2\/pages\/3656\/revisions\/3657"}],"up":[{"embeddable":true,"href":"https:\/\/petraenergia.pl\/lt\/wp-json\/wp\/v2\/pages\/2986"}],"wp:attachment":[{"href":"https:\/\/petraenergia.pl\/lt\/wp-json\/wp\/v2\/media?parent=3656"}],"curies":[{"name":"wp","href":"https:\/\/api.w.org\/{rel}","templated":true}]}}