{"id":3690,"date":"2024-06-28T01:18:53","date_gmt":"2024-06-27T23:18:53","guid":{"rendered":"https:\/\/petraenergia.pl\/pasiulymas\/saules-lempu-aptarnavimas\/"},"modified":"2024-06-28T01:19:01","modified_gmt":"2024-06-27T23:19:01","slug":"saules-lempu-aptarnavimas","status":"publish","type":"page","link":"https:\/\/petraenergia.pl\/lt\/pasiulymas\/saules-lempu-aptarnavimas\/","title":{"rendered":"Saul\u0117s lemp\u0173 aptarnavimas"},"content":{"rendered":"\n<p><\/p>\n\n<p><\/p>\n\n<div class=\"wp-block-columns is-layout-flex wp-container-core-columns-is-layout-9d6595d7 wp-block-columns-is-layout-flex\">\n<div class=\"wp-block-column is-layout-flow wp-block-column-is-layout-flow\" style=\"flex-basis:66.66%\">\n<p>Saul\u0117s \u017eibintai &#8211; tai prietaisai, kurie, jei yra gerai sumontuoti ir naudojami geri komponentai, <strong>gali veikti be gedim\u0173 iki 10 met\u0173<\/strong>. Ta\u010diau, kaip ir visa \u012franga, jie gali b\u016bti sugadinti, pvz., d\u0117l \u017eaibo, vandalizmo, intensyvaus naudojimo ir pan.<\/p>\n\n\n\n<h2 class=\"wp-block-heading\">Turime daugiau nei 8 met\u0173 patirt\u012f tiekiant ir pri\u017ei\u016brint saul\u0117s ir hibridinius \u017eibintus.<\/h2>\n\n\n\n<p>  Atliekame vis\u0173 tip\u0173 \u017eibint\u0173 prie\u017ei\u016br\u0105, turime nuolatines atsargini\u0173 dali\u0173 atsargas ir ekspert\u0173 aptarnavimo komandas.<\/p>\n\n\n\n<p>M\u016bs\u0173 paslaugomis galite naudotis neatsi\u017evelgdami \u012f tai, kas atliko \u012frengimo darbus.<\/p>\n\n\n\n<h2 class=\"wp-block-heading\" id=\"block-d5135792-cb27-4d25-84f7-247451d48478\">Si\u016blome:<\/h2>\n\n\n\n<ul class=\"wp-block-list\">\n<li>Nemokama konsultacija<\/li>\n\n\n\n<li>I\u0161ankstin\u0117 diagnostika internetu<\/li>\n\n\n\n<li>Sugedusi\u0173 komponent\u0173 keitimas<\/li>\n\n\n\n<li>\u0160e\u0161i\u0173 m\u0117nesi\u0173 dali\u0173 garantija<\/li>\n<\/ul>\n\n\n\n<p>Nor\u0117dami gauti i\u0161samios informacijos apie pasi\u016blym\u0105, paskambinkite <a href=\"https:\/\/petraenergia.pl\/lt\/susisiekite-su\/\" title=\"\">mums <\/a>arba palikite el. lai\u0161k\u0105. Atsakysime per 24 valandas.<\/p>\n<\/div>\n\n\n\n<div class=\"wp-block-column is-layout-flow wp-block-column-is-layout-flow\" style=\"flex-basis:33.33%\">\n<figure class=\"wp-block-image size-large\"><img decoding=\"async\" width=\"614\" height=\"1388\" src=\"https:\/\/petra.goodone.digital\/wp-content\/uploads\/2021\/04\/petraenergia-przesmyki-photo3-1.jpg\" alt=\"\" class=\"wp-image-577\" srcset=\"https:\/\/petraenergia.pl\/wp-content\/uploads\/2021\/04\/petraenergia-przesmyki-photo3-1.jpg 614w, https:\/\/petraenergia.pl\/wp-content\/uploads\/2021\/04\/petraenergia-przesmyki-photo3-1-453x1024.jpg 453w\" sizes=\"(max-width: 614px) 100vw, 614px\" \/><\/figure>\n\n\n\n<p><\/p>\n<\/div>\n<\/div>\n\n<h2 class=\"wp-block-heading\">Galerija:<\/h2>\n\n<figure class=\"wp-block-gallery has-nested-images columns-default is-cropped wp-block-gallery-1 is-layout-flex wp-block-gallery-is-layout-flex\">\n<figure class=\"wp-block-image size-thumbnail\"><a href=\"https:\/\/petraenergia.pl\/wp-content\/uploads\/2021\/05\/petraenergia-serwis-lamp-solarnych-img-3427-scaled.jpg\"><img decoding=\"async\" width=\"360\" height=\"360\" data-id=\"903\" src=\"https:\/\/petraenergia.pl\/wp-content\/uploads\/2021\/05\/petraenergia-serwis-lamp-solarnych-img-3427-360x360.jpg\" alt=\"\" class=\"wp-image-903\"\/><\/a><\/figure>\n\n\n\n<figure class=\"wp-block-image size-thumbnail\"><a href=\"https:\/\/petraenergia.pl\/wp-content\/uploads\/2021\/05\/petraenergia-serwis-lamp-solarnych-img-3420-scaled.jpg\"><img decoding=\"async\" width=\"360\" height=\"360\" data-id=\"905\" src=\"https:\/\/petraenergia.pl\/wp-content\/uploads\/2021\/05\/petraenergia-serwis-lamp-solarnych-img-3420-360x360.jpg\" alt=\"\" class=\"wp-image-905\"\/><\/a><\/figure>\n\n\n\n<figure class=\"wp-block-image size-thumbnail\"><a href=\"https:\/\/petraenergia.pl\/wp-content\/uploads\/2021\/05\/petraenergia-serwis-lamp-solarnych-img-3418-scaled.jpg\"><img decoding=\"async\" width=\"360\" height=\"360\" data-id=\"907\" src=\"https:\/\/petraenergia.pl\/wp-content\/uploads\/2021\/05\/petraenergia-serwis-lamp-solarnych-img-3418-360x360.jpg\" alt=\"\" class=\"wp-image-907\"\/><\/a><\/figure>\n\n\n\n<figure class=\"wp-block-image size-thumbnail\"><a href=\"https:\/\/petraenergia.pl\/wp-content\/uploads\/2021\/05\/petraenergia-serwis-lamp-solarnych-img-3415-scaled.jpg\"><img decoding=\"async\" width=\"360\" height=\"360\" data-id=\"909\" src=\"https:\/\/petraenergia.pl\/wp-content\/uploads\/2021\/05\/petraenergia-serwis-lamp-solarnych-img-3415-360x360.jpg\" alt=\"\" class=\"wp-image-909\"\/><\/a><\/figure>\n\n\n\n<figure class=\"wp-block-image size-thumbnail\"><a href=\"https:\/\/petraenergia.pl\/wp-content\/uploads\/2021\/05\/petraenergia-serwis-lamp-solarnych-img-3421-scaled.jpg\"><img decoding=\"async\" width=\"360\" height=\"360\" data-id=\"913\" src=\"https:\/\/petraenergia.pl\/wp-content\/uploads\/2021\/05\/petraenergia-serwis-lamp-solarnych-img-3421-360x360.jpg\" alt=\"\" class=\"wp-image-913\"\/><\/a><\/figure>\n<\/figure>\n","protected":false},"excerpt":{"rendered":"<p>Saul\u0117s \u017eibintai &#8211; tai prietaisai, kurie, jei yra gerai sumontuoti ir naudojami geri&#8230;<\/p>\n","protected":false},"author":1,"featured_media":2966,"parent":2986,"menu_order":5,"comment_status":"closed","ping_status":"closed","template":"","meta":{"_acf_changed":false,"footnotes":""},"class_list":["post-3690","page","type-page","status-publish","has-post-thumbnail","hentry"],"acf":[],"aioseo_notices":[],"_links":{"self":[{"href":"https:\/\/petraenergia.pl\/lt\/wp-json\/wp\/v2\/pages\/3690","targetHints":{"allow":["GET"]}}],"collection":[{"href":"https:\/\/petraenergia.pl\/lt\/wp-json\/wp\/v2\/pages"}],"about":[{"href":"https:\/\/petraenergia.pl\/lt\/wp-json\/wp\/v2\/types\/page"}],"author":[{"embeddable":true,"href":"https:\/\/petraenergia.pl\/lt\/wp-json\/wp\/v2\/users\/1"}],"replies":[{"embeddable":true,"href":"https:\/\/petraenergia.pl\/lt\/wp-json\/wp\/v2\/comments?post=3690"}],"version-history":[{"count":1,"href":"https:\/\/petraenergia.pl\/lt\/wp-json\/wp\/v2\/pages\/3690\/revisions"}],"predecessor-version":[{"id":3691,"href":"https:\/\/petraenergia.pl\/lt\/wp-json\/wp\/v2\/pages\/3690\/revisions\/3691"}],"up":[{"embeddable":true,"href":"https:\/\/petraenergia.pl\/lt\/wp-json\/wp\/v2\/pages\/2986"}],"wp:featuredmedia":[{"embeddable":true,"href":"https:\/\/petraenergia.pl\/lt\/wp-json\/wp\/v2\/media\/2966"}],"wp:attachment":[{"href":"https:\/\/petraenergia.pl\/lt\/wp-json\/wp\/v2\/media?parent=3690"}],"curies":[{"name":"wp","href":"https:\/\/api.w.org\/{rel}","templated":true}]}}