{"id":3702,"date":"2024-06-28T01:27:18","date_gmt":"2024-06-27T23:27:18","guid":{"rendered":"https:\/\/petraenergia.pl\/klausimai-ir-atsakymai\/"},"modified":"2024-07-31T12:09:14","modified_gmt":"2024-07-31T10:09:14","slug":"klausimai-ir-atsakymai","status":"publish","type":"page","link":"https:\/\/petraenergia.pl\/lt\/klausimai-ir-atsakymai\/","title":{"rendered":"Klausimai ir atsakymai"},"content":{"rendered":"<div class=\"faq accordion\"><div class=\"faq__item\" itemprop=\"mainEntity\" itemtype=\"https:\/\/schema.org\/Question\" itemscope>\n  <div class=\"faq__header\" data-toggle=\"collapse\" data-target=\"#collapse-0\" data-text=\"Collapse\">\n    <i class=\"icon icon-pe-arrow-circle\"><\/i>\n    <h2 itemprop=\"name\">Kiek laiko \u0161vie\u010dia saul\u0117s gatv\u0117s \u017eibintas?<\/h2>\n  <\/div>\n  <div class=\"faq__collapse\" id=\"collapse-0\" itemscope itemprop=\"acceptedAnswer\">\n    <div class=\"faq__content\">\n      <p>Tai priklauso nuo konkretaus modelio, kit\u0173 parametr\u0173, ta\u010diau m\u016bs\u0173 gatv\u0117s \u017eibint\u0173 autonominis veikimas trunka nuo 3 iki 7 dien\u0173.<\/p>\n    <\/div>\n  <\/div>\n<\/div>\n<div class=\"faq__item\" itemprop=\"mainEntity\" itemtype=\"https:\/\/schema.org\/Question\" itemscope>\n  <div class=\"faq__header\" data-toggle=\"collapse\" data-target=\"#collapse-1\" data-text=\"Collapse\">\n    <i class=\"icon icon-pe-arrow-circle\"><\/i>\n    <h2 itemprop=\"name\">\u012e k\u0105 atkreipti d\u0117mes\u012f renkantis saul\u0117s lemp\u0105?<\/h2>\n  <\/div>\n  <div class=\"faq__collapse\" id=\"collapse-1\" itemscope itemprop=\"acceptedAnswer\">\n    <div class=\"faq__content\">\n      <p>Nusprend\u0119 \u012fsirengti saul\u0117s lemp\u0105, turite atsi\u017evelgti \u012f kelet\u0105 svarbiausi\u0173 dalyk\u0173:  <\/p>\n<ul>\n<li>Saul\u0117s lempa turi b\u016bti montuojama vietoje be dirbtinio ap\u0161vietimo (kad b\u016bt\u0173 i\u0161vengta<\/li>\n<li>lempos tur\u0117t\u0173 b\u016bti i\u0161d\u0117stytos pakankamu atstumu viena nuo kitos, kad netrukdyt\u0173 viena kitai dirbti.<\/li>\n<li>verta atid\u017eiai i\u0161nagrin\u0117ti technines <a href=\"https:\/\/petra.goodone.digital\/lampy-solarne-parametry-techniczne\/\">specifikacijas<\/a> arba kreiptis \u012f specialistus.<\/li>\n<\/ul>\n    <\/div>\n  <\/div>\n<\/div>\n<div class=\"faq__item\" itemprop=\"mainEntity\" itemtype=\"https:\/\/schema.org\/Question\" itemscope>\n  <div class=\"faq__header\" data-toggle=\"collapse\" data-target=\"#collapse-2\" data-text=\"Collapse\">\n    <i class=\"icon icon-pe-arrow-circle\"><\/i>\n    <h2 itemprop=\"name\">K\u0105 veikia &#8222;Petra Energia&#8221;?<\/h2>\n  <\/div>\n  <div class=\"faq__collapse\" id=\"collapse-2\" itemscope itemprop=\"acceptedAnswer\">\n    <div class=\"faq__content\">\n      <p><span style=\"font-weight: 400;\">&#8222;Petra Energia&#8221; specializuojasi saul\u0117s ir hibridini\u0173 \u017eibint\u0173 projektavimo, gamybos, tiekimo, montavimo ir paleidimo srityje.<\/span><\/p>\n    <\/div>\n  <\/div>\n<\/div>\n<div class=\"faq__item\" itemprop=\"mainEntity\" itemtype=\"https:\/\/schema.org\/Question\" itemscope>\n  <div class=\"faq__header\" data-toggle=\"collapse\" data-target=\"#collapse-3\" data-text=\"Collapse\">\n    <i class=\"icon icon-pe-arrow-circle\"><\/i>\n    <h2 itemprop=\"name\">Kokius pagrindinius produktus si\u016blo &#8222;Petra Energia&#8221;?<\/h2>\n  <\/div>\n  <div class=\"faq__collapse\" id=\"collapse-3\" itemscope itemprop=\"acceptedAnswer\">\n    <div class=\"faq__content\">\n      <p><span style=\"font-weight: 400;\">Pagrindiniai bendrov\u0117s produktai yra saul\u0117s \u017eibintai ir hibridiniai \u017eibintai, kurie gali b\u016bti pritaikyti pagal individualius klient\u0173 reikalavimus (poreikius).<\/span><span style=\"font-weight: 400;\">Taip pat kvie\u010diame apsilankyti m\u016bs\u0173 parduotuv\u0117je <\/span><a href=\"http:\/\/www.mojaenergia24.pl\/\"><span style=\"font-weight: 400;\">www.mojaenergia24.pl<\/span><\/a><span style=\"font-weight: 400;\">Mes taip pat tiekiame \u017eibint\u0173 komponentus, pavyzd\u017eiui, baterijas, \u012fkrovimo valdiklius, \u0161viestuvus, fotovoltines plok\u0161tes, v\u0117jo turbinas.<\/span><\/p>\n    <\/div>\n  <\/div>\n<\/div>\n<div class=\"faq__item\" itemprop=\"mainEntity\" itemtype=\"https:\/\/schema.org\/Question\" itemscope>\n  <div class=\"faq__header\" data-toggle=\"collapse\" data-target=\"#collapse-4\" data-text=\"Collapse\">\n    <i class=\"icon icon-pe-arrow-circle\"><\/i>\n    <h2 itemprop=\"name\">Ar &#8222;Petra Energia&#8221; si\u016blo montavimo paslaugas?<\/h2>\n  <\/div>\n  <div class=\"faq__collapse\" id=\"collapse-4\" itemscope itemprop=\"acceptedAnswer\">\n    <div class=\"faq__content\">\n      <p><span style=\"font-weight: 400;\">Taip, \u012fmon\u0117 si\u016blo saul\u0117s lemp\u0173 tiekim\u0105 ir montavim\u0105 visoje <\/span><span style=\"font-weight: 400;\"><span style=\"text-decoration: underline;\">Lenkijoje<\/span>.<\/span><\/p>\n    <\/div>\n  <\/div>\n<\/div>\n<div class=\"faq__item\" itemprop=\"mainEntity\" itemtype=\"https:\/\/schema.org\/Question\" itemscope>\n  <div class=\"faq__header\" data-toggle=\"collapse\" data-target=\"#collapse-5\" data-text=\"Collapse\">\n    <i class=\"icon icon-pe-arrow-circle\"><\/i>\n    <h2 itemprop=\"name\">Kaip susisiekti su &#8222;Petra Energia&#8221;?<\/h2>\n  <\/div>\n  <div class=\"faq__collapse\" id=\"collapse-5\" itemscope itemprop=\"acceptedAnswer\">\n    <div class=\"faq__content\">\n      <p><span style=\"font-weight: 400;\">Su \u012fmone galima susisiekti per:<\/span><\/p>\n<ul>\n<li><span style=\"font-weight: 400;\">El. pa\u0161tas: <\/span><a href=\"mailto:biuro@petraenergia.pl\"><span style=\"font-weight: 400;\">biuro@petraenergia.pl<\/span><\/a><span style=\"font-weight: 400;\"> <\/span><\/li>\n<li><span style=\"font-weight: 400;\">Telefonai: +48 22 721 72 70, +48 882 110 105  <\/span><\/li>\n<\/ul>\n<p>&nbsp;<\/p>\n    <\/div>\n  <\/div>\n<\/div>\n<div class=\"faq__item\" itemprop=\"mainEntity\" itemtype=\"https:\/\/schema.org\/Question\" itemscope>\n  <div class=\"faq__header\" data-toggle=\"collapse\" data-target=\"#collapse-6\" data-text=\"Collapse\">\n    <i class=\"icon icon-pe-arrow-circle\"><\/i>\n    <h2 itemprop=\"name\">Kur yra bendrov\u0117s b\u016bstin\u0117?<\/h2>\n  <\/div>\n  <div class=\"faq__collapse\" id=\"collapse-6\" itemscope itemprop=\"acceptedAnswer\">\n    <div class=\"faq__content\">\n      <p><span style=\"font-weight: 400;\">\u012emon\u0117s registruota buvein\u0117 yra adresu: Ul.<br \/>\nSochaczewska 110, Macierzysz, 05-850 O\u017car\u00f3w Mazowiecki, woj.<br \/>\nMazowieckie, Warszawski zachodni rajonas  <\/span><\/p>\n    <\/div>\n  <\/div>\n<\/div>\n<div class=\"faq__item\" itemprop=\"mainEntity\" itemtype=\"https:\/\/schema.org\/Question\" itemscope>\n  <div class=\"faq__header\" data-toggle=\"collapse\" data-target=\"#collapse-7\" data-text=\"Collapse\">\n    <i class=\"icon icon-pe-arrow-circle\"><\/i>\n    <h2 itemprop=\"name\">Kas yra saul\u0117s \u017eibintas?<\/h2>\n  <\/div>\n  <div class=\"faq__collapse\" id=\"collapse-7\" itemscope itemprop=\"acceptedAnswer\">\n    <div class=\"faq__content\">\n      <p><span style=\"font-weight: 400;\">Saul\u0117s lempa &#8211; tai ap\u0161vietimo prietaisas, kuris naudoja saul\u0117s energij\u0105 LED \u0161viestuvams maitinti skirtoms baterijoms \u012fkrauti, tod\u0117l nereikia jungtis prie elektros tinklo.<\/span><\/p>\n    <\/div>\n  <\/div>\n<\/div>\n<div class=\"faq__item\" itemprop=\"mainEntity\" itemtype=\"https:\/\/schema.org\/Question\" itemscope>\n  <div class=\"faq__header\" data-toggle=\"collapse\" data-target=\"#collapse-8\" data-text=\"Collapse\">\n    <i class=\"icon icon-pe-arrow-circle\"><\/i>\n    <h2 itemprop=\"name\">Kaip veikia saul\u0117s \u017eibintas?<\/h2>\n  <\/div>\n  <div class=\"faq__collapse\" id=\"collapse-8\" itemscope itemprop=\"acceptedAnswer\">\n    <div class=\"faq__content\">\n      <p><span style=\"font-weight: 400;\">Saul\u0117s lempos veikia keisdamos saul\u0117s energij\u0105 \u012f elektr\u0105.<br \/>\nJas sudaro fotovoltin\u0117s plok\u0161t\u0117s, akumuliatoriai, \u012fkrovimo valdikliai ir LED \u0161viestuvai.<br \/>\nSaul\u0117s energij\u0105 sugeria plok\u0161t\u0117s, ji kaupiama akumuliatoriuose ir naudojama LED \u0161viestuvams maitinti.  <\/span><\/p>\n    <\/div>\n  <\/div>\n<\/div>\n<div class=\"faq__item\" itemprop=\"mainEntity\" itemtype=\"https:\/\/schema.org\/Question\" itemscope>\n  <div class=\"faq__header\" data-toggle=\"collapse\" data-target=\"#collapse-9\" data-text=\"Collapse\">\n    <i class=\"icon icon-pe-arrow-circle\"><\/i>\n    <h2 itemprop=\"name\">Kaip veikia hibridin\u0117 lempa?<\/h2>\n  <\/div>\n  <div class=\"faq__collapse\" id=\"collapse-9\" itemscope itemprop=\"acceptedAnswer\">\n    <div class=\"faq__content\">\n      <p><span style=\"font-weight: 400;\">Hibridin\u0117 lempa naudoja saul\u0117s ir v\u0117jo energij\u0105, tod\u0117l u\u017etikrina patikim\u0105 ap\u0161vietim\u0105 net ir esant silpnam saul\u0117s ap\u0161vietimui.<\/span><\/p>\n<p><span style=\"font-weight: 400;\">(Pastaba: hibridini\u0173 \u017eibint\u0173 tr\u016bkumas yra tas, kad turbina skleid\u017eia triuk\u0161m\u0105, kuris gali trukdyti netoli \u0161i\u0173 \u017eibint\u0173 esan\u010di\u0173 nam\u0173 gyventojams)<\/span><\/p>\n    <\/div>\n  <\/div>\n<\/div>\n<div class=\"faq__item\" itemprop=\"mainEntity\" itemtype=\"https:\/\/schema.org\/Question\" itemscope>\n  <div class=\"faq__header\" data-toggle=\"collapse\" data-target=\"#collapse-10\" data-text=\"Collapse\">\n    <i class=\"icon icon-pe-arrow-circle\"><\/i>\n    <h2 itemprop=\"name\">Kuo i\u0161siskiria integruotas \u017eibintas?<\/h2>\n  <\/div>\n  <div class=\"faq__collapse\" id=\"collapse-10\" itemscope itemprop=\"acceptedAnswer\">\n    <div class=\"faq__content\">\n      <p><span style=\"font-weight: 400;\">Visi\u0161kai integruotame \u0161viestuve \u012fmontuota fotovoltin\u0117 plok\u0161t\u0117, li\u010dio jon\u0173 baterija ir \u012fkrovimo valdiklis.<br \/>\nJuose da\u017enai b\u016bna \u012fmontuotas judesio jutiklis.<br \/>\nJie gali b\u016bti naudojami ap\u0161viesti plotus, kuriuose nereikia nuolatinio ap\u0161vietimo.    <\/span><\/p>\n<p><span style=\"font-weight: 400;\">\u0160i\u0173 \u017eibint\u0173 tr\u016bkumas &#8211; daug prastesnis autonomi\u0161kumas, palyginti su tradiciniais saul\u0117s \u017eibintais.<br \/>\n\u017diemos laikotarpiu \u0161ie \u017eibintai prakti\u0161kai neveikia.<br \/>\nPrivalumai &#8211; paprastas montavimas ir nedidel\u0117 kaina.  <\/span><\/p>\n    <\/div>\n  <\/div>\n<\/div>\n<div class=\"faq__item\" itemprop=\"mainEntity\" itemtype=\"https:\/\/schema.org\/Question\" itemscope>\n  <div class=\"faq__header\" data-toggle=\"collapse\" data-target=\"#collapse-11\" data-text=\"Collapse\">\n    <i class=\"icon icon-pe-arrow-circle\"><\/i>\n    <h2 itemprop=\"name\">Kas yra padalytas \u017eibintas<\/h2>\n  <\/div>\n  <div class=\"faq__collapse\" id=\"collapse-11\" itemscope itemprop=\"acceptedAnswer\">\n    <div class=\"faq__content\">\n      <p><span style=\"font-weight: 400;\">Skeltas \u017eibintas yra pusiau integruotas \u017eibintas.<br \/>\nJame li\u010dio jon\u0173 baterija ir \u012fkrovimo valdiklis (kontroleris) integruoti \u012f \u0161viestuv\u0105.<br \/>\nSkirtingai nei visi\u0161kai integruoti \u017eibintai, &#8222;padalytasis&#8221; \u017eibintas turi didesn\u0117s galios fotovoltin\u012f skydel\u012f, kur\u012f galima nukreipti piet\u0173 kryptimi.    <\/span><\/p>\n<p><span style=\"font-weight: 400;\">Padalyti \u017eibintai turi daug didesn\u012f autonomi\u0161kum\u0105 nei integruoti \u017eibintai, gali konkuruoti su tradiciniais \u017eibintais.<\/span><\/p>\n    <\/div>\n  <\/div>\n<\/div>\n<div class=\"faq__item\" itemprop=\"mainEntity\" itemtype=\"https:\/\/schema.org\/Question\" itemscope>\n  <div class=\"faq__header\" data-toggle=\"collapse\" data-target=\"#collapse-12\" data-text=\"Collapse\">\n    <i class=\"icon icon-pe-arrow-circle\"><\/i>\n    <h2 itemprop=\"name\">Kokia atsinaujinan\u010diosios energijos naudojimo nauda?<\/h2>\n  <\/div>\n  <div class=\"faq__collapse\" id=\"collapse-12\" itemscope itemprop=\"acceptedAnswer\">\n    <div class=\"faq__content\">\n      <p><span style=\"font-weight: 400;\">AEI naudojimo nauda &#8211; tai CO<\/span><span style=\"font-weight: 400;\">2<\/span><span style=\"font-weight: 400;\">i\u0161metim\u0105, ma\u017eesn\u012f \u012fprastin\u0117s energijos suvartojim\u0105 ir ma\u017eesnes eksploatacines i\u0161laidas. <\/span><span style=\"font-weight: 400;\">\u012erengiant saul\u0117s ir hibridinius \u017eibintus nereikia brangi\u0173 kabelini\u0173 linij\u0173 ir da\u017enai nereikia atlikti toki\u0173 formalum\u0173 kaip planavimo leidimas.<\/span><\/p>\n    <\/div>\n  <\/div>\n<\/div>\n<div class=\"faq__item\" itemprop=\"mainEntity\" itemtype=\"https:\/\/schema.org\/Question\" itemscope>\n  <div class=\"faq__header\" data-toggle=\"collapse\" data-target=\"#collapse-13\" data-text=\"Collapse\">\n    <i class=\"icon icon-pe-arrow-circle\"><\/i>\n    <h2 itemprop=\"name\">Kaip pateikti u\u017esakym\u0105 saul\u0117s lempoms \u012frengti?<\/h2>\n  <\/div>\n  <div class=\"faq__collapse\" id=\"collapse-13\" itemscope itemprop=\"acceptedAnswer\">\n    <div class=\"faq__content\">\n      <p><span style=\"font-weight: 400;\">Kreipkit\u0117s \u012f mane ra\u0161tu adresu biuro@petraenergia.pl arba telefonu \u012f &#8222;Petra Energia&#8221; pardavim\u0173 skyri\u0173.<br \/>\nNurodykite toki\u0105 informacij\u0105: viet\u0105, \u017eibint\u0173 skai\u010di\u0173 ir charakteristikas (plok\u0161\u010di\u0173 galia, \u0161viestuvo galia ir \u0161viesos srautas, baterij\u0173 talpa), numatom\u0105 u\u017eduoties \u012fvykdymo dat\u0105. <\/span><\/p>\n    <\/div>\n  <\/div>\n<\/div>\n<div class=\"faq__item\" itemprop=\"mainEntity\" itemtype=\"https:\/\/schema.org\/Question\" itemscope>\n  <div class=\"faq__header\" data-toggle=\"collapse\" data-target=\"#collapse-14\" data-text=\"Collapse\">\n    <i class=\"icon icon-pe-arrow-circle\"><\/i>\n    <h2 itemprop=\"name\">Kokios yra saul\u0117s lemp\u0173 \u012frengimo i\u0161laidos?<\/h2>\n  <\/div>\n  <div class=\"faq__collapse\" id=\"collapse-14\" itemscope itemprop=\"acceptedAnswer\">\n    <div class=\"faq__content\">\n      <p><span style=\"font-weight: 400;\">\u012erengimo i\u0161laidos priklauso nuo projekto specifikacij\u0173, lemp\u0173 skai\u010diaus ir \u012frengimo s\u0105lyg\u0173.<\/span><\/p>\n    <\/div>\n  <\/div>\n<\/div>\n<div class=\"faq__item\" itemprop=\"mainEntity\" itemtype=\"https:\/\/schema.org\/Question\" itemscope>\n  <div class=\"faq__header\" data-toggle=\"collapse\" data-target=\"#collapse-15\" data-text=\"Collapse\">\n    <i class=\"icon icon-pe-arrow-circle\"><\/i>\n    <h2 itemprop=\"name\">Ar \u012fmon\u0117 si\u016blo individualiems poreikiams pritaikytus sprendimus?<\/h2>\n  <\/div>\n  <div class=\"faq__collapse\" id=\"collapse-15\" itemscope itemprop=\"acceptedAnswer\">\n    <div class=\"faq__content\">\n      <p><span style=\"font-weight: 400;\">Taip.<br \/>\n&#8222;Petra Energia&#8221; paprastai konfig\u016bruoja lempas pagal individualius klient\u0173 reikalavimus. <\/span><\/p>\n    <\/div>\n  <\/div>\n<\/div>\n<div class=\"faq__item\" itemprop=\"mainEntity\" itemtype=\"https:\/\/schema.org\/Question\" itemscope>\n  <div class=\"faq__header\" data-toggle=\"collapse\" data-target=\"#collapse-16\" data-text=\"Collapse\">\n    <i class=\"icon icon-pe-arrow-circle\"><\/i>\n    <h2 itemprop=\"name\">Ar si\u016blote aptarnavimo ir prie\u017ei\u016bros paslaugas?<\/h2>\n  <\/div>\n  <div class=\"faq__collapse\" id=\"collapse-16\" itemscope itemprop=\"acceptedAnswer\">\n    <div class=\"faq__content\">\n      <p><span style=\"font-weight: 400;\">Taip.<br \/>\nGarantinio ir pogarantinio laikotarpio metu teikiame m\u016bs\u0173 \u012frengini\u0173 aptarnavimo, technin\u0117s prie\u017ei\u016bros ir technin\u0117s pagalbos paslaugas. <\/span><\/p>\n    <\/div>\n  <\/div>\n<\/div>\n<div class=\"faq__item\" itemprop=\"mainEntity\" itemtype=\"https:\/\/schema.org\/Question\" itemscope>\n  <div class=\"faq__header\" data-toggle=\"collapse\" data-target=\"#collapse-17\" data-text=\"Collapse\">\n    <i class=\"icon icon-pe-arrow-circle\"><\/i>\n    <h2 itemprop=\"name\">Kaip vyksta \u017eibint\u0173 montavimo procesas?<\/h2>\n  <\/div>\n  <div class=\"faq__collapse\" id=\"collapse-17\" itemscope itemprop=\"acceptedAnswer\">\n    <div class=\"faq__content\">\n      <p><span style=\"font-weight: 400;\">Paprastai \u017eibint\u0173 \u012frengimo procesas prasideda nuo &#8222;Petra Energia&#8221; specialisto apsilankymo vietoje, dalyvaujant investuotojui.<br \/>\nApsilankymo vietoje metu nustatomos \u017eibint\u0173 \u012frengimo vietos.<br \/>\nKartais prireikia statybos projekto, tokiu atveju reikia imtis veiksm\u0173.  <\/span><\/p>\n<p><span style=\"font-weight: 400;\">Ap\u017ei\u016brint viet\u0105, reik\u0117t\u0173 atkreipti d\u0117mes\u012f \u012f ger\u0105 saul\u0117s spinduliuot\u0119 tose vietose, kuriose bus \u012frengti \u017eibintai, ir \u012f po\u017eeminius tinklus (duj\u0173, vandens, elektros, telekomunikacij\u0173).<\/span><\/p>\n<p><span style=\"font-weight: 400;\">Kai \u017eibint\u0173 vietos patvirtinamos (galb\u016bt statybos projektas baigtas, gauti statybos leidimai), &#8222;Petra Energia&#8221; montavimo komanda pati atlieka montavimo darbus.  <\/span><\/p>\n    <\/div>\n  <\/div>\n<\/div>\n<\/div>\n<p><\/p>\n","protected":false},"excerpt":{"rendered":"","protected":false},"author":1,"featured_media":3775,"parent":0,"menu_order":0,"comment_status":"closed","ping_status":"closed","template":"","meta":{"_acf_changed":false,"footnotes":""},"class_list":["post-3702","page","type-page","status-publish","has-post-thumbnail","hentry"],"acf":[],"aioseo_notices":[],"_links":{"self":[{"href":"https:\/\/petraenergia.pl\/lt\/wp-json\/wp\/v2\/pages\/3702","targetHints":{"allow":["GET"]}}],"collection":[{"href":"https:\/\/petraenergia.pl\/lt\/wp-json\/wp\/v2\/pages"}],"about":[{"href":"https:\/\/petraenergia.pl\/lt\/wp-json\/wp\/v2\/types\/page"}],"author":[{"embeddable":true,"href":"https:\/\/petraenergia.pl\/lt\/wp-json\/wp\/v2\/users\/1"}],"replies":[{"embeddable":true,"href":"https:\/\/petraenergia.pl\/lt\/wp-json\/wp\/v2\/comments?post=3702"}],"version-history":[{"count":2,"href":"https:\/\/petraenergia.pl\/lt\/wp-json\/wp\/v2\/pages\/3702\/revisions"}],"predecessor-version":[{"id":5219,"href":"https:\/\/petraenergia.pl\/lt\/wp-json\/wp\/v2\/pages\/3702\/revisions\/5219"}],"wp:featuredmedia":[{"embeddable":true,"href":"https:\/\/petraenergia.pl\/lt\/wp-json\/wp\/v2\/media\/3775"}],"wp:attachment":[{"href":"https:\/\/petraenergia.pl\/lt\/wp-json\/wp\/v2\/media?parent=3702"}],"curies":[{"name":"wp","href":"https:\/\/api.w.org\/{rel}","templated":true}]}}