{"id":3707,"date":"2024-06-28T01:28:15","date_gmt":"2024-06-27T23:28:15","guid":{"rendered":"https:\/\/petraenergia.pl\/saules-lempa-su-judesio-detektoriumi\/"},"modified":"2024-06-28T01:28:47","modified_gmt":"2024-06-27T23:28:47","slug":"saules-lempa-su-judesio-detektoriumi","status":"publish","type":"page","link":"https:\/\/petraenergia.pl\/lt\/saules-lempa-su-judesio-detektoriumi\/","title":{"rendered":"Saul\u0117s lempa su judesio detektoriumi"},"content":{"rendered":"\n<div class=\"wp-block-columns is-layout-flex wp-container-core-columns-is-layout-9d6595d7 wp-block-columns-is-layout-flex\">\n<div class=\"wp-block-column is-layout-flow wp-block-column-is-layout-flow\">\n<p>Tobul\u0117jan\u010dios technologijos leid\u017eia mums kurti vis \u012fdomesnius ir, svarbiausia, aplinkai draugi\u0161kesnius sprendimus. Ap\u0161vietimas mieste ar nuosavame sode reikalauja mil\u017eini\u0161k\u0173 i\u0161laid\u0173. Ta\u010diau \u0161iomis dienomis turime puik\u0173 sprendim\u0105! Saul\u0117s gatvi\u0173 \u017eibintai su judesio jutikliu gali s\u0117kmingai pakeisti tradicin\u012f elektrin\u012f ap\u0161vietim\u0105.<\/p>\n\n\n\n<h2 class=\"wp-block-heading\">Kas yra saul\u0117s lempos?<\/h2>\n\n\n\n<p><a href=\"https:\/\/petraenergia.pl\/lampy-solarne-parametry-techniczne\/\" title=\"\">Saul\u0117s<\/a> \u017eibintas atrodo beveik kaip klasikinis \u017eibintas, ta\u010diau jame \u012frengtas specialus skydelis, kuris foton\u0173 pavidalu priima saul\u0117s energij\u0105 ir kaupia j\u0105 akumuliatoriuose. Visa tai vyksta dien\u0105, o nakt\u012f procesas vyksta atvirk\u0161\u010diai &#8211; i\u0161gauta energija naudojama ap\u0161vietimo LED skydeliui maitinti.<\/p>\n<\/div>\n\n\n\n<div class=\"wp-block-column is-layout-flow wp-block-column-is-layout-flow\">\n<figure class=\"wp-block-image size-large\"><img decoding=\"async\" width=\"1600\" height=\"900\" src=\"https:\/\/petraenergia.pl\/wp-content\/uploads\/2021\/07\/petraenergia-sztandarowe-realizacje-leczyca-l-028-1600x900.jpg\" alt=\"\" class=\"wp-image-1515\" srcset=\"https:\/\/petraenergia.pl\/wp-content\/uploads\/2021\/07\/petraenergia-sztandarowe-realizacje-leczyca-l-028-1600x900.jpg 1600w, https:\/\/petraenergia.pl\/wp-content\/uploads\/2021\/07\/petraenergia-sztandarowe-realizacje-leczyca-l-028-1024x576.jpg 1024w, https:\/\/petraenergia.pl\/wp-content\/uploads\/2021\/07\/petraenergia-sztandarowe-realizacje-leczyca-l-028-768x432.jpg 768w, https:\/\/petraenergia.pl\/wp-content\/uploads\/2021\/07\/petraenergia-sztandarowe-realizacje-leczyca-l-028-1536x864.jpg 1536w, https:\/\/petraenergia.pl\/wp-content\/uploads\/2021\/07\/petraenergia-sztandarowe-realizacje-leczyca-l-028-2048x1152.jpg 2048w\" sizes=\"(max-width: 1600px) 100vw, 1600px\" \/><\/figure>\n<\/div>\n<\/div>\n\n<div class=\"wp-block-columns is-layout-flex wp-container-core-columns-is-layout-9d6595d7 wp-block-columns-is-layout-flex\">\n<div class=\"wp-block-column is-layout-flow wp-block-column-is-layout-flow\">\n<figure class=\"wp-block-image size-large\"><img decoding=\"async\" width=\"1200\" height=\"1600\" src=\"https:\/\/petraenergia.pl\/wp-content\/uploads\/2021\/07\/petraenergia-chelmno-img-2810-1200x1600.jpeg\" alt=\"\" class=\"wp-image-1478\" srcset=\"https:\/\/petraenergia.pl\/wp-content\/uploads\/2021\/07\/petraenergia-chelmno-img-2810-1200x1600.jpeg 1200w, https:\/\/petraenergia.pl\/wp-content\/uploads\/2021\/07\/petraenergia-chelmno-img-2810-768x1024.jpeg 768w, https:\/\/petraenergia.pl\/wp-content\/uploads\/2021\/07\/petraenergia-chelmno-img-2810-1152x1536.jpeg 1152w, https:\/\/petraenergia.pl\/wp-content\/uploads\/2021\/07\/petraenergia-chelmno-img-2810.jpeg 1536w\" sizes=\"(max-width: 1200px) 100vw, 1200px\" \/><\/figure>\n<\/div>\n\n\n\n<div class=\"wp-block-column is-layout-flow wp-block-column-is-layout-flow\">\n<h2 class=\"wp-block-heading\">Saul\u0117s lempos namams ir sodui &#8211; saul\u0117s lempos su judesio ir sutem\u0173 jutikliais<\/h2>\n\n\n\n<p>Judesio jutiklis yra \u012fdomus saul\u0117s lempos priedas. Tai leid\u017eia sutaupyti dar daugiau saul\u0117s energijos. Kaip tai vyksta? Naudojant judesio jutikl\u012f \u0161viesa \u012fsijungia tik tada, kai tam tikru atstumu ir tam tikroje vietoje u\u017efiksuojamas judesys. Jei n\u0117ra poreikio &#8211; lempa ne\u0161vaistys sukauptos saul\u0117s energijos. Ap\u0161vietimo laik\u0105, \u017einoma, galima reguliuoti. Naudojant tok\u012f papildom\u0105 patobulinim\u0105 kaip judesio jutiklis, saul\u0117s ap\u0161vietimo sistema tampa dar efektyvesn\u0117 ir ekologi\u0161kesn\u0117. Judesio jutiklis ir \u0161viesos diodai yra puikus derinys. Kod\u0117l? Aptikus judes\u012f, lempa i\u0161 karto \u012fjungia 100 % \u0161viesos ry\u0161kum\u0105! Taip yra d\u0117l naudojamos LED technologijos. Labai \u012fdomus sprendimas &#8211; LED ap\u0161vietimo technologijos derinys su judesio ir sutem\u0173 jutikliu vienoje saul\u0117s lempoje. Tokias lempas galima naudoti soduose, parkuose, p\u0117s\u010di\u0173j\u0173 takuose ir daugelyje kit\u0173 viet\u0173, kur jos puikiai veikia, maksimaliai taupydamos energij\u0105, bet ir skleisdamos \u0161vies\u0105, kai jos reikia.<\/p>\n\n\n\n<h2 class=\"wp-block-heading\">Ilgas saul\u0117s lemp\u0173 tarnavimo laikas<\/h2>\n\n\n\n<p><strong>Saul\u0117s lempos<\/strong> veikia visi\u0161kai automatizuotai. K\u0105 tai rei\u0161kia? Kiekvienas \u017eibintas yra atskira sistema, veikianti nepriklausomai nuo kit\u0173 \u017eibint\u0173, kaip, pavyzd\u017eiui, \u012fprastiniai gatv\u0117s \u017eibintai, tarpusavyje sujungti elektros tinklu, be kurio ne\u012fmanoma generuoti \u0161viesos. Saul\u0117s lemp\u0173 ilgaam\u017ei\u0161kumas neabejotinai yra vienas did\u017eiausi\u0173 j\u0173 privalum\u0173. Komponentai, i\u0161 kuri\u0173 pagaminti m\u016bs\u0173 \u0161viestuvai, yra labai auk\u0161tos kokyb\u0117s. Garantuojame ne trumpesn\u012f kaip 5 met\u0173 skland\u0173 veikim\u0105. Naudojama LED skydeli\u0173 technologija pasi\u017eymi ne\u012ftik\u0117tinu ilgaam\u017ei\u0161kumu ir neabejotinai turi prana\u0161um\u0173, palyginti su tradiciniu elektros tinklu, kuris, deja, da\u017enai patiria \u012fvairi\u0173 gedim\u0173.<\/p>\n<\/div>\n<\/div>\n\n<div class=\"wp-block-columns is-layout-flex wp-container-core-columns-is-layout-9d6595d7 wp-block-columns-is-layout-flex\">\n<div class=\"wp-block-column is-layout-flow wp-block-column-is-layout-flow\">\n<h2 class=\"wp-block-heading\">Saul\u0117s lempa su judesio ir sutem\u0173 jutikliu &#8211; privalumai<\/h2>\n\n\n\n<p><strong>Saul\u0117s lempa su judesio ir sutem\u0173 jutikliu<\/strong> yra puikus pasirinkimas! J\u012f \u012frengti sode arba miesto parke yra daug privalum\u0173. \u0160ios kategorijos gaminiai pasi\u017eymi ne\u012ftik\u0117tinai lengvu ir greitu montavimu. Be to, naudojant saul\u0117s lempas galima sutaupyti daug laiko: \u012frengimo laiko, <strong>nereikia mok\u0117ti u\u017e elektr\u0105<\/strong>, o \u012fsigijimo ir naudojimo kaina yra nedidel\u0117. Manau, kad visiems patiks \u0161i klasikini\u0173 elektrini\u0173 ap\u0161vietimo sistem\u0173 alternatyva. Kiti privalumai susij\u0119 su m\u016bs\u0173 saul\u0117s lemp\u0173 patogumu. Kelet\u0105 modeli\u0173 galima valdyti nuotolinio valdymo pultu. D\u0117l to lengva \u012fjungti automatin\u012f re\u017eim\u0105, kai \u017eibintas pats nusprend\u017eia, kok\u012f \u0161viesos sraut\u0105 pasirinkti pagal akumuliatoriaus talp\u0105. Saul\u0117lyd\u017eio jutikliu veikian\u010dios lempos \u012fsijungia i\u0161kart po saul\u0117lyd\u017eio &#8211; tai labai naudinga ir patogu.<\/p>\n\n\n\n<p>Saul\u0117s lempos veikia nepriklausomai nuo elektros tinklo ir yra visi\u0161kai autonomi\u0161kos, o tai yra did\u017eiul\u0117 nauda naudotojams. Saul\u0117s lempos maitinamos i\u0161 \u012fmontuotos baterijos ir didelio na\u0161umo fotovoltin\u0117s plok\u0161t\u0117s, jose \u012frengta valdymo sistema, kuri r\u016bpinasi visu lempos \u012fkrovimo ir ap\u0161vietimo procesu.<\/p>\n\n\n\n<p>M\u016bs\u0173 saul\u0117s lempos yra ne tik puikus ir ekologi\u0161kas \u0161viesos \u0161altinis, bet ir esteti\u0161kas. \u0160viestuvai pagaminti i\u0161 patvari\u0173 ir oro s\u0105lygoms atspari\u0173 med\u017eiag\u0173. \u017dema ir auk\u0161ta temperat\u016bra netrukdo saul\u0117s lempoms veikti. \u0160viestuvuose naudojame didelio na\u0161umo LED modulius, itin didel\u0117s galios <strong>fotovoltinius modulius<\/strong> ir ilgaam\u017eius akumuliatorius.<\/p>\n<\/div>\n\n\n\n<div class=\"wp-block-column is-layout-flow wp-block-column-is-layout-flow\">\n<figure class=\"wp-block-image size-large\"><img decoding=\"async\" width=\"1200\" height=\"1600\" src=\"https:\/\/petraenergia.pl\/wp-content\/uploads\/2021\/07\/petraenergia-chelmno-img-2815-1200x1600.jpeg\" alt=\"\" class=\"wp-image-1486\" srcset=\"https:\/\/petraenergia.pl\/wp-content\/uploads\/2021\/07\/petraenergia-chelmno-img-2815-1200x1600.jpeg 1200w, https:\/\/petraenergia.pl\/wp-content\/uploads\/2021\/07\/petraenergia-chelmno-img-2815-768x1024.jpeg 768w, https:\/\/petraenergia.pl\/wp-content\/uploads\/2021\/07\/petraenergia-chelmno-img-2815-1152x1536.jpeg 1152w, https:\/\/petraenergia.pl\/wp-content\/uploads\/2021\/07\/petraenergia-chelmno-img-2815.jpeg 1536w\" sizes=\"(max-width: 1200px) 100vw, 1200px\" \/><\/figure>\n<\/div>\n<\/div>\n\n<div class=\"wp-block-columns is-layout-flex wp-container-core-columns-is-layout-9d6595d7 wp-block-columns-is-layout-flex\">\n<div class=\"wp-block-column is-layout-flow wp-block-column-is-layout-flow\">\n<figure class=\"wp-block-image size-large\"><img decoding=\"async\" width=\"1600\" height=\"1065\" src=\"https:\/\/petraenergia.pl\/wp-content\/uploads\/2021\/07\/petraenergia-sztandarowe-realizacje-leczyca-l-002-1600x1065.jpg\" alt=\"\" class=\"wp-image-1491\" srcset=\"https:\/\/petraenergia.pl\/wp-content\/uploads\/2021\/07\/petraenergia-sztandarowe-realizacje-leczyca-l-002-1600x1065.jpg 1600w, https:\/\/petraenergia.pl\/wp-content\/uploads\/2021\/07\/petraenergia-sztandarowe-realizacje-leczyca-l-002-1024x681.jpg 1024w, https:\/\/petraenergia.pl\/wp-content\/uploads\/2021\/07\/petraenergia-sztandarowe-realizacje-leczyca-l-002-768x511.jpg 768w, https:\/\/petraenergia.pl\/wp-content\/uploads\/2021\/07\/petraenergia-sztandarowe-realizacje-leczyca-l-002-1536x1022.jpg 1536w, https:\/\/petraenergia.pl\/wp-content\/uploads\/2021\/07\/petraenergia-sztandarowe-realizacje-leczyca-l-002-2048x1363.jpg 2048w\" sizes=\"(max-width: 1600px) 100vw, 1600px\" \/><\/figure>\n<\/div>\n\n\n\n<div class=\"wp-block-column is-layout-flow wp-block-column-is-layout-flow\">\n<h2 class=\"wp-block-heading\">R\u016bpinkim\u0117s aplinka kartu &#8211; rinkit\u0117s m\u016bs\u0173 saul\u0117s lempas<\/h2>\n\n\n\n<p>Saul\u0117s lempos sukurtos atsi\u017evelgiant \u012f aplinkosaug\u0105. M\u016bs\u0173 planeta \u0161aukiasi pagalbos, tod\u0117l atrodo protinga naudoti tai, k\u0105 mums duoda gamta. <strong>Ekologiniai sprendimai, kuriuos<\/strong> galime patobulinti d\u0117l nuolat tobul\u0117jan\u010di\u0173 technologij\u0173, yra netgi naudingi. Drauge galime pagerinti planetos gerov\u0119 naudodami visi\u0161kai ekologi\u0161k\u0105 saul\u0117s ap\u0161vietim\u0105. Naudojame saul\u0117s energij\u0105, kuri yra daug saugesn\u0117 aplinkai nei sistemin\u0117 elektros energija, daugiausia gaminama anglimi k\u016brenamose elektrin\u0117se. Nemanau, kad kam nors reikia priminti apie dabartin\u0119 oro kokyb\u0119. Verta apsvarstyti galimyb\u0119 rinktis saul\u0117s lempas, kurios yra puikus elektrinio ap\u0161vietimo pakaitalas tiek priva\u010diose valdose, tiek vie\u0161ose vietose. Saul\u0117s energijos, paverstos elektros energija, naudojimas turi sav\u0173 privalum\u0173 &#8211; tiek finansini\u0173, tiek sveikatos, tiek aplinkosaugini\u0173.<\/p>\n<\/div>\n<\/div>\n","protected":false},"excerpt":{"rendered":"<p>Tobul\u0117jan\u010dios technologijos leid\u017eia mums kurti vis \u012fdomesnius ir, svarbiausia, aplinkai draugi\u0161kesnius sprendimus. Ap\u0161vietimas&#8230;<\/p>\n","protected":false},"author":1,"featured_media":0,"parent":0,"menu_order":0,"comment_status":"closed","ping_status":"closed","template":"","meta":{"_acf_changed":false,"footnotes":""},"class_list":["post-3707","page","type-page","status-publish","hentry"],"acf":[],"aioseo_notices":[],"_links":{"self":[{"href":"https:\/\/petraenergia.pl\/lt\/wp-json\/wp\/v2\/pages\/3707","targetHints":{"allow":["GET"]}}],"collection":[{"href":"https:\/\/petraenergia.pl\/lt\/wp-json\/wp\/v2\/pages"}],"about":[{"href":"https:\/\/petraenergia.pl\/lt\/wp-json\/wp\/v2\/types\/page"}],"author":[{"embeddable":true,"href":"https:\/\/petraenergia.pl\/lt\/wp-json\/wp\/v2\/users\/1"}],"replies":[{"embeddable":true,"href":"https:\/\/petraenergia.pl\/lt\/wp-json\/wp\/v2\/comments?post=3707"}],"version-history":[{"count":1,"href":"https:\/\/petraenergia.pl\/lt\/wp-json\/wp\/v2\/pages\/3707\/revisions"}],"predecessor-version":[{"id":3708,"href":"https:\/\/petraenergia.pl\/lt\/wp-json\/wp\/v2\/pages\/3707\/revisions\/3708"}],"wp:attachment":[{"href":"https:\/\/petraenergia.pl\/lt\/wp-json\/wp\/v2\/media?parent=3707"}],"curies":[{"name":"wp","href":"https:\/\/api.w.org\/{rel}","templated":true}]}}