{"id":3772,"date":"2024-06-28T01:29:29","date_gmt":"2024-06-27T23:29:29","guid":{"rendered":"https:\/\/petraenergia.pl\/parko-sviestuvas-saules-sviesos-diodu-lempos-kaip-sviesos-saltinis-miesto-parkuose\/"},"modified":"2024-06-28T01:29:57","modified_gmt":"2024-06-27T23:29:57","slug":"parko-sviestuvas-saules-sviesos-diodu-lempos-kaip-sviesos-saltinis-miesto-parkuose","status":"publish","type":"page","link":"https:\/\/petraenergia.pl\/lt\/parko-sviestuvas-saules-sviesos-diodu-lempos-kaip-sviesos-saltinis-miesto-parkuose\/","title":{"rendered":"Parko \u0161viestuvas &#8211; saul\u0117s \u0161viesos diod\u0173 lempos kaip \u0161viesos \u0161altinis miesto parkuose"},"content":{"rendered":"\n<div class=\"wp-block-columns is-layout-flex wp-container-core-columns-is-layout-9d6595d7 wp-block-columns-is-layout-flex\">\n<div class=\"wp-block-column is-layout-flow wp-block-column-is-layout-flow\">\n<p>Miesto parkai &#8211; puiki vieta susitikti su draugais, ideali vieta pasivaik\u0161\u010diojimams, pasiva\u017ein\u0117jimams dvira\u010diais ir i\u0161kyloms \u017ealumos ir gamtos gars\u0173 apsuptyje. Verta pasir\u016bpinti tomis \u017ealiosiomis miest\u0173 dalimis, kuriose \u017emon\u0117s paprastai nori atsipalaiduoti ir pails\u0117ti. Vienas i\u0161 pagrindini\u0173 park\u0173 naudotoj\u0173, \u017einoma, yra vaikai. Vaik\u0173 \u017eaidim\u0173 aik\u0161tel\u0117s, dvira\u010di\u0173 takai, \u017eaidim\u0173 aik\u0161tel\u0117s &#8211; visi \u0161ie park\u0173 elementai pulsuoja gyvybe. Saugumas tokiose zonose yra prioritetas, tod\u0117l raginame naudoti m\u016bs\u0173 visi\u0161kai saugius ir funkcionalius energij\u0105 taupan\u010dius LED parko \u017eibintus.<\/p>\n<\/div>\n\n\n\n<div class=\"wp-block-column is-layout-flow wp-block-column-is-layout-flow\">\n<figure class=\"wp-block-image size-large\"><img decoding=\"async\" width=\"1600\" height=\"900\" src=\"https:\/\/petraenergia.pl\/wp-content\/uploads\/2021\/07\/petraenergia-leczyca-l-029-1600x900.jpg\" alt=\"\" class=\"wp-image-1534\" srcset=\"https:\/\/petraenergia.pl\/wp-content\/uploads\/2021\/07\/petraenergia-leczyca-l-029-1600x900.jpg 1600w, https:\/\/petraenergia.pl\/wp-content\/uploads\/2021\/07\/petraenergia-leczyca-l-029-1024x576.jpg 1024w, https:\/\/petraenergia.pl\/wp-content\/uploads\/2021\/07\/petraenergia-leczyca-l-029-768x432.jpg 768w, https:\/\/petraenergia.pl\/wp-content\/uploads\/2021\/07\/petraenergia-leczyca-l-029-1536x864.jpg 1536w, https:\/\/petraenergia.pl\/wp-content\/uploads\/2021\/07\/petraenergia-leczyca-l-029-2048x1152.jpg 2048w\" sizes=\"(max-width: 1600px) 100vw, 1600px\" \/><\/figure>\n<\/div>\n<\/div>\n\n<div class=\"wp-block-columns is-layout-flex wp-container-core-columns-is-layout-9d6595d7 wp-block-columns-is-layout-flex\">\n<div class=\"wp-block-column is-layout-flow wp-block-column-is-layout-flow\">\n<figure class=\"wp-block-image size-large\"><img decoding=\"async\" width=\"1065\" height=\"1600\" src=\"https:\/\/petraenergia.pl\/wp-content\/uploads\/2021\/07\/petraenergia-sztandarowe-realizacje-leczyca-l-003-1065x1600.jpg\" alt=\"\" class=\"wp-image-1493\" srcset=\"https:\/\/petraenergia.pl\/wp-content\/uploads\/2021\/07\/petraenergia-sztandarowe-realizacje-leczyca-l-003-1065x1600.jpg 1065w, https:\/\/petraenergia.pl\/wp-content\/uploads\/2021\/07\/petraenergia-sztandarowe-realizacje-leczyca-l-003-681x1024.jpg 681w, https:\/\/petraenergia.pl\/wp-content\/uploads\/2021\/07\/petraenergia-sztandarowe-realizacje-leczyca-l-003-768x1154.jpg 768w, https:\/\/petraenergia.pl\/wp-content\/uploads\/2021\/07\/petraenergia-sztandarowe-realizacje-leczyca-l-003-1022x1536.jpg 1022w, https:\/\/petraenergia.pl\/wp-content\/uploads\/2021\/07\/petraenergia-sztandarowe-realizacje-leczyca-l-003-1363x2048.jpg 1363w, https:\/\/petraenergia.pl\/wp-content\/uploads\/2021\/07\/petraenergia-sztandarowe-realizacje-leczyca-l-003-scaled.jpg 1704w\" sizes=\"(max-width: 1065px) 100vw, 1065px\" \/><\/figure>\n<\/div>\n\n\n\n<div class=\"wp-block-column is-layout-flow wp-block-column-is-layout-flow\">\n<h2 class=\"wp-block-heading\">Kod\u0117l verta rinktis saul\u0117s lempas parko ap\u0161vietimui?<\/h2>\n\n\n\n<p><strong>Saul\u0117s \u0161viesos diod\u0173 lempos<\/strong> puikiai tinka kaip pagrindinis ap\u0161vietimo \u0161altinis miesto erdv\u0117je, pavyzd\u017eiui, parke. Avarijos atveju nustoja \u0161viesti tik vienas \u017eibintas, o kiti puikiai veikia, nes jie niekaip n\u0117ra tarpusavyje sujungti, kaip tai b\u016bdinga tradiciniams parko \u017eibintams, maitinamiems sistemine srove. Tai suteikia didesn\u012f saugumo jausm\u0105 miesto parke sutemus. Be to, parko \u017eibintai, kuriuose naudojama LED technologija ir fotovoltiniai elementai, atrodo tikrai esteti\u0161kai. Jie pagaminti i\u0161 auk\u0161tos kokyb\u0117s komponent\u0173, o stulpai &#8211; i\u0161 kar\u0161tai cinkuoto plieno, kuris yra atsparus atmosferos poveikiui. M\u016bs\u0173 <strong>LED parko \u017eibintai<\/strong> pritaikyti lauko ap\u0161vietimui. Tai rei\u0161kia, kad jie lengvai susidoroja su sud\u0117tingiausiomis s\u0105lygomis. Naudojame optimalias saugos priemones, kad saul\u0117s lempos tur\u0117t\u0173 auk\u0161t\u0105 apsaugos klas\u0119 &#8211; bent IP 65 . Tai yra garantija, kad m\u016bs\u0173 parko \u017eibintai gali b\u016bti atspar\u016bs dulk\u0117ms, purvui ar krintan\u010diam lietui. LED \u0161viestuvas gali b\u016bti klasikin\u0117s i\u0161vaizdos, t. y. rutulio formos, pavyzd\u017eiui, <a href=\"https:\/\/mojaenergia24.pl\/petraenergia.sklep.latarnia.solarna.parkowa.S2C1\/12\">S2C1\/12 saul\u0117s parko \u017eibintas<\/a>, arba modernesn\u0117s ir minimalistin\u0117s i\u0161vaizdos, pavyzd\u017eiui, POLA <a href=\"https:\/\/mojaenergia24.pl\/petraenergia.sklep.latarnia.solarna.POLA.DOUBLE\">DOUBLE<\/a> saul\u0117s \u017eibintas ir POLA <a href=\"https:\/\/mojaenergia24.pl\/petraenergia.sklep.latarnia.solarna.POLA\">saul\u0117s \u017eibintas<\/a>. \u0160iuolaikiniai parko \u0161viestuvai yra ne tik \u0161viesos \u0161altinis, bet ir \u012fsp\u016bdinga parko puo\u0161mena.<\/p>\n<\/div>\n<\/div>\n\n<div class=\"wp-block-columns is-layout-flex wp-container-core-columns-is-layout-9d6595d7 wp-block-columns-is-layout-flex\">\n<div class=\"wp-block-column is-layout-flow wp-block-column-is-layout-flow\">\n<h2 class=\"wp-block-heading\">Saul\u0117s parko \u017eibintai &#8211; nauda aplinkai<\/h2>\n\n\n\n<p>Pasirinkti parko lempas, naudojan\u010dias saul\u0117s spinduli\u0173 energij\u0105, yra teisingas sprendimas. Su juo susij\u0119 beveik nieko, i\u0161skyrus naud\u0105.<\/p>\n\n\n\n<p>Pirma, parko \u0161viestuvas yra <strong>ekologi\u0161kas sprendimas<\/strong>. Saul\u0117s lempos veikia naudodamos saul\u0117s spinduli\u0173 energij\u0105. Dien\u0105 fotovoltin\u0117 plok\u0161t\u0117 i\u0161gauna saul\u0117s energij\u0105 ir kaupia j\u0105 efektyviame akumuliatoriuje, kad lempa \u0161viest\u0173 nakt\u012f. Atsinaujinantys energijos \u0161altiniai patys savaime yra pelnas. Mums nereikia mok\u0117ti u\u017e elektr\u0105! M\u016bs\u0173 parko \u017eibintai &#8211; tai paruo\u0161tas sprendimas, kurio nereikia jungti prie elektros tinklo. Naudodami saul\u0117s ap\u0161vietim\u0105 tokiose didel\u0117se erdv\u0117se, kaip parkai, reik\u0161mingai prisidedame prie ekologinio p\u0117dsako gerinimo. Kaip \u017einoma, did\u017ei\u0105j\u0105 dal\u012f elektros energijos gauname eksploatuodami angli\u0173 kasyklas, kurios daro neigiam\u0105 poveik\u012f aplinkai. Laimei, technologijos tobul\u0117ja ir leid\u017eia mums naudoti vis \u012fdomesnius ir draugi\u0161kesnius gamtai sprendimus. Jei norime pagerinti gyvenimo s\u0105lygas planetoje, kuri \u0161aukiasi pagalbos, tur\u0117tume \u017eengti pirm\u0105j\u012f \u017eingsn\u012f ir pasirinkti <strong>saul\u0117s ap\u0161vietim\u0105<\/strong>.<\/p>\n<\/div>\n\n\n\n<div class=\"wp-block-column is-layout-flow wp-block-column-is-layout-flow\">\n<figure class=\"wp-block-image size-large\"><img decoding=\"async\" width=\"1600\" height=\"1065\" src=\"https:\/\/petraenergia.pl\/wp-content\/uploads\/2021\/07\/petraenergia-leczyca-l-026-1600x1065.jpg\" alt=\"\" class=\"wp-image-1530\" srcset=\"https:\/\/petraenergia.pl\/wp-content\/uploads\/2021\/07\/petraenergia-leczyca-l-026-1600x1065.jpg 1600w, https:\/\/petraenergia.pl\/wp-content\/uploads\/2021\/07\/petraenergia-leczyca-l-026-1024x681.jpg 1024w, https:\/\/petraenergia.pl\/wp-content\/uploads\/2021\/07\/petraenergia-leczyca-l-026-768x511.jpg 768w, https:\/\/petraenergia.pl\/wp-content\/uploads\/2021\/07\/petraenergia-leczyca-l-026-1536x1022.jpg 1536w, https:\/\/petraenergia.pl\/wp-content\/uploads\/2021\/07\/petraenergia-leczyca-l-026-2048x1363.jpg 2048w\" sizes=\"(max-width: 1600px) 100vw, 1600px\" \/><\/figure>\n<\/div>\n<\/div>\n\n<div class=\"wp-block-columns is-layout-flex wp-container-core-columns-is-layout-9d6595d7 wp-block-columns-is-layout-flex\">\n<div class=\"wp-block-column is-layout-flow wp-block-column-is-layout-flow\">\n<figure class=\"wp-block-image size-large\"><img decoding=\"async\" width=\"616\" height=\"1600\" src=\"https:\/\/petraenergia.pl\/wp-content\/uploads\/2021\/07\/petraenergia-daszyna-pict01-616x1600.jpg\" alt=\"\" class=\"wp-image-1553\" srcset=\"https:\/\/petraenergia.pl\/wp-content\/uploads\/2021\/07\/petraenergia-daszyna-pict01-616x1600.jpg 616w, https:\/\/petraenergia.pl\/wp-content\/uploads\/2021\/07\/petraenergia-daszyna-pict01-394x1024.jpg 394w, https:\/\/petraenergia.pl\/wp-content\/uploads\/2021\/07\/petraenergia-daszyna-pict01.jpg 699w\" sizes=\"(max-width: 616px) 100vw, 616px\" \/><\/figure>\n<\/div>\n\n\n\n<div class=\"wp-block-column is-layout-flow wp-block-column-is-layout-flow\">\n<h2 class=\"wp-block-heading\">LED parko \u017eibintai &#8211; pelninga ilgalaik\u0117 investicija<\/h2>\n\n\n\n<p>Be abejo, visiems \u012fdomu, <strong>kiek kainuoja saul\u0117s ap\u0161vietimas<\/strong>. I\u0161 pirmo \u017evilgsnio <strong>saul\u0117s parko \u017eibint\u0173 kaina<\/strong> gali atrodyti didel\u0117, ta\u010diau reikia atsi\u017evelgti \u012f tai, kad gaunate visavert\u012f gamin\u012f, kuris jau yra u\u017ebaigtas. Prakti\u0161kai tai vyksta taip: klientas i\u0161 m\u016bs\u0173 u\u017esako gamin\u012f ir gauna paruo\u0161t\u0105 \u017eibint\u0105, paruo\u0161t\u0105 montavimui. Jam nereikia r\u016bpintis elektros tinklo prijungimu ar \u012f\u017eeminimu, nes m\u016bs\u0173 <strong>LED parko \u017eibintams<\/strong> to nereikia. Saul\u0117s parko \u017eibintus \u012frengti labai paprasta. Si\u016blome tik geriausios kokyb\u0117s gaminius. J\u0173 kokyb\u0117, be kita ko, pasirei\u0161kia ilgaam\u017ei\u0161kumu ir na\u0161umu. Stulpai, ant kuri\u0173 montuojamos fotovoltin\u0117s plok\u0161t\u0117s ir LED moduliai, pagaminti i\u0161 cinkuoto plieno. M\u016bs\u0173 naudojami \u0161viesos diod\u0173 moduliai pasi\u017eymi ilgaam\u017ei\u0161kumu, kaip ir fotovoltiniai moduliai (veikia 25 metus!) bei geliniai akumuliatoriai (12 met\u0173).<\/p>\n\n\n\n<p>Investicij\u0173 \u012f saul\u0117s \u0161viesos diod\u0173 \u0161viesos \u0161altinius ekonomi\u0161kumas yra negin\u010dijamas. Mums nereikia mok\u0117ti u\u017e elektr\u0105, kuri kasmet brangsta. Naudojame saul\u0117s energij\u0105, kuri yra visi\u0161kai nemokama. Vienintel\u0117s i\u0161laidos &#8211; tai i\u0161laidos, patirtos tiesiogiai u\u017e \u012fsigyt\u0105 gamin\u012f ir saul\u0117s lemp\u0173 aptarnavimo paslaugas bei galim\u0105 kai kuri\u0173 dali\u0173 keitim\u0105. Gedimo atveju remontas yra labai paprastas, prie\u0161ingai nei sugedus tradicinei \u017eibint\u0173 sistemai, kai paprastai reikia i\u0161samiai patikrinti ir suremontuoti vis\u0105 linij\u0105. Kiekvienas m\u016bs\u0173 \u017eibintas yra autonomin\u0117 sistema.<\/p>\n<\/div>\n<\/div>\n\n<div class=\"wp-block-columns is-layout-flex wp-container-core-columns-is-layout-9d6595d7 wp-block-columns-is-layout-flex\">\n<div class=\"wp-block-column is-layout-flow wp-block-column-is-layout-flow\">\n<h2 class=\"wp-block-heading\">Saul\u0117s parko \u0161viestuvas &#8211; naujovi\u0161kas ap\u0161vietimo b\u016bdas<\/h2>\n\n\n\n<p><strong>\u0160iuolaikiniai parko \u017eibintai<\/strong> nereikalauja dideli\u0173 elektros energijos s\u0105naud\u0173. Juk galime naudoti tai, k\u0105 mums duoda gamta &#8211; saul\u0117s energij\u0105, kuri yra visi\u0161kai nemokama. Saul\u0117s lemp\u0173 \u0161viesos galia tinka tokioms vietoms, kaip parkai, skverai, \u017eaidim\u0173 aik\u0161tel\u0117s ar aik\u0161tel\u0117s, ap\u0161viesti. Jis taip pat gali b\u016bti atsarginis \u017eibintas, naudojamas ap\u0161vietimui, kai sugenda tradiciniai parko \u017eibintai. Si\u016blome \u012fdomi\u0173 saul\u0117s ap\u0161vietimo variant\u0173 u\u017e prieinam\u0105 kain\u0105. Jei turite koki\u0173 nors abejoni\u0173, esame pasireng\u0119 suteikti jums vis\u0105 reikiam\u0105 informacij\u0105. Taip pat pad\u0117sime i\u0161sirinkti tinkam\u0105 gamin\u012f.<\/p>\n<\/div>\n\n\n\n<div class=\"wp-block-column is-layout-flow wp-block-column-is-layout-flow\">\n<figure class=\"wp-block-image size-full\"><img decoding=\"async\" width=\"2560\" height=\"1440\" src=\"https:\/\/petraenergia.pl\/wp-content\/uploads\/2021\/07\/petraenergia-leczyca-l-027-scaled.jpg\" alt=\"\" class=\"wp-image-1532\"\/><\/figure>\n<\/div>\n<\/div>\n","protected":false},"excerpt":{"rendered":"<p>Miesto parkai &#8211; puiki vieta susitikti su draugais, ideali vieta pasivaik\u0161\u010diojimams, pasiva\u017ein\u0117jimams dvira\u010diais&#8230;<\/p>\n","protected":false},"author":1,"featured_media":0,"parent":0,"menu_order":0,"comment_status":"closed","ping_status":"closed","template":"","meta":{"_acf_changed":false,"footnotes":""},"class_list":["post-3772","page","type-page","status-publish","hentry"],"acf":[],"aioseo_notices":[],"_links":{"self":[{"href":"https:\/\/petraenergia.pl\/lt\/wp-json\/wp\/v2\/pages\/3772","targetHints":{"allow":["GET"]}}],"collection":[{"href":"https:\/\/petraenergia.pl\/lt\/wp-json\/wp\/v2\/pages"}],"about":[{"href":"https:\/\/petraenergia.pl\/lt\/wp-json\/wp\/v2\/types\/page"}],"author":[{"embeddable":true,"href":"https:\/\/petraenergia.pl\/lt\/wp-json\/wp\/v2\/users\/1"}],"replies":[{"embeddable":true,"href":"https:\/\/petraenergia.pl\/lt\/wp-json\/wp\/v2\/comments?post=3772"}],"version-history":[{"count":1,"href":"https:\/\/petraenergia.pl\/lt\/wp-json\/wp\/v2\/pages\/3772\/revisions"}],"predecessor-version":[{"id":3773,"href":"https:\/\/petraenergia.pl\/lt\/wp-json\/wp\/v2\/pages\/3772\/revisions\/3773"}],"wp:attachment":[{"href":"https:\/\/petraenergia.pl\/lt\/wp-json\/wp\/v2\/media?parent=3772"}],"curies":[{"name":"wp","href":"https:\/\/api.w.org\/{rel}","templated":true}]}}