{"id":3774,"date":"2024-06-28T01:29:35","date_gmt":"2024-06-27T23:29:35","guid":{"rendered":"https:\/\/petraenergia.pl\/musu-realizacija\/"},"modified":"2024-08-27T17:30:22","modified_gmt":"2024-08-27T15:30:22","slug":"musu-realizacija","status":"publish","type":"page","link":"https:\/\/petraenergia.pl\/lt\/musu-realizacija\/","title":{"rendered":"M\u016bs\u0173 realizacija"},"content":{"rendered":"\n<p>Visoje \u0161alyje \u012fgyvendinome daugyb\u0119 projekt\u0173, \u012fskaitant daugiau kaip 3 000 saul\u0117s lemp\u0173. Toliau pateikiame m\u016bs\u0173 \u012fmon\u0117s \u012fgyvendint\u0173 projekt\u0173 s\u0105ra\u0161\u0105. Nedvejodami kreipkit\u0117s \u012f mus d\u0117l i\u0161samaus pasi\u016blymo.<\/p>\n","protected":false},"excerpt":{"rendered":"<p>Visoje \u0161alyje \u012fgyvendinome daugyb\u0119 projekt\u0173, \u012fskaitant daugiau kaip 3 000 saul\u0117s lemp\u0173. Toliau&#8230;<\/p>\n","protected":false},"author":1,"featured_media":3775,"parent":0,"menu_order":0,"comment_status":"closed","ping_status":"closed","template":"tpl-realizacje.php","meta":{"_acf_changed":false,"footnotes":""},"class_list":["post-3774","page","type-page","status-publish","has-post-thumbnail","hentry"],"acf":[],"aioseo_notices":[],"_links":{"self":[{"href":"https:\/\/petraenergia.pl\/lt\/wp-json\/wp\/v2\/pages\/3774","targetHints":{"allow":["GET"]}}],"collection":[{"href":"https:\/\/petraenergia.pl\/lt\/wp-json\/wp\/v2\/pages"}],"about":[{"href":"https:\/\/petraenergia.pl\/lt\/wp-json\/wp\/v2\/types\/page"}],"author":[{"embeddable":true,"href":"https:\/\/petraenergia.pl\/lt\/wp-json\/wp\/v2\/users\/1"}],"replies":[{"embeddable":true,"href":"https:\/\/petraenergia.pl\/lt\/wp-json\/wp\/v2\/comments?post=3774"}],"version-history":[{"count":2,"href":"https:\/\/petraenergia.pl\/lt\/wp-json\/wp\/v2\/pages\/3774\/revisions"}],"predecessor-version":[{"id":5250,"href":"https:\/\/petraenergia.pl\/lt\/wp-json\/wp\/v2\/pages\/3774\/revisions\/5250"}],"wp:featuredmedia":[{"embeddable":true,"href":"https:\/\/petraenergia.pl\/lt\/wp-json\/wp\/v2\/media\/3775"}],"wp:attachment":[{"href":"https:\/\/petraenergia.pl\/lt\/wp-json\/wp\/v2\/media?parent=3774"}],"curies":[{"name":"wp","href":"https:\/\/api.w.org\/{rel}","templated":true}]}}