{"id":6913,"date":"2026-03-05T01:05:06","date_gmt":"2026-03-05T00:05:06","guid":{"rendered":"https:\/\/petraenergia.pl\/pesciuju-tako-zibintas-saules-saligatvio-zibintas-skirtas-savivaldybiu-ir-privacioms-investicijoms\/"},"modified":"2026-03-05T01:05:21","modified_gmt":"2026-03-05T00:05:21","slug":"pesciuju-tako-zibintas-saules-saligatvio-zibintas-skirtas-savivaldybiu-ir-privacioms-investicijoms","status":"publish","type":"page","link":"https:\/\/petraenergia.pl\/lt\/pesciuju-tako-zibintas-saules-saligatvio-zibintas-skirtas-savivaldybiu-ir-privacioms-investicijoms\/","title":{"rendered":"P\u0117s\u010di\u0173j\u0173 tako \u017eibintas &#8211; saul\u0117s \u0161aligatvio \u017eibintas, skirtas savivaldybi\u0173 ir priva\u010dioms investicijoms"},"content":{"rendered":"\n<div class=\"wp-block-columns is-layout-flex wp-container-core-columns-is-layout-9d6595d7 wp-block-columns-is-layout-flex\">\n<div class=\"wp-block-column is-layout-flow wp-block-column-is-layout-flow\">\n<p>\u0160aligatvi\u0173 \u017eibintai, tiksliau, \u0161aligatvi\u0173 \u017eibintai, yra nuolatin\u0117 tiek kaimo, tiek miesto savivaldybi\u0173 dalis. Ap\u0161vietimas miestuose ir kaimuose atlieka labai svarb\u0173 vaidmen\u012f &#8211; ne tik dekoratyvin\u012f, bet vis\u0173 pirma saugumo. Tod\u0117l \u0161aligatvi\u0173 ir gatvi\u0173 \u017eibintai yra privalomas elementas. Ta\u010diau nedaugelis supranta, kiek darbo kartais reikia \u012fd\u0117ti \u012frengiant \u017eibintus, kuriant projekt\u0105, kur\u012f v\u0117liau turi patvirtinti atitinkamos institucijos, ir kiek gali kainuoti visos investicijos. Svarbu ir tai, kiek \u017eibintai sunaudos energijos. O jei visa tai b\u016bt\u0173 papras\u010diau, pigiau ir, svarbiausia, ekologi\u0161kiau?     <\/p>\n<\/div>\n\n\n\n<div class=\"wp-block-column is-layout-flow wp-block-column-is-layout-flow\">\n<figure class=\"wp-block-image size-large\"><img decoding=\"async\" width=\"1600\" height=\"900\" src=\"https:\/\/petraenergia.pl\/wp-content\/uploads\/2021\/07\/petraenergia-leczyca-l-029-1600x900.jpg\" alt=\"\" class=\"wp-image-1534\" srcset=\"https:\/\/petraenergia.pl\/wp-content\/uploads\/2021\/07\/petraenergia-leczyca-l-029-1600x900.jpg 1600w, https:\/\/petraenergia.pl\/wp-content\/uploads\/2021\/07\/petraenergia-leczyca-l-029-1024x576.jpg 1024w, https:\/\/petraenergia.pl\/wp-content\/uploads\/2021\/07\/petraenergia-leczyca-l-029-768x432.jpg 768w, https:\/\/petraenergia.pl\/wp-content\/uploads\/2021\/07\/petraenergia-leczyca-l-029-1536x864.jpg 1536w, https:\/\/petraenergia.pl\/wp-content\/uploads\/2021\/07\/petraenergia-leczyca-l-029-2048x1152.jpg 2048w\" sizes=\"(max-width: 1600px) 100vw, 1600px\" \/><\/figure>\n<\/div>\n<\/div>\n\n<div class=\"wp-block-columns is-layout-flex wp-container-core-columns-is-layout-9d6595d7 wp-block-columns-is-layout-flex\">\n<div class=\"wp-block-column is-layout-flow wp-block-column-is-layout-flow\">\n<figure class=\"wp-block-image size-large\"><img decoding=\"async\" width=\"1200\" height=\"1600\" src=\"https:\/\/petraenergia.pl\/wp-content\/uploads\/2021\/07\/petraenergia-chelmno-img-2813-1200x1600.jpeg\" alt=\"\" class=\"wp-image-1484\" srcset=\"https:\/\/petraenergia.pl\/wp-content\/uploads\/2021\/07\/petraenergia-chelmno-img-2813-1200x1600.jpeg 1200w, https:\/\/petraenergia.pl\/wp-content\/uploads\/2021\/07\/petraenergia-chelmno-img-2813-768x1024.jpeg 768w, https:\/\/petraenergia.pl\/wp-content\/uploads\/2021\/07\/petraenergia-chelmno-img-2813-1152x1536.jpeg 1152w, https:\/\/petraenergia.pl\/wp-content\/uploads\/2021\/07\/petraenergia-chelmno-img-2813.jpeg 1536w\" sizes=\"(max-width: 1200px) 100vw, 1200px\" \/><\/figure>\n\n\n\n<div style=\"height:77px\" aria-hidden=\"true\" class=\"wp-block-spacer\"><\/div>\n\n\n\n<figure class=\"wp-block-image size-large\"><img decoding=\"async\" width=\"1600\" height=\"900\" src=\"https:\/\/petraenergia.pl\/wp-content\/uploads\/2021\/07\/petraenergia-daszyna-img-20200331-110707729-hdr-1600x900.jpg\" alt=\"\" class=\"wp-image-1545\" srcset=\"https:\/\/petraenergia.pl\/wp-content\/uploads\/2021\/07\/petraenergia-daszyna-img-20200331-110707729-hdr-1600x900.jpg 1600w, https:\/\/petraenergia.pl\/wp-content\/uploads\/2021\/07\/petraenergia-daszyna-img-20200331-110707729-hdr-1024x576.jpg 1024w, https:\/\/petraenergia.pl\/wp-content\/uploads\/2021\/07\/petraenergia-daszyna-img-20200331-110707729-hdr-768x432.jpg 768w, https:\/\/petraenergia.pl\/wp-content\/uploads\/2021\/07\/petraenergia-daszyna-img-20200331-110707729-hdr-1536x864.jpg 1536w, https:\/\/petraenergia.pl\/wp-content\/uploads\/2021\/07\/petraenergia-daszyna-img-20200331-110707729-hdr-2048x1152.jpg 2048w\" sizes=\"(max-width: 1600px) 100vw, 1600px\" \/><\/figure>\n<\/div>\n\n\n\n<div class=\"wp-block-column is-layout-flow wp-block-column-is-layout-flow\">\n<h2 class=\"wp-block-heading\">Saul\u0117s energijos \u0161aligatvi\u0173 ir gatvi\u0173 ap\u0161vietimas, paprastas ir su judesio jutikliu<\/h2>\n\n\n\n<p>Skirtingai nuo tradicini\u0173 \u017eibint\u0173, <strong><a href=\"https:\/\/petraenergia.pl\/lampy-solarne-parametry-techniczne\/\" title=\"\">saul\u0117s \u017eibintai<\/a><\/strong> yra labai patog\u016bs, nes gerokai suma\u017eina ne tik projektavimo, bet ir naudojimo i\u0161laidas, o m\u016bs\u0173 savivaldyb\u0117 tampa daug ekologi\u0161kesn\u0117.<\/p>\n\n\n\n<p>Saul\u0117s arba hibridin\u0117s technologijos \u0161aligatvio \u0161viestuvas, kuriame \u012frengtos saul\u0117s baterijos ir mini v\u0117jo j\u0117gain\u0117, nereikalauja i\u0161samaus projektavimo ir investicij\u0173 plano. Investuotojui nereikia i\u0161kasti pus\u0117s savivaldyb\u0117s keli\u0173 ir \u0161aligatvi\u0173 ir investuoti \u0161imtus t\u016bkstan\u010di\u0173 zlot\u0173 \u012f \u017eibint\u0173 \u012frengim\u0105. Saul\u0117s \u017eibintas yra visi\u0161kai savaranki\u0161kas \u0161viesos \u0161altinis, tinkantis beveik bet kurioje vietoje.  <\/p>\n\n\n\n<p>Tai aplinkai nekenksmingas lauko ap\u0161vietimo tipas, pagr\u012fstas vien tik atsinaujinan\u010di\u0105ja energija. <strong>LED \u0161viestuvas,<\/strong> kuriame \u012frengta tinkama <strong><a href=\"https:\/\/pl.wikipedia.org\/wiki\/Dioda_elektroluminescencyjna\" title=\"\">\u0160viesos diodais<\/a><\/strong> garantuoja situacijai tinkam\u0105 \u0161viesos sraut\u0105 ir \u0161vie\u010dia nepertraukiamai. Ta\u010diau verta apsvarstyti ir variant\u0105 su papildomai naudojamu judesio jutikliu. <\/p>\n\n\n\n<p>Daugelis \u0161aligatvi\u0173 stulp\u0173 be didelio reikalo nuolat \u0161vie\u010dia vis\u0105 nakt\u012f ir sunaudoja nema\u017eai energijos i\u0161 elektros tinklo. Tai nedraugi\u0161ka aplinkai ir beprasmi\u0161ka. K\u0105 daryti, jei to b\u016bt\u0173 galima i\u0161vengti? <strong>Naudojant saul\u0117s \u017eibintus<\/strong> ir hibridinius \u017eibintus bus u\u017etikrinta, kad visa energija b\u016bt\u0173 gaunama i\u0161 nat\u016brali\u0173 \u0161altini\u0173, o judesio jutiklis \u012fjungs \u017eibintus tik tada, kai j\u0173 prireiks, nes bus u\u017efiksuotas jud\u0117jimas.  <\/p>\n\n\n\n<p>Daugelis \u017emoni\u0173 tikriausiai nustebs, kod\u0117l \u017eibintas negali \u0161viesti vis\u0105 laik\u0105, kai turime nemokamos energijos. Prie\u017eastis paprasta &#8211; pati energija gali b\u016bti nemokama, ta\u010diau \u0161vyturio sudedamosios dalys n\u0117ra am\u017einos ir anks\u010diau ar v\u0117liau jas reik\u0117s pakeisti, ypa\u010d akumuliatori\u0173. Ta\u010diau naudodami judesio jutikl\u012f galime daug kart\u0173 prat\u0119sti \u017eibinto tarnavimo laik\u0105, tod\u0117l visa investicija taps dar ekologi\u0161kesn\u0117, o b\u0117gant metams savivaldyb\u0117, miestas, kaimas ar bet kuris privatus investuotojas patirs daug ma\u017eesnes i\u0161laidas!  <\/p>\n<\/div>\n<\/div>\n\n<div class=\"wp-block-columns is-layout-flex wp-container-core-columns-is-layout-9d6595d7 wp-block-columns-is-layout-flex\">\n<div class=\"wp-block-column is-layout-flow wp-block-column-is-layout-flow\">\n<h2 class=\"wp-block-heading\">&#8222;Home&#8221; saul\u0117s nuolatiniai \u0161aligatvio \u017eibintai &#8211; b\u016bdas ap\u0161viesti sod\u0105<\/h2>\n\n\n\n<p><strong>Saul\u0117s \u0161aligatvio \u017eibintai<\/strong> taip pat yra puikus b\u016bdas ap\u0161viesti sod\u0105. Lauko ap\u0161vietimas individualiuose namuose da\u017enai yra dizaino elementas, apie kur\u012f pamir\u0161tame, atidedame j\u012f \u012f pabaig\u0105 arba prisimename apie j\u012f tik tada, kai jo prireikia. Kol sutvarkome sod\u0105 ir i\u0161puosel\u0117jame visus g\u0117lynus, \u0161aligatvius ir vej\u0105, nebelieka joki\u0173 galimybi\u0173 i\u0161tempti sodo ap\u0161vietimo \u012frengimo. Tokiu atveju mus gelbsti saul\u0117s lempos.   <\/p>\n\n\n\n<p>Daugeliui i\u0161 m\u016bs\u0173 saul\u0117s lempos asocijuojasi tik su ma\u017eais saul\u0117s sodo \u017eibintais, kurie skirti skleisti silpn\u0105 \u0161vies\u0105 ir sode sukuria \u012fdomius pus\u0161e\u0161\u0117lius. J\u0173 paskirtis yra dekoratyvin\u0117, o ne praktin\u0117. Kas kita &#8211; stovimos formos saul\u0117s sodo lempos, kurios naudojamos sodui ap\u0161viesti.  <\/p>\n\n\n\n<p>Jie u\u017etikrins saugum\u0105 ir komfort\u0105 ma\u017eiausiomis s\u0105naudomis, be dideli\u0173 darb\u0173, projektavimo ir montavimo maket\u0173. Saul\u0117s lempos yra visi\u0161kai savaranki\u0161kos, o pats darbas baigiasi tinkamu lempos \u012ftvirtinimu \u012f \u017eem\u0119 ar kit\u0105 pagrind\u0105. \u012erengus lemp\u0105 su tinkamu judesio jutikliu, ap\u0161vietimas tampa visi\u0161kai automatinis, ir mums nereikia prisiminti, kad reikia \u012fjungti jungikl\u012f.  <\/p>\n\n\n\n<p><strong>Jutiklin\u0117s lemput\u0117s<\/strong> taip pat puikiai atbaido vagis, kurie greitai netenka \u017eado d\u0117l stipraus \u0161viesos spindulio ir kaimyn\u0173 aki\u0173.<\/p>\n\n\n\n<p>M\u016bs\u0173 \u012fmon\u0117 si\u016blo visk\u0105, ko reikia saul\u0117s lempoms \u012frengti. Turime tinkam\u0173 saul\u0117s ir hibridini\u0173 lemp\u0173 j\u016bs\u0173 sodui ir va\u017eiuojamajai daliai. Be to, galime pad\u0117ti su projektavimu ir suteikti visas montavimo paslaugas. Nedvejodami kreipkit\u0117s \u012f mus!   <\/p>\n<\/div>\n\n\n\n<div class=\"wp-block-column is-layout-flow wp-block-column-is-layout-flow\">\n<figure class=\"wp-block-image size-large\"><img decoding=\"async\" width=\"1065\" height=\"1600\" src=\"https:\/\/petraenergia.pl\/wp-content\/uploads\/2021\/07\/petraenergia-sztandarowe-realizacje-leczyca-l-003-1065x1600.jpg\" alt=\"\" class=\"wp-image-1493\" srcset=\"https:\/\/petraenergia.pl\/wp-content\/uploads\/2021\/07\/petraenergia-sztandarowe-realizacje-leczyca-l-003-1065x1600.jpg 1065w, https:\/\/petraenergia.pl\/wp-content\/uploads\/2021\/07\/petraenergia-sztandarowe-realizacje-leczyca-l-003-681x1024.jpg 681w, https:\/\/petraenergia.pl\/wp-content\/uploads\/2021\/07\/petraenergia-sztandarowe-realizacje-leczyca-l-003-768x1154.jpg 768w, https:\/\/petraenergia.pl\/wp-content\/uploads\/2021\/07\/petraenergia-sztandarowe-realizacje-leczyca-l-003-1022x1536.jpg 1022w, https:\/\/petraenergia.pl\/wp-content\/uploads\/2021\/07\/petraenergia-sztandarowe-realizacje-leczyca-l-003-1363x2048.jpg 1363w, https:\/\/petraenergia.pl\/wp-content\/uploads\/2021\/07\/petraenergia-sztandarowe-realizacje-leczyca-l-003-scaled.jpg 1704w\" sizes=\"(max-width: 1065px) 100vw, 1065px\" \/><\/figure>\n<\/div>\n<\/div>\n","protected":false},"excerpt":{"rendered":"<p>\u0160aligatvi\u0173 \u017eibintai, tiksliau, \u0161aligatvi\u0173 \u017eibintai, yra nuolatin\u0117 tiek kaimo, tiek miesto savivaldybi\u0173 dalis&#8230;.<\/p>\n","protected":false},"author":1,"featured_media":0,"parent":0,"menu_order":0,"comment_status":"closed","ping_status":"closed","template":"","meta":{"_acf_changed":false,"footnotes":""},"class_list":["post-6913","page","type-page","status-publish","hentry"],"acf":[],"aioseo_notices":[],"_links":{"self":[{"href":"https:\/\/petraenergia.pl\/lt\/wp-json\/wp\/v2\/pages\/6913","targetHints":{"allow":["GET"]}}],"collection":[{"href":"https:\/\/petraenergia.pl\/lt\/wp-json\/wp\/v2\/pages"}],"about":[{"href":"https:\/\/petraenergia.pl\/lt\/wp-json\/wp\/v2\/types\/page"}],"author":[{"embeddable":true,"href":"https:\/\/petraenergia.pl\/lt\/wp-json\/wp\/v2\/users\/1"}],"replies":[{"embeddable":true,"href":"https:\/\/petraenergia.pl\/lt\/wp-json\/wp\/v2\/comments?post=6913"}],"version-history":[{"count":1,"href":"https:\/\/petraenergia.pl\/lt\/wp-json\/wp\/v2\/pages\/6913\/revisions"}],"predecessor-version":[{"id":6915,"href":"https:\/\/petraenergia.pl\/lt\/wp-json\/wp\/v2\/pages\/6913\/revisions\/6915"}],"wp:attachment":[{"href":"https:\/\/petraenergia.pl\/lt\/wp-json\/wp\/v2\/media?parent=6913"}],"curies":[{"name":"wp","href":"https:\/\/api.w.org\/{rel}","templated":true}]}}